{"id":742,"date":"2023-03-03T14:40:35","date_gmt":"2023-03-03T13:40:35","guid":{"rendered":"https:\/\/zeco.a34.net\/?page_id=742"},"modified":"2024-09-06T10:00:22","modified_gmt":"2024-09-06T08:00:22","slug":"laefe","status":"publish","type":"page","link":"https:\/\/aefe-zeco.net\/en\/laefe\/","title":{"rendered":"THE AEFE"},"content":{"rendered":"<div class=\"fusion-fullwidth fullwidth-box fusion-builder-row-1 fusion-flex-container has-pattern-background has-mask-background nonhundred-percent-fullwidth non-hundred-percent-height-scrolling\" style=\"--awb-border-radius-top-left:0px;--awb-border-radius-top-right:0px;--awb-border-radius-bottom-right:0px;--awb-border-radius-bottom-left:0px;--awb-flex-wrap:wrap;\" ><div class=\"fusion-builder-row fusion-row fusion-flex-align-items-flex-start fusion-flex-content-wrap\" style=\"max-width:1248px;margin-left: calc(-4% \/ 2 );margin-right: calc(-4% \/ 2 );\"><div class=\"fusion-layout-column fusion_builder_column fusion-builder-column-0 fusion_builder_column_3_4 3_4 fusion-flex-column\" style=\"--awb-bg-size:cover;--awb-width-large:75%;--awb-margin-top-large:0px;--awb-spacing-right-large:2.56%;--awb-margin-bottom-large:20px;--awb-spacing-left-large:2.56%;--awb-width-medium:100%;--awb-order-medium:0;--awb-spacing-right-medium:1.92%;--awb-spacing-left-medium:1.92%;--awb-width-small:100%;--awb-order-small:0;--awb-spacing-right-small:1.92%;--awb-spacing-left-small:1.92%;\"><div class=\"fusion-column-wrapper fusion-column-has-shadow fusion-flex-justify-content-flex-start fusion-content-layout-column\"><div class=\"fusion-text fusion-text-1\"><p><strong>Created in 1990, the Agence pour l'enseignement fran\u00e7ais \u00e0 l'\u00e9tranger (<a href=\"https:\/\/www.aefe.fr\/\">AEFE<\/a>) is a national public establishment under the authority of the Ministry of Europe and Foreign Affairs (MEAE). The main objective of the AEFE, the MEAE's educational operator, is to support, promote and develop a school network that is unique in the world. By the start of the 2023 school year, it will comprise 580 schools in 139 countries, educating French children and children of all nationalities who are destined to become enlightened citizens.<\/strong><\/p>\n<\/div><\/div><\/div><div class=\"fusion-layout-column fusion_builder_column fusion-builder-column-1 fusion_builder_column_1_4 1_4 fusion-flex-column\" style=\"--awb-bg-size:cover;--awb-width-large:25%;--awb-margin-top-large:0px;--awb-spacing-right-large:7.68%;--awb-margin-bottom-large:20px;--awb-spacing-left-large:7.68%;--awb-width-medium:100%;--awb-order-medium:0;--awb-spacing-right-medium:1.92%;--awb-spacing-left-medium:1.92%;--awb-width-small:100%;--awb-order-small:0;--awb-spacing-right-small:1.92%;--awb-spacing-left-small:1.92%;\"><div class=\"fusion-column-wrapper fusion-column-has-shadow fusion-flex-justify-content-flex-start fusion-content-layout-column\"><div class=\"fusion-image-element\" style=\"--awb-caption-title-font-family:var(--h2_typography-font-family);--awb-caption-title-font-weight:var(--h2_typography-font-weight);--awb-caption-title-font-style:var(--h2_typography-font-style);--awb-caption-title-size:var(--h2_typography-font-size);--awb-caption-title-transform:var(--h2_typography-text-transform);--awb-caption-title-line-height:var(--h2_typography-line-height);--awb-caption-title-letter-spacing:var(--h2_typography-letter-spacing);\"><span class=\"fusion-imageframe imageframe-none imageframe-1 hover-type-none\"><a class=\"fusion-no-lightbox\" href=\"https:\/\/www.aefe.fr\/\" target=\"_self\" aria-label=\"AEFE_RF_logo\"><img decoding=\"async\" width=\"2723\" height=\"1247\" src=\"https:\/\/aefe-zeco.net\/wp-content\/uploads\/2023\/03\/AEFE_RF_logo.png\" data-orig-src=\"https:\/\/aefe-zeco.net\/wp-content\/uploads\/2023\/03\/AEFE_RF_logo.png\" alt class=\"lazyload img-responsive wp-image-794\" srcset=\"data:image\/svg+xml,%3Csvg%20xmlns%3D%27http%3A%2F%2Fwww.w3.org%2F2000%2Fsvg%27%20width%3D%272723%27%20height%3D%271247%27%20viewBox%3D%270%200%202723%201247%27%3E%3Crect%20width%3D%272723%27%20height%3D%271247%27%20fill-opacity%3D%220%22%2F%3E%3C%2Fsvg%3E\" data-srcset=\"https:\/\/aefe-zeco.net\/wp-content\/uploads\/2023\/03\/AEFE_RF_logo-200x92.png 200w, https:\/\/aefe-zeco.net\/wp-content\/uploads\/2023\/03\/AEFE_RF_logo-400x183.png 400w, https:\/\/aefe-zeco.net\/wp-content\/uploads\/2023\/03\/AEFE_RF_logo-600x275.png 600w, https:\/\/aefe-zeco.net\/wp-content\/uploads\/2023\/03\/AEFE_RF_logo-800x366.png 800w, https:\/\/aefe-zeco.net\/wp-content\/uploads\/2023\/03\/AEFE_RF_logo-1200x550.png 1200w, https:\/\/aefe-zeco.net\/wp-content\/uploads\/2023\/03\/AEFE_RF_logo.png 2723w\" data-sizes=\"auto\" data-orig-sizes=\"(max-width: 1024px) 100vw, (max-width: 640px) 100vw, 400px\" \/><\/a><\/span><\/div><\/div><\/div><div class=\"fusion-layout-column fusion_builder_column fusion-builder-column-2 fusion_builder_column_1_1 1_1 fusion-flex-column\" style=\"--awb-bg-size:cover;--awb-width-large:100%;--awb-margin-top-large:0px;--awb-spacing-right-large:1.92%;--awb-margin-bottom-large:20px;--awb-spacing-left-large:1.92%;--awb-width-medium:100%;--awb-order-medium:0;--awb-spacing-right-medium:1.92%;--awb-spacing-left-medium:1.92%;--awb-width-small:100%;--awb-order-small:0;--awb-spacing-right-small:1.92%;--awb-spacing-left-small:1.92%;\"><div class=\"fusion-column-wrapper fusion-column-has-shadow fusion-flex-justify-content-flex-start fusion-content-layout-column\"><div class=\"fusion-separator fusion-full-width-sep\" style=\"align-self: center;margin-left: auto;margin-right: auto;width:100%;\"><div class=\"fusion-separator-border sep-single sep-solid\" style=\"--awb-height:20px;--awb-amount:20px;border-color:#e0dede;border-top-width:3px;\"><\/div><\/div><\/div><\/div><div class=\"fusion-layout-column fusion_builder_column fusion-builder-column-3 fusion_builder_column_1_3 1_3 fusion-flex-column\" style=\"--awb-bg-size:cover;--awb-width-large:33.333333333333%;--awb-margin-top-large:0px;--awb-spacing-right-large:5.76%;--awb-margin-bottom-large:20px;--awb-spacing-left-large:5.76%;--awb-width-medium:100%;--awb-order-medium:0;--awb-spacing-right-medium:1.92%;--awb-spacing-left-medium:1.92%;--awb-width-small:100%;--awb-order-small:0;--awb-spacing-right-small:1.92%;--awb-spacing-left-small:1.92%;\"><div class=\"fusion-column-wrapper fusion-column-has-shadow fusion-flex-justify-content-flex-start fusion-content-layout-column\"><div class=\"fusion-image-element\" style=\"--awb-caption-title-font-family:var(--h2_typography-font-family);--awb-caption-title-font-weight:var(--h2_typography-font-weight);--awb-caption-title-font-style:var(--h2_typography-font-style);--awb-caption-title-size:var(--h2_typography-font-size);--awb-caption-title-transform:var(--h2_typography-text-transform);--awb-caption-title-line-height:var(--h2_typography-line-height);--awb-caption-title-letter-spacing:var(--h2_typography-letter-spacing);\"><span class=\"fusion-imageframe imageframe-none imageframe-2 hover-type-none\"><a class=\"fusion-no-lightbox\" href=\"https:\/\/aefe-zeco.net\/wp-content\/uploads\/2024\/02\/2024-02-14-rapport-activite-aefe-2022-2023-compresse.pdf\" target=\"_self\" aria-label=\"Activity reportAEFE20222023\"><img decoding=\"async\" width=\"826\" height=\"1082\" src=\"https:\/\/aefe-zeco.net\/wp-content\/uploads\/2024\/02\/RapportactivitesAEFE20222023.png\" data-orig-src=\"https:\/\/aefe-zeco.net\/wp-content\/uploads\/2024\/02\/RapportactivitesAEFE20222023.png\" alt class=\"lazyload img-responsive wp-image-2184\" srcset=\"data:image\/svg+xml,%3Csvg%20xmlns%3D%27http%3A%2F%2Fwww.w3.org%2F2000%2Fsvg%27%20width%3D%27826%27%20height%3D%271082%27%20viewBox%3D%270%200%20826%201082%27%3E%3Crect%20width%3D%27826%27%20height%3D%271082%27%20fill-opacity%3D%220%22%2F%3E%3C%2Fsvg%3E\" data-srcset=\"https:\/\/aefe-zeco.net\/wp-content\/uploads\/2024\/02\/RapportactivitesAEFE20222023-200x262.png 200w, https:\/\/aefe-zeco.net\/wp-content\/uploads\/2024\/02\/RapportactivitesAEFE20222023-400x524.png 400w, https:\/\/aefe-zeco.net\/wp-content\/uploads\/2024\/02\/RapportactivitesAEFE20222023-600x786.png 600w, https:\/\/aefe-zeco.net\/wp-content\/uploads\/2024\/02\/RapportactivitesAEFE20222023-800x1048.png 800w, https:\/\/aefe-zeco.net\/wp-content\/uploads\/2024\/02\/RapportactivitesAEFE20222023.png 826w\" data-sizes=\"auto\" data-orig-sizes=\"(max-width: 1024px) 100vw, (max-width: 640px) 100vw, 400px\" \/><\/a><\/span><\/div><\/div><\/div><div class=\"fusion-layout-column fusion_builder_column fusion-builder-column-4 fusion_builder_column_2_3 2_3 fusion-flex-column\" style=\"--awb-bg-size:cover;--awb-width-large:66.666666666667%;--awb-margin-top-large:0px;--awb-spacing-right-large:2.88%;--awb-margin-bottom-large:20px;--awb-spacing-left-large:2.88%;--awb-width-medium:100%;--awb-order-medium:0;--awb-spacing-right-medium:1.92%;--awb-spacing-left-medium:1.92%;--awb-width-small:100%;--awb-order-small:0;--awb-spacing-right-small:1.92%;--awb-spacing-left-small:1.92%;\"><div class=\"fusion-column-wrapper fusion-column-has-shadow fusion-flex-justify-content-flex-start fusion-content-layout-column\"><div class=\"fusion-text fusion-text-2\"><h3><strong>Tasks conferred by law<\/strong><\/h3>\n<p>In accordance with the French Education Code (article L452-2), the purpose of the Agence pour l'enseignement fran\u00e7ais \u00e0 l'\u00e9tranger (AEFE) is, taking into account the capacity of the establishments :<\/p>\n<ul>\n<li>To provide public service education for French children living outside France;<\/li>\n<li>To help strengthen cooperative relations between French and foreign education systems for the benefit of French and foreign pupils;<\/li>\n<li>To contribute to the promotion of the French language and culture, in particular by welcoming foreign pupils;<\/li>\n<li>To help the families of French and foreign pupils to meet the costs of nursery, primary, secondary and higher education, while ensuring that school fees remain stable;<\/li>\n<li>To grant scholarships to children of French nationality attending French schools and educational establishments abroad, the list of which is set by joint order of the Minister for Education, the Minister for Foreign Affairs and the Minister for Cooperation;<\/li>\n<li>Ensure compliance with the principles of inclusive schooling for pupils with special educational needs;<\/li>\n<li>To contribute as a matter of priority to the training of staff working or intending to work in French educational establishments abroad, as well as staff working in foreign education systems as part of the educational cooperation mission defined in 2\u00b0, within the framework of training programmes provided, unless there are duly justified exceptions, in the French language or on the subject of French;<\/li>\n<li>To advise promoters of initiatives to set up a French educational establishment on how to carry out their accreditation project;<\/li>\n<li>To examine applications for state guarantees to finance the acquisition, construction and fitting-out of educational premises;<\/li>\n<li>To be a laboratory for educational innovation for the national education system, particularly in the field of language teaching.<\/li>\n<\/ul>\n<\/div><\/div><\/div><div class=\"fusion-layout-column fusion_builder_column fusion-builder-column-5 fusion_builder_column_2_3 2_3 fusion-flex-column\" style=\"--awb-bg-size:cover;--awb-width-large:66.666666666667%;--awb-margin-top-large:0px;--awb-spacing-right-large:2.88%;--awb-margin-bottom-large:20px;--awb-spacing-left-large:2.88%;--awb-width-medium:100%;--awb-order-medium:0;--awb-spacing-right-medium:1.92%;--awb-spacing-left-medium:1.92%;--awb-width-small:100%;--awb-order-small:0;--awb-spacing-right-small:1.92%;--awb-spacing-left-small:1.92%;\"><div class=\"fusion-column-wrapper fusion-column-has-shadow fusion-flex-justify-content-flex-start fusion-content-layout-column\"><div class=\"fusion-text fusion-text-3\"><h3><strong>Steering<\/strong><\/h3>\n<p>The Agency coordinates the French overseas education network (EFE), which is made up of schools\u00a0<strong>approved\u00a0<\/strong>by the French Ministry of Education. It structures this network into sixteen zones where resources are pooled, with a\u00a0<strong>regional training institute (IRF)<\/strong>\u00a0in each zone.<\/p>\n<p>It oversees the use of the human and financial resources provided by the State for the operation of the\u00a0<strong>French educational establishments abroad<\/strong>The aim is to double the number of students enrolled in the French education network abroad between 2018 and 2030.<\/p>\n<p>It recruits, remunerates and supports permanent staff from the French Ministry of Education (around 6,500 people) whom it assigns to the establishments it manages directly (68) or which are associated with it under an agreement (162). It does not assign staff to partner establishments (336), but includes these establishments in the network's operations, mainly through staff training schemes. In fact, the AEFE conducts a\u00a0<strong>ambitious training policy<\/strong>\u00a0for the benefit of all staff throughout the network, in particular staff under local contracts recruited directly by the schools.<\/p>\n<\/div><\/div><\/div><div class=\"fusion-layout-column fusion_builder_column fusion-builder-column-6 fusion_builder_column_1_3 1_3 fusion-flex-column\" style=\"--awb-bg-size:cover;--awb-width-large:33.333333333333%;--awb-margin-top-large:0px;--awb-spacing-right-large:5.76%;--awb-margin-bottom-large:20px;--awb-spacing-left-large:5.76%;--awb-width-medium:100%;--awb-order-medium:0;--awb-spacing-right-medium:1.92%;--awb-spacing-left-medium:1.92%;--awb-width-small:100%;--awb-order-small:0;--awb-spacing-right-small:1.92%;--awb-spacing-left-small:1.92%;\"><div class=\"fusion-column-wrapper fusion-column-has-shadow fusion-flex-justify-content-flex-start fusion-content-layout-column\"><div class=\"fusion-image-element\" style=\"--awb-caption-title-font-family:var(--h2_typography-font-family);--awb-caption-title-font-weight:var(--h2_typography-font-weight);--awb-caption-title-font-style:var(--h2_typography-font-style);--awb-caption-title-size:var(--h2_typography-font-size);--awb-caption-title-transform:var(--h2_typography-text-transform);--awb-caption-title-line-height:var(--h2_typography-line-height);--awb-caption-title-letter-spacing:var(--h2_typography-letter-spacing);\"><span class=\"fusion-imageframe imageframe-none imageframe-3 hover-type-none\"><a class=\"fusion-no-lightbox\" href=\"https:\/\/aefe-zeco.net\/wp-content\/uploads\/2024\/02\/plaquette-EFE-2024-web-compresse.pdf\" target=\"_self\" aria-label=\"brochure-EFE-2024\"><img decoding=\"async\" width=\"582\" height=\"827\" src=\"https:\/\/aefe-zeco.net\/wp-content\/uploads\/2024\/02\/plaquette-EFE-2024.png\" data-orig-src=\"https:\/\/aefe-zeco.net\/wp-content\/uploads\/2024\/02\/plaquette-EFE-2024.png\" alt class=\"lazyload img-responsive wp-image-2188\" srcset=\"data:image\/svg+xml,%3Csvg%20xmlns%3D%27http%3A%2F%2Fwww.w3.org%2F2000%2Fsvg%27%20width%3D%27582%27%20height%3D%27827%27%20viewBox%3D%270%200%20582%20827%27%3E%3Crect%20width%3D%27582%27%20height%3D%27827%27%20fill-opacity%3D%220%22%2F%3E%3C%2Fsvg%3E\" data-srcset=\"https:\/\/aefe-zeco.net\/wp-content\/uploads\/2024\/02\/plaquette-EFE-2024-200x284.png 200w, https:\/\/aefe-zeco.net\/wp-content\/uploads\/2024\/02\/plaquette-EFE-2024-400x568.png 400w, https:\/\/aefe-zeco.net\/wp-content\/uploads\/2024\/02\/plaquette-EFE-2024.png 582w\" data-sizes=\"auto\" data-orig-sizes=\"(max-width: 1024px) 100vw, (max-width: 640px) 100vw, 400px\" \/><\/a><\/span><\/div><\/div><\/div><div class=\"fusion-layout-column fusion_builder_column fusion-builder-column-7 fusion_builder_column_1_1 1_1 fusion-flex-column\" style=\"--awb-bg-size:cover;--awb-width-large:100%;--awb-margin-top-large:0px;--awb-spacing-right-large:1.92%;--awb-margin-bottom-large:20px;--awb-spacing-left-large:1.92%;--awb-width-medium:100%;--awb-order-medium:0;--awb-spacing-right-medium:1.92%;--awb-spacing-left-medium:1.92%;--awb-width-small:100%;--awb-order-small:0;--awb-spacing-right-small:1.92%;--awb-spacing-left-small:1.92%;\"><div class=\"fusion-column-wrapper fusion-column-has-shadow fusion-flex-justify-content-flex-start fusion-content-layout-column\"><div class=\"fusion-text fusion-text-4\"><p>It implements a teaching policy for the schools in the network that combines respect for the curricula in force in France and the values underpinning the French education system, multilingual education and openness to the language and culture of the host country. It develops common systems, based on humanist and inclusive principles, which reinforce the strengths of French education in an international context.<\/p>\n<h3><strong><br \/>\nSupport<\/strong><\/h3>\n<p>The Agency proposes unifying projects and events to schools in the network. It relays and supports educational projects initiated by these schools. It allocates resources to the pooling zones, enabling the schools to receive operating, investment, equipment and teaching support grants. It provides French families with\u00a0<strong>help with schooling\u00a0<\/strong>in the form of school grants. It grants\u00a0<strong>Excellence-Major scholarships<\/strong>\u00a0to the brightest foreign students wishing to pursue higher education in France.<\/p>\n<p>Established in 138 countries, the network of 567 schools coordinated by the AEFE is an undeniable asset for French companies operating internationally and for developing France's appeal.<br \/>\nBy developing and strengthening educational diplomacy, the network of French educational establishments abroad supports French cultural and economic diplomacy.<\/p>\n<h3><strong><br \/>\nCouncil<\/strong><\/h3>\n<p>The Agency provides engineering services in the fields of education, school and career guidance, real estate, human resources, management and governance, security and communication. It can provide\u00a0<strong>providing expertise to project developers<\/strong> who want to develop teaching in line with the French educational model.<\/p>\n<\/div><\/div><\/div><\/div><\/div>","protected":false},"excerpt":{"rendered":"","protected":false},"author":1,"featured_media":0,"parent":0,"menu_order":3,"comment_status":"closed","ping_status":"closed","template":"","meta":{"footnotes":""},"class_list":["post-742","page","type-page","status-publish","hentry"],"_links":{"self":[{"href":"https:\/\/aefe-zeco.net\/en\/wp-json\/wp\/v2\/pages\/742","targetHints":{"allow":["GET"]}}],"collection":[{"href":"https:\/\/aefe-zeco.net\/en\/wp-json\/wp\/v2\/pages"}],"about":[{"href":"https:\/\/aefe-zeco.net\/en\/wp-json\/wp\/v2\/types\/page"}],"author":[{"embeddable":true,"href":"https:\/\/aefe-zeco.net\/en\/wp-json\/wp\/v2\/users\/1"}],"replies":[{"embeddable":true,"href":"https:\/\/aefe-zeco.net\/en\/wp-json\/wp\/v2\/comments?post=742"}],"version-history":[{"count":25,"href":"https:\/\/aefe-zeco.net\/en\/wp-json\/wp\/v2\/pages\/742\/revisions"}],"predecessor-version":[{"id":3125,"href":"https:\/\/aefe-zeco.net\/en\/wp-json\/wp\/v2\/pages\/742\/revisions\/3125"}],"wp:attachment":[{"href":"https:\/\/aefe-zeco.net\/en\/wp-json\/wp\/v2\/media?parent=742"}],"curies":[{"name":"wp","href":"https:\/\/api.w.org\/{rel}","templated":true}]}}