{"id":3792,"date":"2025-01-09T09:07:18","date_gmt":"2025-01-09T08:07:18","guid":{"rendered":"https:\/\/aefe-zeco.net\/?page_id=3792"},"modified":"2025-03-20T09:12:04","modified_gmt":"2025-03-20T08:12:04","slug":"dynamiser-lenseignement-de-la-chimie-du-college-au-lycee","status":"publish","type":"page","link":"https:\/\/aefe-zeco.net\/en\/les-formations-passees\/dynamiser-lenseignement-de-la-chimie-du-college-au-lycee\/","title":{"rendered":"Boosting chemistry teaching from lower to upper secondary school"},"content":{"rendered":"<p><div class=\"fusion-fullwidth fullwidth-box fusion-builder-row-1 fusion-flex-container has-pattern-background has-mask-background nonhundred-percent-fullwidth non-hundred-percent-height-scrolling\" style=\"--awb-border-radius-top-left:0px;--awb-border-radius-top-right:0px;--awb-border-radius-bottom-right:0px;--awb-border-radius-bottom-left:0px;--awb-flex-wrap:wrap;\" ><div class=\"fusion-builder-row fusion-row fusion-flex-align-items-flex-start fusion-flex-content-wrap\" style=\"max-width:1248px;margin-left: calc(-4% \/ 2 );margin-right: calc(-4% \/ 2 );\"><div class=\"fusion-layout-column fusion_builder_column fusion-builder-column-0 fusion_builder_column_1_1 1_1 fusion-flex-column\" style=\"--awb-bg-size:cover;--awb-width-large:100%;--awb-margin-top-large:0px;--awb-spacing-right-large:1.92%;--awb-margin-bottom-large:20px;--awb-spacing-left-large:1.92%;--awb-width-medium:100%;--awb-order-medium:0;--awb-spacing-right-medium:1.92%;--awb-spacing-left-medium:1.92%;--awb-width-small:100%;--awb-order-small:0;--awb-spacing-right-small:1.92%;--awb-spacing-left-small:1.92%;\"><div class=\"fusion-column-wrapper fusion-column-has-shadow fusion-flex-justify-content-flex-start fusion-content-layout-column\"><div class=\"fusion-text fusion-text-1\"><p><strong><span style=\"color: #b70e7f;\">Boosting chemistry teaching from lower to upper secondary school<\/span><br \/>\n<\/strong><span style=\"color: #b70e7f;\"><strong>(46 p<span style=\"color: #b70e7f;\">a<\/span>rticipants)<\/strong><\/span><\/p>\n<\/div><div class=\"fusion-separator fusion-full-width-sep\" style=\"align-self: center;margin-left: auto;margin-right: auto;width:100%;\"><div class=\"fusion-separator-border sep-single sep-solid\" style=\"--awb-height:20px;--awb-amount:20px;border-color:#e0dede;border-top-width:3px;\"><\/div><\/div><\/div><\/div><\/div><\/div><div class=\"fusion-fullwidth fullwidth-box fusion-builder-row-2 fusion-flex-container has-pattern-background has-mask-background nonhundred-percent-fullwidth non-hundred-percent-height-scrolling\" style=\"--awb-border-radius-top-left:0px;--awb-border-radius-top-right:0px;--awb-border-radius-bottom-right:0px;--awb-border-radius-bottom-left:0px;--awb-flex-wrap:wrap;\" ><div class=\"fusion-builder-row fusion-row fusion-flex-align-items-flex-start fusion-flex-content-wrap\" style=\"max-width:1248px;margin-left: calc(-4% \/ 2 );margin-right: calc(-4% \/ 2 );\"><div class=\"fusion-layout-column fusion_builder_column fusion-builder-column-1 fusion_builder_column_2_3 2_3 fusion-flex-column\" style=\"--awb-bg-size:cover;--awb-width-large:66.666666666667%;--awb-margin-top-large:0px;--awb-spacing-right-large:2.88%;--awb-margin-bottom-large:20px;--awb-spacing-left-large:2.88%;--awb-width-medium:100%;--awb-order-medium:0;--awb-spacing-right-medium:1.92%;--awb-spacing-left-medium:1.92%;--awb-width-small:100%;--awb-order-small:0;--awb-spacing-right-small:1.92%;--awb-spacing-left-small:1.92%;\"><div class=\"fusion-column-wrapper fusion-column-has-shadow fusion-flex-justify-content-flex-start fusion-content-layout-column\"><div class=\"fusion-text fusion-text-2\"><p style=\"text-align: left;\"><strong>Location<br \/>\n<\/strong><span style=\"color: #b70d7f;\"><strong>Lyc\u00e9e Fran\u00e7ais Jean Renoir<\/strong><\/span><br \/>\nSendling Campus<br \/>\nBerlepschstra\u00dfe 3<br \/>\n81373 Munich<br \/>\n<span style=\"color: #b70d7f;\"><strong><a style=\"color: #b70d7f;\" href=\"https:\/\/www.lycee-jean-renoir.de\/\">www.lycee-jean-renoir.de<\/a><\/strong><\/span><\/p>\n<p><strong>Contact<br \/>\n<\/strong>Ms Catherine Dehnel<\/p>\n<p><strong>Dates<br \/>\n<\/strong>From Monday 17 March at 9am to Wednesday 19 March 2025 at 3pm<\/p>\n<p><strong>Trainers<br \/>\nMs Marie-Anne Dejoan <\/strong>EF2D Physique-Chimie Lyc\u00e9e Fran\u00e7ais Prins Henrik de Copenhague ZENOS<strong><br \/>\nMr Thibaut Monnet <\/strong>EF2D Physique-Chimie Lyc\u00e9e Fran\u00e7ais Jean Renoir de Munich ZECO<br \/>\n<strong>Mr Serge Paupy <\/strong>EF2D Physics-Chemistry Lyc\u00e9e Fran\u00e7ais de Madrid ZEI<br \/>\n<strong>Ms Ludivine Reyes<\/strong> EF2D Physique-Chimie Lyc\u00e9e franco-hell\u00e9nique Eug\u00e8ne Delacroix d'Ath\u00e8nes ZESE<\/p>\n<p><strong>Speakers\u00a0<\/strong><br \/>\n<strong>Jean-Pierre Avril<\/strong> IA-IPR Physics-Chemistry AEFE<br \/>\n<strong>Mr Jean-Yves Winum<\/strong> Professor of Chemistry - Deputy Director of the Faculty of Science, University of Montpellier<br \/>\n<strong>Sophie Canac<\/strong> MCF in Education Sciences, specialising in chemistry didactics Universit\u00e9 Paris-Est Cr\u00e9teil<\/p>\n<\/div><\/div><\/div><div class=\"fusion-layout-column fusion_builder_column fusion-builder-column-2 fusion_builder_column_1_3 1_3 fusion-flex-column\" style=\"--awb-bg-size:cover;--awb-width-large:33.333333333333%;--awb-margin-top-large:0px;--awb-spacing-right-large:5.76%;--awb-margin-bottom-large:20px;--awb-spacing-left-large:5.76%;--awb-width-medium:100%;--awb-order-medium:0;--awb-spacing-right-medium:1.92%;--awb-spacing-left-medium:1.92%;--awb-width-small:100%;--awb-order-small:0;--awb-spacing-right-small:1.92%;--awb-spacing-left-small:1.92%;\"><div class=\"fusion-column-wrapper fusion-column-has-shadow fusion-flex-justify-content-flex-start fusion-content-layout-column\"><div class=\"fusion-image-element\" style=\"--awb-caption-title-font-family:var(--h2_typography-font-family);--awb-caption-title-font-weight:var(--h2_typography-font-weight);--awb-caption-title-font-style:var(--h2_typography-font-style);--awb-caption-title-size:var(--h2_typography-font-size);--awb-caption-title-transform:var(--h2_typography-text-transform);--awb-caption-title-line-height:var(--h2_typography-line-height);--awb-caption-title-letter-spacing:var(--h2_typography-letter-spacing);\"><span class=\"fusion-imageframe imageframe-none imageframe-1 hover-type-none\"><img decoding=\"async\" width=\"600\" height=\"400\" title=\"Munich website logo\" src=\"https:\/\/aefe-zeco.net\/wp-content\/uploads\/2023\/02\/Logo-Munich-site-internet.png\" data-orig-src=\"https:\/\/aefe-zeco.net\/wp-content\/uploads\/2023\/02\/Logo-Munich-site-internet.png\" alt class=\"lazyload img-responsive wp-image-452\" srcset=\"data:image\/svg+xml,%3Csvg%20xmlns%3D%27http%3A%2F%2Fwww.w3.org%2F2000%2Fsvg%27%20width%3D%27600%27%20height%3D%27400%27%20viewBox%3D%270%200%20600%20400%27%3E%3Crect%20width%3D%27600%27%20height%3D%27400%27%20fill-opacity%3D%220%22%2F%3E%3C%2Fsvg%3E\" data-srcset=\"https:\/\/aefe-zeco.net\/wp-content\/uploads\/2023\/02\/Logo-Munich-site-internet-200x133.png 200w, https:\/\/aefe-zeco.net\/wp-content\/uploads\/2023\/02\/Logo-Munich-site-internet-400x267.png 400w, https:\/\/aefe-zeco.net\/wp-content\/uploads\/2023\/02\/Logo-Munich-site-internet.png 600w\" data-sizes=\"auto\" data-orig-sizes=\"(max-width: 1024px) 100vw, (max-width: 640px) 100vw, 400px\" \/><\/span><\/div><\/div><\/div><\/div><\/div><\/p>","protected":false},"excerpt":{"rendered":"","protected":false},"author":1,"featured_media":0,"parent":1132,"menu_order":48,"comment_status":"closed","ping_status":"closed","template":"","meta":{"footnotes":""},"class_list":["post-3792","page","type-page","status-publish","hentry"],"_links":{"self":[{"href":"https:\/\/aefe-zeco.net\/en\/wp-json\/wp\/v2\/pages\/3792","targetHints":{"allow":["GET"]}}],"collection":[{"href":"https:\/\/aefe-zeco.net\/en\/wp-json\/wp\/v2\/pages"}],"about":[{"href":"https:\/\/aefe-zeco.net\/en\/wp-json\/wp\/v2\/types\/page"}],"author":[{"embeddable":true,"href":"https:\/\/aefe-zeco.net\/en\/wp-json\/wp\/v2\/users\/1"}],"replies":[{"embeddable":true,"href":"https:\/\/aefe-zeco.net\/en\/wp-json\/wp\/v2\/comments?post=3792"}],"version-history":[{"count":2,"href":"https:\/\/aefe-zeco.net\/en\/wp-json\/wp\/v2\/pages\/3792\/revisions"}],"predecessor-version":[{"id":3854,"href":"https:\/\/aefe-zeco.net\/en\/wp-json\/wp\/v2\/pages\/3792\/revisions\/3854"}],"up":[{"embeddable":true,"href":"https:\/\/aefe-zeco.net\/en\/wp-json\/wp\/v2\/pages\/1132"}],"wp:attachment":[{"href":"https:\/\/aefe-zeco.net\/en\/wp-json\/wp\/v2\/media?parent=3792"}],"curies":[{"name":"wp","href":"https:\/\/api.w.org\/{rel}","templated":true}]}}