{"id":3347,"date":"2024-10-18T14:39:16","date_gmt":"2024-10-18T12:39:16","guid":{"rendered":"https:\/\/aefe-zeco.net\/?page_id=3347"},"modified":"2025-06-10T15:39:49","modified_gmt":"2025-06-10T13:39:49","slug":"la-semaine-de-la-maternelle-2025","status":"publish","type":"page","link":"https:\/\/aefe-zeco.net\/en\/la-semaine-de-la-maternelle-2025\/","title":{"rendered":"Kindergarten Week 2024-2025"},"content":{"rendered":"<div class=\"fusion-fullwidth fullwidth-box fusion-builder-row-1 fusion-flex-container has-pattern-background has-mask-background nonhundred-percent-fullwidth non-hundred-percent-height-scrolling\" style=\"--awb-border-radius-top-left:0px;--awb-border-radius-top-right:0px;--awb-border-radius-bottom-right:0px;--awb-border-radius-bottom-left:0px;--awb-flex-wrap:wrap;\" ><div class=\"fusion-builder-row fusion-row fusion-flex-align-items-flex-start fusion-flex-content-wrap\" style=\"max-width:1248px;margin-left: calc(-4% \/ 2 );margin-right: calc(-4% \/ 2 );\"><div class=\"fusion-layout-column fusion_builder_column fusion-builder-column-0 fusion_builder_column_1_1 1_1 fusion-flex-column\" style=\"--awb-bg-size:cover;--awb-width-large:100%;--awb-margin-top-large:0px;--awb-spacing-right-large:1.92%;--awb-margin-bottom-large:20px;--awb-spacing-left-large:1.92%;--awb-width-medium:100%;--awb-order-medium:0;--awb-spacing-right-medium:1.92%;--awb-spacing-left-medium:1.92%;--awb-width-small:100%;--awb-order-small:0;--awb-spacing-right-small:1.92%;--awb-spacing-left-small:1.92%;\"><div class=\"fusion-column-wrapper fusion-column-has-shadow fusion-flex-justify-content-flex-start fusion-content-layout-column\"><div class=\"fusion-text fusion-text-1\"><p><span style=\"color: #b70e7f;\"><strong>Kindergarten Week is an event organised in the AEFE's Central and Eastern Europe Zone from 24 to 28 March 2025.<br \/>\nFor a whole week, this second edition will be showcasing all the projects designed by and for kindergartens in the Central and Eastern Europe Zone.<br \/>\n<\/strong><\/span><\/p>\n<\/div><div class=\"fusion-separator fusion-full-width-sep\" style=\"align-self: center;margin-left: auto;margin-right: auto;margin-top:20px;margin-bottom:20px;width:100%;\"><div class=\"fusion-separator-border sep-single sep-solid\" style=\"--awb-height:20px;--awb-amount:20px;border-color:#e0dede;border-top-width:3px;\"><\/div><\/div><\/div><\/div><div class=\"fusion-layout-column fusion_builder_column fusion-builder-column-1 fusion_builder_column_1_1 1_1 fusion-flex-column\" style=\"--awb-bg-size:cover;--awb-width-large:100%;--awb-margin-top-large:0px;--awb-spacing-right-large:1.92%;--awb-margin-bottom-large:20px;--awb-spacing-left-large:1.92%;--awb-width-medium:100%;--awb-order-medium:0;--awb-spacing-right-medium:1.92%;--awb-spacing-left-medium:1.92%;--awb-width-small:100%;--awb-order-small:0;--awb-spacing-right-small:1.92%;--awb-spacing-left-small:1.92%;\"><div class=\"fusion-column-wrapper fusion-column-has-shadow fusion-flex-justify-content-flex-start fusion-content-layout-column\"><div class=\"fusion-text fusion-text-2\"><p>Upstream of\u00a0<strong>Kindergarten Week<\/strong>A poster competition was organised to illustrate the event.<br \/>\nThe productions had to relate to nursery school (<a href=\"https:\/\/aefe-zeco.net\/wp-content\/uploads\/2024\/10\/Reglement-Concours-Affiches-Semaine-de-la-maternelle-2025.pdf\"><strong>rules of procedure)<\/strong><\/a>.<\/p>\n<p>The posters had to refer to the following theme:<br \/>\n<strong>Move-manipulate-create in French nursery schools<\/strong><\/p>\n<p>Voting took place online via the PollUnit platform of the <strong>3 to 17 February 2025.<\/strong><\/p>\n<p>This is the<span style=\"color: #5496cc;\"><strong>\u00c9cole fran\u00e7aise de Hambourg - Antoine de Saint-Exup\u00e9ry <\/strong><\/span>which won first prize, and its poster now illustrates the <strong>Kindergarten Week<\/strong>.<\/p>\n<p><img decoding=\"async\" class=\"lazyload wp-image-4006 aligncenter\" src=\"https:\/\/aefe-zeco.net\/wp-content\/uploads\/2025\/02\/La-Semaine-de-la-Maternelle-en-ZECO.png\" data-orig-src=\"https:\/\/aefe-zeco.net\/wp-content\/uploads\/2025\/02\/La-Semaine-de-la-Maternelle-en-ZECO.png\" alt=\"\" width=\"650\" height=\"460\" srcset=\"data:image\/svg+xml,%3Csvg%20xmlns%3D%27http%3A%2F%2Fwww.w3.org%2F2000%2Fsvg%27%20width%3D%27650%27%20height%3D%27460%27%20viewBox%3D%270%200%20650%20460%27%3E%3Crect%20width%3D%27650%27%20height%3D%27460%27%20fill-opacity%3D%220%22%2F%3E%3C%2Fsvg%3E\" data-srcset=\"https:\/\/aefe-zeco.net\/wp-content\/uploads\/2025\/02\/La-Semaine-de-la-Maternelle-en-ZECO-18x12.png 18w, https:\/\/aefe-zeco.net\/wp-content\/uploads\/2025\/02\/La-Semaine-de-la-Maternelle-en-ZECO-200x141.png 200w, https:\/\/aefe-zeco.net\/wp-content\/uploads\/2025\/02\/La-Semaine-de-la-Maternelle-en-ZECO-300x212.png 300w, https:\/\/aefe-zeco.net\/wp-content\/uploads\/2025\/02\/La-Semaine-de-la-Maternelle-en-ZECO-400x283.png 400w, https:\/\/aefe-zeco.net\/wp-content\/uploads\/2025\/02\/La-Semaine-de-la-Maternelle-en-ZECO-600x424.png 600w, https:\/\/aefe-zeco.net\/wp-content\/uploads\/2025\/02\/La-Semaine-de-la-Maternelle-en-ZECO-768x543.png 768w, https:\/\/aefe-zeco.net\/wp-content\/uploads\/2025\/02\/La-Semaine-de-la-Maternelle-en-ZECO-800x566.png 800w, https:\/\/aefe-zeco.net\/wp-content\/uploads\/2025\/02\/La-Semaine-de-la-Maternelle-en-ZECO-1024x724.png 1024w, https:\/\/aefe-zeco.net\/wp-content\/uploads\/2025\/02\/La-Semaine-de-la-Maternelle-en-ZECO-1200x848.png 1200w, https:\/\/aefe-zeco.net\/wp-content\/uploads\/2025\/02\/La-Semaine-de-la-Maternelle-en-ZECO-1536x1086.png 1536w, https:\/\/aefe-zeco.net\/wp-content\/uploads\/2025\/02\/La-Semaine-de-la-Maternelle-en-ZECO.png 2000w\" data-sizes=\"auto\" data-orig-sizes=\"(max-width: 650px) 100vw, 650px\" \/><\/p>\n<\/div><div class=\"fusion-text fusion-text-3\"><p>The other two schools on the podium are<span style=\"color: #5496cc;\"><strong>International French School of Berne<\/strong><\/span>\u00a0and the<strong><span style=\"color: #5496cc;\">French school in Saarbr\u00fccken and Dillingen<\/span><\/strong>.<\/p>\n<\/div><div class=\"awb-gallery-wrapper awb-gallery-wrapper-1 fusion-no-medium-visibility button-span-no\" style=\"--more-btn-alignment:center;\"><div style=\"margin:-10px;--awb-bordersize:0px;\" class=\"fusion-gallery fusion-gallery-container fusion-grid-2 fusion-columns-total-2 fusion-gallery-layout-grid fusion-gallery-1\"><div style=\"padding:10px;\" class=\"fusion-grid-column fusion-gallery-column fusion-gallery-column-2 hover-type-none\"><div class=\"fusion-gallery-image\"><a href=\"https:\/\/aefe-zeco.net\/wp-content\/uploads\/2025\/02\/la-semaine-de-la-maternelle-dans-la-ZECO-24-28-mars-2025-Efib-Berne-Suisse.jpg\" rel=\"noreferrer\" data-rel=\"iLightbox[gallery_image_1]\" class=\"fusion-lightbox\" target=\"_self\"><img decoding=\"async\" src=\"https:\/\/aefe-zeco.net\/wp-content\/uploads\/2025\/02\/la-semaine-de-la-maternelle-dans-la-ZECO-24-28-mars-2025-Efib-Berne-Suisse.jpg\" data-orig-src=\"https:\/\/aefe-zeco.net\/wp-content\/uploads\/2025\/02\/la-semaine-de-la-maternelle-dans-la-ZECO-24-28-mars-2025-Efib-Berne-Suisse.jpg\" width=\"1680\" height=\"1187\" alt=\"\" title=\"Kindergarten Week in the ZECO - 24-28 March 2025 - Efib - Bern - Switzerland\" aria-label=\"Kindergarten Week in the ZECO - 24-28 March 2025 - Efib - Bern - Switzerland\" class=\"lazyload img-responsive wp-image-4001\" srcset=\"data:image\/svg+xml,%3Csvg%20xmlns%3D%27http%3A%2F%2Fwww.w3.org%2F2000%2Fsvg%27%20width%3D%271680%27%20height%3D%271187%27%20viewBox%3D%270%200%201680%201187%27%3E%3Crect%20width%3D%271680%27%20height%3D%271187%27%20fill-opacity%3D%220%22%2F%3E%3C%2Fsvg%3E\" data-srcset=\"https:\/\/aefe-zeco.net\/wp-content\/uploads\/2025\/02\/la-semaine-de-la-maternelle-dans-la-ZECO-24-28-mars-2025-Efib-Berne-Suisse-200x141.jpg 200w, https:\/\/aefe-zeco.net\/wp-content\/uploads\/2025\/02\/la-semaine-de-la-maternelle-dans-la-ZECO-24-28-mars-2025-Efib-Berne-Suisse-400x283.jpg 400w, https:\/\/aefe-zeco.net\/wp-content\/uploads\/2025\/02\/la-semaine-de-la-maternelle-dans-la-ZECO-24-28-mars-2025-Efib-Berne-Suisse-600x424.jpg 600w, https:\/\/aefe-zeco.net\/wp-content\/uploads\/2025\/02\/la-semaine-de-la-maternelle-dans-la-ZECO-24-28-mars-2025-Efib-Berne-Suisse-800x565.jpg 800w, https:\/\/aefe-zeco.net\/wp-content\/uploads\/2025\/02\/la-semaine-de-la-maternelle-dans-la-ZECO-24-28-mars-2025-Efib-Berne-Suisse-1200x848.jpg 1200w, https:\/\/aefe-zeco.net\/wp-content\/uploads\/2025\/02\/la-semaine-de-la-maternelle-dans-la-ZECO-24-28-mars-2025-Efib-Berne-Suisse.jpg 1680w\" data-sizes=\"auto\" data-orig-sizes=\"(min-width: 2200px) 100vw, (min-width: 717px) 595px, (min-width: 640px) 717px, \" \/><\/a><\/div><\/div><div style=\"padding:10px;\" class=\"fusion-grid-column fusion-gallery-column fusion-gallery-column-2 hover-type-none\"><div class=\"fusion-gallery-image\"><a href=\"https:\/\/aefe-zeco.net\/wp-content\/uploads\/2025\/02\/LASEMA3-scaled.jpg\" rel=\"noreferrer\" data-rel=\"iLightbox[gallery_image_1]\" class=\"fusion-lightbox\" target=\"_self\"><img decoding=\"async\" src=\"https:\/\/aefe-zeco.net\/wp-content\/uploads\/2025\/02\/LASEMA3-scaled.jpg\" data-orig-src=\"https:\/\/aefe-zeco.net\/wp-content\/uploads\/2025\/02\/LASEMA3-scaled.jpg\" width=\"2000\" height=\"1403\" alt=\"\" title=\"LASEMA~3\" aria-label=\"LASEMA~3\" class=\"lazyload img-responsive wp-image-4000\" srcset=\"data:image\/svg+xml,%3Csvg%20xmlns%3D%27http%3A%2F%2Fwww.w3.org%2F2000%2Fsvg%27%20width%3D%272000%27%20height%3D%271403%27%20viewBox%3D%270%200%202000%201403%27%3E%3Crect%20width%3D%272000%27%20height%3D%271403%27%20fill-opacity%3D%220%22%2F%3E%3C%2Fsvg%3E\" data-srcset=\"https:\/\/aefe-zeco.net\/wp-content\/uploads\/2025\/02\/LASEMA3-200x140.jpg 200w, https:\/\/aefe-zeco.net\/wp-content\/uploads\/2025\/02\/LASEMA3-400x281.jpg 400w, https:\/\/aefe-zeco.net\/wp-content\/uploads\/2025\/02\/LASEMA3-600x421.jpg 600w, https:\/\/aefe-zeco.net\/wp-content\/uploads\/2025\/02\/LASEMA3-800x561.jpg 800w, https:\/\/aefe-zeco.net\/wp-content\/uploads\/2025\/02\/LASEMA3-1200x842.jpg 1200w, https:\/\/aefe-zeco.net\/wp-content\/uploads\/2025\/02\/LASEMA3-scaled.jpg 2000w\" data-sizes=\"auto\" data-orig-sizes=\"(min-width: 2200px) 100vw, (min-width: 717px) 595px, (min-width: 640px) 717px, \" \/><\/a><\/div><\/div><div class=\"clearfix\"><\/div><\/div><\/div><div class=\"fusion-separator fusion-full-width-sep\" style=\"align-self: center;margin-left: auto;margin-right: auto;margin-top:20px;margin-bottom:20px;width:100%;\"><div class=\"fusion-separator-border sep-single sep-solid\" style=\"--awb-height:20px;--awb-amount:20px;border-color:#e0dede;border-top-width:3px;\"><\/div><\/div><\/div><\/div><div class=\"fusion-layout-column fusion_builder_column fusion-builder-column-2 fusion_builder_column_1_4 1_4 fusion-flex-column\" style=\"--awb-bg-size:cover;--awb-width-large:25%;--awb-margin-top-large:0px;--awb-spacing-right-large:7.68%;--awb-margin-bottom-large:20px;--awb-spacing-left-large:7.68%;--awb-width-medium:100%;--awb-order-medium:0;--awb-spacing-right-medium:1.92%;--awb-spacing-left-medium:1.92%;--awb-width-small:100%;--awb-order-small:0;--awb-spacing-right-small:1.92%;--awb-spacing-left-small:1.92%;\"><div class=\"fusion-column-wrapper fusion-column-has-shadow fusion-flex-justify-content-flex-start fusion-content-layout-column\"><div class=\"fusion-image-element\" style=\"--awb-caption-title-font-family:var(--h2_typography-font-family);--awb-caption-title-font-weight:var(--h2_typography-font-weight);--awb-caption-title-font-style:var(--h2_typography-font-style);--awb-caption-title-size:var(--h2_typography-font-size);--awb-caption-title-transform:var(--h2_typography-text-transform);--awb-caption-title-line-height:var(--h2_typography-line-height);--awb-caption-title-letter-spacing:var(--h2_typography-letter-spacing);\"><span class=\"fusion-imageframe imageframe-none imageframe-1 hover-type-none\"><a class=\"fusion-no-lightbox\" href=\"https:\/\/aefe-zeco.net\/wp-content\/uploads\/2024\/10\/Reglement-Concours-Affiches-Semaine-de-la-maternelle-2025.pdf\" target=\"_self\" aria-label=\"lucierose_photo_nb1-1\"><img decoding=\"async\" width=\"1114\" height=\"1280\" src=\"https:\/\/aefe-zeco.net\/wp-content\/uploads\/2025\/03\/lucierose_photo_nb1-1.jpeg\" data-orig-src=\"https:\/\/aefe-zeco.net\/wp-content\/uploads\/2025\/03\/lucierose_photo_nb1-1.jpeg\" alt class=\"lazyload img-responsive wp-image-4040\" srcset=\"data:image\/svg+xml,%3Csvg%20xmlns%3D%27http%3A%2F%2Fwww.w3.org%2F2000%2Fsvg%27%20width%3D%271114%27%20height%3D%271280%27%20viewBox%3D%270%200%201114%201280%27%3E%3Crect%20width%3D%271114%27%20height%3D%271280%27%20fill-opacity%3D%220%22%2F%3E%3C%2Fsvg%3E\" data-srcset=\"https:\/\/aefe-zeco.net\/wp-content\/uploads\/2025\/03\/lucierose_photo_nb1-1-200x230.jpeg 200w, https:\/\/aefe-zeco.net\/wp-content\/uploads\/2025\/03\/lucierose_photo_nb1-1-400x460.jpeg 400w, https:\/\/aefe-zeco.net\/wp-content\/uploads\/2025\/03\/lucierose_photo_nb1-1-600x689.jpeg 600w, https:\/\/aefe-zeco.net\/wp-content\/uploads\/2025\/03\/lucierose_photo_nb1-1-800x919.jpeg 800w, https:\/\/aefe-zeco.net\/wp-content\/uploads\/2025\/03\/lucierose_photo_nb1-1.jpeg 1114w\" data-sizes=\"auto\" data-orig-sizes=\"(max-width: 1024px) 100vw, (max-width: 640px) 100vw, 400px\" \/><\/a><\/span><\/div><\/div><\/div><div class=\"fusion-layout-column fusion_builder_column fusion-builder-column-3 fusion_builder_column_3_4 3_4 fusion-flex-column\" style=\"--awb-bg-size:cover;--awb-width-large:75%;--awb-margin-top-large:0px;--awb-spacing-right-large:2.56%;--awb-margin-bottom-large:20px;--awb-spacing-left-large:2.56%;--awb-width-medium:100%;--awb-order-medium:0;--awb-spacing-right-medium:1.92%;--awb-spacing-left-medium:1.92%;--awb-width-small:100%;--awb-order-small:0;--awb-spacing-right-small:1.92%;--awb-spacing-left-small:1.92%;\"><div class=\"fusion-column-wrapper fusion-column-has-shadow fusion-flex-justify-content-flex-start fusion-content-layout-column\"><div class=\"fusion-text fusion-text-4\"><p>The conference was not to be missed <strong><em>Les amiti\u00e9s \u00e0 la maternelle et le d\u00e9veloppement des comp\u00e9tences sociales chez l\u2019enfant<\/em><\/strong> from <strong>Lucie Rose<\/strong> Wednesday <strong>26 March at 5.30pm<\/strong> on ZOOM!<br \/>\nTo see or re-watch it in full, go to our channel <a href=\"https:\/\/www.youtube.com\/watch?v=BF0HKliLS04\"><strong>YouTube<\/strong><\/a>.<\/p>\n<p>From \"my best friend\" to \"not my friend any more\", a child's day at school is full of social relationships. The aim of nursery school is to enable children to take their first steps towards living together at school, supported by dazzling cognitive and emotional development. This conference provides an opportunity to understand this development and how the social discoveries made in kindergarten lay the foundations for future friendships in primary school.<\/p>\n<p><strong>Lucie Rose<\/strong> is a doctor of psychology and psychologist specialising in neuropsychology, with the Universit\u00e9 Lumi\u00e8re Lyon 2 and the Observatoire du Bien-\u00eatre \u00e0 l'\u00c9cole.<br \/>\nHer research focuses on the development of social relationships in children and adolescents, and in particular on the development of behaviours that benefit others.<br \/>\nVous pouvez d\u00e9couvrir son travail sur son site Internet : <a href=\"https:\/\/www.lucierose.info\/fr\"><strong>www.lucierose.info<\/strong><\/a><\/p>\n<\/div><\/div><\/div><div class=\"fusion-layout-column fusion_builder_column fusion-builder-column-4 fusion_builder_column_1_1 1_1 fusion-flex-column\" style=\"--awb-bg-size:cover;--awb-width-large:100%;--awb-margin-top-large:0px;--awb-spacing-right-large:1.92%;--awb-margin-bottom-large:20px;--awb-spacing-left-large:1.92%;--awb-width-medium:100%;--awb-order-medium:0;--awb-spacing-right-medium:1.92%;--awb-spacing-left-medium:1.92%;--awb-width-small:100%;--awb-order-small:0;--awb-spacing-right-small:1.92%;--awb-spacing-left-small:1.92%;\"><div class=\"fusion-column-wrapper fusion-column-has-shadow fusion-flex-justify-content-flex-start fusion-content-layout-column\"><div class=\"fusion-separator fusion-full-width-sep\" style=\"align-self: center;margin-left: auto;margin-right: auto;margin-top:20px;margin-bottom:20px;width:100%;\"><div class=\"fusion-separator-border sep-single sep-solid\" style=\"--awb-height:20px;--awb-amount:20px;border-color:#e0dede;border-top-width:3px;\"><\/div><\/div><\/div><\/div><div class=\"fusion-layout-column fusion_builder_column fusion-builder-column-5 fusion_builder_column_1_3 1_3 fusion-flex-column\" style=\"--awb-bg-size:cover;--awb-width-large:33.333333333333%;--awb-margin-top-large:0px;--awb-spacing-right-large:5.76%;--awb-margin-bottom-large:20px;--awb-spacing-left-large:5.76%;--awb-width-medium:100%;--awb-order-medium:0;--awb-spacing-right-medium:1.92%;--awb-spacing-left-medium:1.92%;--awb-width-small:100%;--awb-order-small:0;--awb-spacing-right-small:1.92%;--awb-spacing-left-small:1.92%;\"><div class=\"fusion-column-wrapper fusion-column-has-shadow fusion-flex-justify-content-flex-start fusion-content-layout-column\"><div class=\"fusion-image-element\" style=\"--awb-caption-title-font-family:var(--h2_typography-font-family);--awb-caption-title-font-weight:var(--h2_typography-font-weight);--awb-caption-title-font-style:var(--h2_typography-font-style);--awb-caption-title-size:var(--h2_typography-font-size);--awb-caption-title-transform:var(--h2_typography-text-transform);--awb-caption-title-line-height:var(--h2_typography-line-height);--awb-caption-title-letter-spacing:var(--h2_typography-letter-spacing);\"><span class=\"fusion-imageframe imageframe-none imageframe-2 hover-type-none\"><a class=\"fusion-no-lightbox\" href=\"https:\/\/aefe-zeco.net\/wp-content\/uploads\/2024\/10\/Reglement-Concours-Affiches-Semaine-de-la-maternelle-2025.pdf\" target=\"_self\" aria-label=\"Script robots competition\"><img decoding=\"async\" width=\"1497\" height=\"2116\" src=\"data:image\/svg+xml,%3Csvg%20xmlns%3D%27http%3A%2F%2Fwww.w3.org%2F2000%2Fsvg%27%20width%3D%271497%27%20height%3D%272116%27%20viewBox%3D%270%200%201497%202116%27%3E%3Crect%20width%3D%271497%27%20height%3D%272116%27%20fill-opacity%3D%220%22%2F%3E%3C%2Fsvg%3E\" data-orig-src=\"https:\/\/aefe-zeco.net\/wp-content\/uploads\/2024\/11\/Concours-robots-scenario-pdf.jpg\" alt class=\"lazyload img-responsive wp-image-3388\"\/><\/a><\/span><\/div><\/div><\/div><div class=\"fusion-layout-column fusion_builder_column fusion-builder-column-6 fusion_builder_column_2_3 2_3 fusion-flex-column\" style=\"--awb-bg-size:cover;--awb-width-large:66.666666666667%;--awb-margin-top-large:0px;--awb-spacing-right-large:2.88%;--awb-margin-bottom-large:20px;--awb-spacing-left-large:2.88%;--awb-width-medium:100%;--awb-order-medium:0;--awb-spacing-right-medium:1.92%;--awb-spacing-left-medium:1.92%;--awb-width-small:100%;--awb-order-small:0;--awb-spacing-right-small:1.92%;--awb-spacing-left-small:1.92%;\"><div class=\"fusion-column-wrapper fusion-column-has-shadow fusion-flex-justify-content-flex-start fusion-content-layout-column\"><div class=\"fusion-text fusion-text-5\"><p>New this year for the new edition of the <strong>Kindergarten Week<\/strong> the digital group and trainers from the <strong>Central and Eastern Europe Zone<\/strong> had the pleasure of launching a <b>robot challenge<\/b> to all nursery classes, from nursery to kindergarten!<\/p>\n<p>The students had to find a code to move the little robot. <strong>Bee-Bot <\/strong>on a squared surface to the right squares leading to the key to a treasure.<br \/>\nParticipating teachers were provided with an educational support booklet that enabled them to run \"turnkey\" sessions with their pupils in preparation for the challenge.<\/p>\n<p>Watch the video presentation of the project: <a href=\"https:\/\/pod.phm.education.gouv.fr\/video\/57984-bee-bot-et-le-tresor-des-abyssesmp4\/\"><strong>Bee-bot and the treasure of the abyss<\/strong><\/a>.<br \/>\nAll the documents you need to prepare and take up the challenge can be found at <a href=\"https:\/\/nuage03.apps.education.fr\/index.php\/s\/s9xdPBiS6Mr4KW6\"><strong>here<\/strong><\/a> !<\/p>\n<p>L'<strong>ERTZ team<\/strong>the organiser of the <strong>ZECO<\/strong> would like to congratulate the 12 schools (involving more than 25 classes) on their participation and success in this challenge. Well done to them all!<br \/>\nThe students and their teachers have shown a great deal of motivation, perseverance and creativity in meeting this challenge!<br \/>\nVisit <a href=\"https:\/\/youtu.be\/RW3VDwiFl2g\"><strong>here is a short video<\/strong><\/a> compiling all the class entries.<\/p>\n<p><strong>\u00a0<\/strong><\/p>\n<\/div><\/div><\/div><div class=\"fusion-layout-column fusion_builder_column fusion-builder-column-7 fusion_builder_column_1_1 1_1 fusion-flex-column\" style=\"--awb-bg-size:cover;--awb-width-large:100%;--awb-margin-top-large:0px;--awb-spacing-right-large:1.92%;--awb-margin-bottom-large:20px;--awb-spacing-left-large:1.92%;--awb-width-medium:100%;--awb-order-medium:0;--awb-spacing-right-medium:1.92%;--awb-spacing-left-medium:1.92%;--awb-width-small:100%;--awb-order-small:0;--awb-spacing-right-small:1.92%;--awb-spacing-left-small:1.92%;\"><div class=\"fusion-column-wrapper fusion-column-has-shadow fusion-flex-justify-content-flex-start fusion-content-layout-column\"><div class=\"fusion-separator fusion-full-width-sep\" style=\"align-self: center;margin-left: auto;margin-right: auto;margin-top:20px;margin-bottom:20px;width:100%;\"><div class=\"fusion-separator-border sep-single sep-solid\" style=\"--awb-height:20px;--awb-amount:20px;border-color:#e0dede;border-top-width:3px;\"><\/div><\/div><\/div><\/div><div class=\"fusion-layout-column fusion_builder_column fusion-builder-column-8 fusion_builder_column_2_3 2_3 fusion-flex-column\" style=\"--awb-bg-size:cover;--awb-width-large:66.666666666667%;--awb-margin-top-large:0px;--awb-spacing-right-large:2.88%;--awb-margin-bottom-large:20px;--awb-spacing-left-large:2.88%;--awb-width-medium:100%;--awb-order-medium:0;--awb-spacing-right-medium:1.92%;--awb-spacing-left-medium:1.92%;--awb-width-small:100%;--awb-order-small:0;--awb-spacing-right-small:1.92%;--awb-spacing-left-small:1.92%;\"><div class=\"fusion-column-wrapper fusion-column-has-shadow fusion-flex-justify-content-flex-start fusion-content-layout-column\"><div class=\"fusion-text fusion-text-6\"><p>Finally, at the <strong>Kindergarten Week<\/strong>students will be able to take part in a <strong>Maternathlon<\/strong> !<br \/>\nA kind of athletics game for nursery classes, the Maternathlon offers individual and team events designed to develop children's motor skills, among other things.<\/p>\n<p><strong>Running, jumping, throwing<\/strong>...games will be organised in these three sporting disciplines.<\/p>\n<p>Visit <a href=\"https:\/\/aefe-zeco.net\/wp-content\/uploads\/2024\/12\/Maternathlon-v2-komprimiert.pdf\"><strong>here<\/strong><\/a> the activities on offer and how they are carried out.<\/p>\n<\/div><\/div><\/div><div class=\"fusion-layout-column fusion_builder_column fusion-builder-column-9 fusion_builder_column_1_3 1_3 fusion-flex-column\" style=\"--awb-bg-size:cover;--awb-width-large:33.333333333333%;--awb-margin-top-large:0px;--awb-spacing-right-large:5.76%;--awb-margin-bottom-large:20px;--awb-spacing-left-large:5.76%;--awb-width-medium:100%;--awb-order-medium:0;--awb-spacing-right-medium:1.92%;--awb-spacing-left-medium:1.92%;--awb-width-small:100%;--awb-order-small:0;--awb-spacing-right-small:1.92%;--awb-spacing-left-small:1.92%;\"><div class=\"fusion-column-wrapper fusion-column-has-shadow fusion-flex-justify-content-flex-start fusion-content-layout-column\"><div class=\"fusion-image-element\" style=\"--awb-caption-title-font-family:var(--h2_typography-font-family);--awb-caption-title-font-weight:var(--h2_typography-font-weight);--awb-caption-title-font-style:var(--h2_typography-font-style);--awb-caption-title-size:var(--h2_typography-font-size);--awb-caption-title-transform:var(--h2_typography-text-transform);--awb-caption-title-line-height:var(--h2_typography-line-height);--awb-caption-title-letter-spacing:var(--h2_typography-letter-spacing);\"><span class=\"fusion-imageframe imageframe-none imageframe-3 hover-type-none\"><a class=\"fusion-no-lightbox\" href=\"https:\/\/aefe-zeco.net\/wp-content\/uploads\/2024\/10\/Reglement-Concours-Affiches-Semaine-de-la-maternelle-2025.pdf\" target=\"_self\" aria-label=\"Maternathlon\"><img decoding=\"async\" width=\"826\" height=\"1169\" src=\"https:\/\/aefe-zeco.net\/wp-content\/uploads\/2024\/12\/Maternathlon.png\" data-orig-src=\"https:\/\/aefe-zeco.net\/wp-content\/uploads\/2024\/12\/Maternathlon.png\" alt class=\"lazyload img-responsive wp-image-3715\" srcset=\"data:image\/svg+xml,%3Csvg%20xmlns%3D%27http%3A%2F%2Fwww.w3.org%2F2000%2Fsvg%27%20width%3D%27826%27%20height%3D%271169%27%20viewBox%3D%270%200%20826%201169%27%3E%3Crect%20width%3D%27826%27%20height%3D%271169%27%20fill-opacity%3D%220%22%2F%3E%3C%2Fsvg%3E\" data-srcset=\"https:\/\/aefe-zeco.net\/wp-content\/uploads\/2024\/12\/Maternathlon-200x283.png 200w, https:\/\/aefe-zeco.net\/wp-content\/uploads\/2024\/12\/Maternathlon-400x566.png 400w, https:\/\/aefe-zeco.net\/wp-content\/uploads\/2024\/12\/Maternathlon-600x849.png 600w, https:\/\/aefe-zeco.net\/wp-content\/uploads\/2024\/12\/Maternathlon-800x1132.png 800w, https:\/\/aefe-zeco.net\/wp-content\/uploads\/2024\/12\/Maternathlon.png 826w\" data-sizes=\"auto\" data-orig-sizes=\"(max-width: 1024px) 100vw, (max-width: 640px) 100vw, 400px\" \/><\/a><\/span><\/div><\/div><\/div><\/div><\/div>","protected":false},"excerpt":{"rendered":"","protected":false},"author":1,"featured_media":0,"parent":0,"menu_order":31,"comment_status":"closed","ping_status":"closed","template":"","meta":{"footnotes":""},"class_list":["post-3347","page","type-page","status-publish","hentry"],"_links":{"self":[{"href":"https:\/\/aefe-zeco.net\/en\/wp-json\/wp\/v2\/pages\/3347","targetHints":{"allow":["GET"]}}],"collection":[{"href":"https:\/\/aefe-zeco.net\/en\/wp-json\/wp\/v2\/pages"}],"about":[{"href":"https:\/\/aefe-zeco.net\/en\/wp-json\/wp\/v2\/types\/page"}],"author":[{"embeddable":true,"href":"https:\/\/aefe-zeco.net\/en\/wp-json\/wp\/v2\/users\/1"}],"replies":[{"embeddable":true,"href":"https:\/\/aefe-zeco.net\/en\/wp-json\/wp\/v2\/comments?post=3347"}],"version-history":[{"count":36,"href":"https:\/\/aefe-zeco.net\/en\/wp-json\/wp\/v2\/pages\/3347\/revisions"}],"predecessor-version":[{"id":4394,"href":"https:\/\/aefe-zeco.net\/en\/wp-json\/wp\/v2\/pages\/3347\/revisions\/4394"}],"wp:attachment":[{"href":"https:\/\/aefe-zeco.net\/en\/wp-json\/wp\/v2\/media?parent=3347"}],"curies":[{"name":"wp","href":"https:\/\/api.w.org\/{rel}","templated":true}]}}