{"id":2151,"date":"2024-02-09T16:02:02","date_gmt":"2024-02-09T15:02:02","guid":{"rendered":"https:\/\/aefe-zeco.net\/?page_id=2151"},"modified":"2025-03-21T16:33:10","modified_gmt":"2025-03-21T15:33:10","slug":"les-petits-champions-de-la-lecture","status":"publish","type":"page","link":"https:\/\/aefe-zeco.net\/en\/les-petits-champions-de-la-lecture\/","title":{"rendered":"The Little Champions of Reading 2023-2024"},"content":{"rendered":"<p><div class=\"fusion-fullwidth fullwidth-box fusion-builder-row-1 fusion-flex-container has-pattern-background has-mask-background nonhundred-percent-fullwidth non-hundred-percent-height-scrolling\" style=\"--awb-border-radius-top-left:0px;--awb-border-radius-top-right:0px;--awb-border-radius-bottom-right:0px;--awb-border-radius-bottom-left:0px;--awb-flex-wrap:wrap;\" ><div class=\"fusion-builder-row fusion-row fusion-flex-align-items-flex-start fusion-flex-content-wrap\" style=\"max-width:1248px;margin-left: calc(-4% \/ 2 );margin-right: calc(-4% \/ 2 );\"><div class=\"fusion-layout-column fusion_builder_column fusion-builder-column-0 fusion_builder_column_3_4 3_4 fusion-flex-column\" style=\"--awb-bg-size:cover;--awb-width-large:75%;--awb-margin-top-large:0px;--awb-spacing-right-large:2.56%;--awb-margin-bottom-large:20px;--awb-spacing-left-large:2.56%;--awb-width-medium:100%;--awb-order-medium:0;--awb-spacing-right-medium:1.92%;--awb-spacing-left-medium:1.92%;--awb-width-small:100%;--awb-order-small:0;--awb-spacing-right-small:1.92%;--awb-spacing-left-small:1.92%;\"><div class=\"fusion-column-wrapper fusion-column-has-shadow fusion-flex-justify-content-flex-start fusion-content-layout-column\"><div class=\"fusion-text fusion-text-1\"><p>Le <span style=\"color: #b70d7f;\"><strong>French School of Warsaw<\/strong><\/span> was delighted to host the first final of the <strong>Little reading champions<\/strong> across the Central and Eastern Europe Zone on 13 March.<\/p>\n<p>The Little Champions of Reading game is designed for <strong>all CM1 and CM2 pupils in France and Europe<\/strong>.<br \/>\nTo take part, they are invited to read aloud a text of their choice for three minutes.<\/p>\n<p><strong>12 establishments<\/strong> of the ZECO, i.e. <strong>42 classes<\/strong> and <strong>952 students<\/strong> took part in the 2023-2024 event. There were only around twenty of them left in Warsaw for the zone final. The performances were all of a high standard, the students having prepared hard and well. The jury made its choice and 4 students (two girls and two boys) will have the honour of competing in the inter-zonal final in a few weeks' time.<br \/>\nOnly one will be able to read his text on the stage of the\u00a0<strong>Com\u00e9die-Fran\u00e7aise in Paris<\/strong>in June.<\/p>\n<p>A big well done to <strong>Edouard<\/strong> of the Lyc\u00e9e fran\u00e7ais Marie Curie de <strong>Z\u00fcrich<\/strong>, <strong>Luma<\/strong> of the Lyc\u00e9e fran\u00e7ais de <strong>Vienna<\/strong>, <strong>Maxime<\/strong> of the De Gaulle-Adenauer School in <strong>Bonn<\/strong> and <strong>Valentine<\/strong> of the Lyc\u00e9e fran\u00e7ais Ren\u00e9 Goscinny de <strong>Warsaw<\/strong> !<\/p>\n<p><img decoding=\"async\" class=\"lazyload alignnone wp-image-2397\" src=\"https:\/\/aefe-zeco.net\/wp-content\/uploads\/2024\/03\/IMG_E3832-scaled.jpg\" data-orig-src=\"https:\/\/aefe-zeco.net\/wp-content\/uploads\/2024\/03\/IMG_E3832-scaled.jpg\" alt=\"\" width=\"302\" height=\"271\" srcset=\"data:image\/svg+xml,%3Csvg%20xmlns%3D%27http%3A%2F%2Fwww.w3.org%2F2000%2Fsvg%27%20width%3D%27302%27%20height%3D%27271%27%20viewBox%3D%270%200%20302%20271%27%3E%3Crect%20width%3D%27302%27%20height%3D%27271%27%20fill-opacity%3D%220%22%2F%3E%3C%2Fsvg%3E\" data-srcset=\"https:\/\/aefe-zeco.net\/wp-content\/uploads\/2024\/03\/IMG_E3832-200x179.jpg 200w, https:\/\/aefe-zeco.net\/wp-content\/uploads\/2024\/03\/IMG_E3832-300x269.jpg 300w, https:\/\/aefe-zeco.net\/wp-content\/uploads\/2024\/03\/IMG_E3832-400x359.jpg 400w, https:\/\/aefe-zeco.net\/wp-content\/uploads\/2024\/03\/IMG_E3832-600x538.jpg 600w, https:\/\/aefe-zeco.net\/wp-content\/uploads\/2024\/03\/IMG_E3832-768x688.jpg 768w, https:\/\/aefe-zeco.net\/wp-content\/uploads\/2024\/03\/IMG_E3832-800x717.jpg 800w, https:\/\/aefe-zeco.net\/wp-content\/uploads\/2024\/03\/IMG_E3832-1024x918.jpg 1024w, https:\/\/aefe-zeco.net\/wp-content\/uploads\/2024\/03\/IMG_E3832-1200x1076.jpg 1200w, https:\/\/aefe-zeco.net\/wp-content\/uploads\/2024\/03\/IMG_E3832-1536x1377.jpg 1536w, https:\/\/aefe-zeco.net\/wp-content\/uploads\/2024\/03\/IMG_E3832-scaled.jpg 2000w\" data-sizes=\"auto\" data-orig-sizes=\"(max-width: 302px) 100vw, 302px\" \/>\u00a0 \u00a0 <img decoding=\"async\" class=\"lazyload alignnone wp-image-2398\" src=\"https:\/\/aefe-zeco.net\/wp-content\/uploads\/2024\/03\/IMG_E3836-scaled.jpg\" data-orig-src=\"https:\/\/aefe-zeco.net\/wp-content\/uploads\/2024\/03\/IMG_E3836-scaled.jpg\" alt=\"\" width=\"362\" height=\"271\" srcset=\"data:image\/svg+xml,%3Csvg%20xmlns%3D%27http%3A%2F%2Fwww.w3.org%2F2000%2Fsvg%27%20width%3D%27362%27%20height%3D%27271%27%20viewBox%3D%270%200%20362%20271%27%3E%3Crect%20width%3D%27362%27%20height%3D%27271%27%20fill-opacity%3D%220%22%2F%3E%3C%2Fsvg%3E\" data-srcset=\"https:\/\/aefe-zeco.net\/wp-content\/uploads\/2024\/03\/IMG_E3836-200x150.jpg 200w, https:\/\/aefe-zeco.net\/wp-content\/uploads\/2024\/03\/IMG_E3836-300x225.jpg 300w, https:\/\/aefe-zeco.net\/wp-content\/uploads\/2024\/03\/IMG_E3836-400x300.jpg 400w, https:\/\/aefe-zeco.net\/wp-content\/uploads\/2024\/03\/IMG_E3836-600x450.jpg 600w, https:\/\/aefe-zeco.net\/wp-content\/uploads\/2024\/03\/IMG_E3836-768x576.jpg 768w, https:\/\/aefe-zeco.net\/wp-content\/uploads\/2024\/03\/IMG_E3836-800x600.jpg 800w, https:\/\/aefe-zeco.net\/wp-content\/uploads\/2024\/03\/IMG_E3836-1024x768.jpg 1024w, https:\/\/aefe-zeco.net\/wp-content\/uploads\/2024\/03\/IMG_E3836-1200x900.jpg 1200w, https:\/\/aefe-zeco.net\/wp-content\/uploads\/2024\/03\/IMG_E3836-1536x1152.jpg 1536w, https:\/\/aefe-zeco.net\/wp-content\/uploads\/2024\/03\/IMG_E3836-scaled.jpg 2000w\" data-sizes=\"auto\" data-orig-sizes=\"(max-width: 362px) 100vw, 362px\" \/><\/p>\n<\/div><\/div><\/div><div class=\"fusion-layout-column fusion_builder_column fusion-builder-column-1 fusion_builder_column_1_4 1_4 fusion-flex-column\" style=\"--awb-bg-size:cover;--awb-width-large:25%;--awb-margin-top-large:0px;--awb-spacing-right-large:7.68%;--awb-margin-bottom-large:20px;--awb-spacing-left-large:7.68%;--awb-width-medium:100%;--awb-order-medium:0;--awb-spacing-right-medium:1.92%;--awb-spacing-left-medium:1.92%;--awb-width-small:100%;--awb-order-small:0;--awb-spacing-right-small:1.92%;--awb-spacing-left-small:1.92%;\"><div class=\"fusion-column-wrapper fusion-column-has-shadow fusion-flex-justify-content-flex-start fusion-content-layout-column\"><div class=\"fusion-image-element\" style=\"--awb-caption-title-font-family:var(--h2_typography-font-family);--awb-caption-title-font-weight:var(--h2_typography-font-weight);--awb-caption-title-font-style:var(--h2_typography-font-style);--awb-caption-title-size:var(--h2_typography-font-size);--awb-caption-title-transform:var(--h2_typography-text-transform);--awb-caption-title-line-height:var(--h2_typography-line-height);--awb-caption-title-letter-spacing:var(--h2_typography-letter-spacing);\"><span class=\"fusion-imageframe imageframe-none imageframe-1 hover-type-none\"><img decoding=\"async\" width=\"2117\" height=\"2993\" title=\"POSTER 2023 2024\" src=\"data:image\/svg+xml,%3Csvg%20xmlns%3D%27http%3A%2F%2Fwww.w3.org%2F2000%2Fsvg%27%20width%3D%272117%27%20height%3D%272993%27%20viewBox%3D%270%200%202117%202993%27%3E%3Crect%20width%3D%272117%27%20height%3D%272993%27%20fill-opacity%3D%220%22%2F%3E%3C%2Fsvg%3E\" data-orig-src=\"https:\/\/aefe-zeco.net\/wp-content\/uploads\/2024\/02\/AFFICHE-2023-2024-pdf.jpg\" alt class=\"lazyload img-responsive wp-image-2152\"\/><\/span><\/div><\/div><\/div><\/div><\/div><div class=\"fusion-fullwidth fullwidth-box fusion-builder-row-2 fusion-flex-container has-pattern-background has-mask-background nonhundred-percent-fullwidth non-hundred-percent-height-scrolling\" style=\"--awb-border-radius-top-left:0px;--awb-border-radius-top-right:0px;--awb-border-radius-bottom-right:0px;--awb-border-radius-bottom-left:0px;--awb-flex-wrap:wrap;\" ><div class=\"fusion-builder-row fusion-row fusion-flex-align-items-flex-start fusion-flex-content-wrap\" style=\"max-width:1248px;margin-left: calc(-4% \/ 2 );margin-right: calc(-4% \/ 2 );\"><\/div><\/div><\/p>","protected":false},"excerpt":{"rendered":"","protected":false},"author":1,"featured_media":0,"parent":0,"menu_order":37,"comment_status":"closed","ping_status":"closed","template":"","meta":{"footnotes":""},"class_list":["post-2151","page","type-page","status-publish","hentry"],"_links":{"self":[{"href":"https:\/\/aefe-zeco.net\/en\/wp-json\/wp\/v2\/pages\/2151","targetHints":{"allow":["GET"]}}],"collection":[{"href":"https:\/\/aefe-zeco.net\/en\/wp-json\/wp\/v2\/pages"}],"about":[{"href":"https:\/\/aefe-zeco.net\/en\/wp-json\/wp\/v2\/types\/page"}],"author":[{"embeddable":true,"href":"https:\/\/aefe-zeco.net\/en\/wp-json\/wp\/v2\/users\/1"}],"replies":[{"embeddable":true,"href":"https:\/\/aefe-zeco.net\/en\/wp-json\/wp\/v2\/comments?post=2151"}],"version-history":[{"count":11,"href":"https:\/\/aefe-zeco.net\/en\/wp-json\/wp\/v2\/pages\/2151\/revisions"}],"predecessor-version":[{"id":3090,"href":"https:\/\/aefe-zeco.net\/en\/wp-json\/wp\/v2\/pages\/2151\/revisions\/3090"}],"wp:attachment":[{"href":"https:\/\/aefe-zeco.net\/en\/wp-json\/wp\/v2\/media?parent=2151"}],"curies":[{"name":"wp","href":"https:\/\/api.w.org\/{rel}","templated":true}]}}