{"id":1934,"date":"2024-01-09T11:22:37","date_gmt":"2024-01-09T10:22:37","guid":{"rendered":"https:\/\/aefe-zeco.net\/?page_id=1934"},"modified":"2025-03-21T16:33:16","modified_gmt":"2025-03-21T15:33:16","slug":"la-semaine-de-la-maternelle","status":"publish","type":"page","link":"https:\/\/aefe-zeco.net\/en\/la-semaine-de-la-maternelle\/","title":{"rendered":"Kindergarten Week 2023-2024"},"content":{"rendered":"<div class=\"fusion-fullwidth fullwidth-box fusion-builder-row-1 fusion-flex-container has-pattern-background has-mask-background nonhundred-percent-fullwidth non-hundred-percent-height-scrolling\" style=\"--awb-border-radius-top-left:0px;--awb-border-radius-top-right:0px;--awb-border-radius-bottom-right:0px;--awb-border-radius-bottom-left:0px;--awb-flex-wrap:wrap;\" ><div class=\"fusion-builder-row fusion-row fusion-flex-align-items-flex-start fusion-flex-content-wrap\" style=\"max-width:1248px;margin-left: calc(-4% \/ 2 );margin-right: calc(-4% \/ 2 );\"><div class=\"fusion-layout-column fusion_builder_column fusion-builder-column-0 fusion_builder_column_1_1 1_1 fusion-flex-column\" style=\"--awb-bg-size:cover;--awb-width-large:100%;--awb-margin-top-large:0px;--awb-spacing-right-large:1.92%;--awb-margin-bottom-large:20px;--awb-spacing-left-large:1.92%;--awb-width-medium:100%;--awb-order-medium:0;--awb-spacing-right-medium:1.92%;--awb-spacing-left-medium:1.92%;--awb-width-small:100%;--awb-order-small:0;--awb-spacing-right-small:1.92%;--awb-spacing-left-small:1.92%;\"><div class=\"fusion-column-wrapper fusion-column-has-shadow fusion-flex-justify-content-flex-start fusion-content-layout-column\"><div class=\"fusion-text fusion-text-1\"><p><span style=\"color: #b70e7f;\"><strong>Kindergarten Week is an event organised in the AEFE's Central and Eastern Europe Zone from 15 to 19 April 2024.<\/strong><\/span><\/p>\n<\/div><div class=\"fusion-separator fusion-full-width-sep\" style=\"align-self: center;margin-left: auto;margin-right: auto;margin-top:20px;margin-bottom:20px;width:100%;\"><div class=\"fusion-separator-border sep-single sep-solid\" style=\"--awb-height:20px;--awb-amount:20px;border-color:#e0dede;border-top-width:3px;\"><\/div><\/div><\/div><\/div><div class=\"fusion-layout-column fusion_builder_column fusion-builder-column-1 fusion_builder_column_2_3 2_3 fusion-flex-column\" style=\"--awb-bg-size:cover;--awb-width-large:66.666666666667%;--awb-margin-top-large:0px;--awb-spacing-right-large:2.88%;--awb-margin-bottom-large:20px;--awb-spacing-left-large:2.88%;--awb-width-medium:100%;--awb-order-medium:0;--awb-spacing-right-medium:1.92%;--awb-spacing-left-medium:1.92%;--awb-width-small:100%;--awb-order-small:0;--awb-spacing-right-small:1.92%;--awb-spacing-left-small:1.92%;\"><div class=\"fusion-column-wrapper fusion-column-has-shadow fusion-flex-justify-content-flex-start fusion-content-layout-column\"><div class=\"fusion-text fusion-text-2\"><p><strong>Come and discover the ZECO nursery schools!<br \/>\n<\/strong><br \/>\nFor an entire week, from <strong>15 to 19 April 2024<\/strong>Find out about all the projects designed by and for the kindergarten in the Central and Eastern Europe Zone.<\/p>\n<p>You can find all the information you need on the <strong><a href=\"https:\/\/padlet.com\/IENzoneEuropeCentraleOrientale\/semaine-de-la-maternelle-zeco-du-15-au-19-avril-2024-9kex0faoopihhxbb\/slideshow\">Padlet<\/a> <\/strong>dedicated to<strong> Kindergarten Week<\/strong>.<\/p>\n<\/div><\/div><\/div><div class=\"fusion-layout-column fusion_builder_column fusion-builder-column-2 fusion_builder_column_1_3 1_3 fusion-flex-column\" style=\"--awb-bg-size:cover;--awb-width-large:33.333333333333%;--awb-margin-top-large:0px;--awb-spacing-right-large:5.76%;--awb-margin-bottom-large:20px;--awb-spacing-left-large:5.76%;--awb-width-medium:100%;--awb-order-medium:0;--awb-spacing-right-medium:1.92%;--awb-spacing-left-medium:1.92%;--awb-width-small:100%;--awb-order-small:0;--awb-spacing-right-small:1.92%;--awb-spacing-left-small:1.92%;\"><div class=\"fusion-column-wrapper fusion-column-has-shadow fusion-flex-justify-content-flex-start fusion-content-layout-column\"><div class=\"fusion-image-element\" style=\"--awb-caption-title-font-family:var(--h2_typography-font-family);--awb-caption-title-font-weight:var(--h2_typography-font-weight);--awb-caption-title-font-style:var(--h2_typography-font-style);--awb-caption-title-size:var(--h2_typography-font-size);--awb-caption-title-transform:var(--h2_typography-text-transform);--awb-caption-title-line-height:var(--h2_typography-line-height);--awb-caption-title-letter-spacing:var(--h2_typography-letter-spacing);\"><span class=\"fusion-imageframe imageframe-none imageframe-1 hover-type-none\"><a class=\"fusion-no-lightbox\" href=\"https:\/\/padlet.com\/IENzoneEuropeCentraleOrientale\/semaine-de-la-maternelle-zeco-du-15-au-19-avril-2024-9kex0faoopihhxbb\/slideshow\" target=\"_self\" aria-label=\"Screenshot 2024-04-12 at 10.12.34\"><img decoding=\"async\" width=\"1838\" height=\"1444\" src=\"https:\/\/aefe-zeco.net\/wp-content\/uploads\/2024\/04\/Capture-decran-2024-04-12-a-10.12.34.png\" data-orig-src=\"https:\/\/aefe-zeco.net\/wp-content\/uploads\/2024\/04\/Capture-decran-2024-04-12-a-10.12.34.png\" alt class=\"lazyload img-responsive wp-image-2513\" srcset=\"data:image\/svg+xml,%3Csvg%20xmlns%3D%27http%3A%2F%2Fwww.w3.org%2F2000%2Fsvg%27%20width%3D%271838%27%20height%3D%271444%27%20viewBox%3D%270%200%201838%201444%27%3E%3Crect%20width%3D%271838%27%20height%3D%271444%27%20fill-opacity%3D%220%22%2F%3E%3C%2Fsvg%3E\" data-srcset=\"https:\/\/aefe-zeco.net\/wp-content\/uploads\/2024\/04\/Capture-decran-2024-04-12-a-10.12.34-200x157.png 200w, https:\/\/aefe-zeco.net\/wp-content\/uploads\/2024\/04\/Capture-decran-2024-04-12-a-10.12.34-400x314.png 400w, https:\/\/aefe-zeco.net\/wp-content\/uploads\/2024\/04\/Capture-decran-2024-04-12-a-10.12.34-600x471.png 600w, https:\/\/aefe-zeco.net\/wp-content\/uploads\/2024\/04\/Capture-decran-2024-04-12-a-10.12.34-800x629.png 800w, https:\/\/aefe-zeco.net\/wp-content\/uploads\/2024\/04\/Capture-decran-2024-04-12-a-10.12.34-1200x943.png 1200w, https:\/\/aefe-zeco.net\/wp-content\/uploads\/2024\/04\/Capture-decran-2024-04-12-a-10.12.34.png 1838w\" data-sizes=\"auto\" data-orig-sizes=\"(max-width: 1024px) 100vw, (max-width: 640px) 100vw, 400px\" \/><\/a><\/span><\/div><\/div><\/div><div class=\"fusion-layout-column fusion_builder_column fusion-builder-column-3 fusion_builder_column_1_1 1_1 fusion-flex-column\" style=\"--awb-bg-size:cover;--awb-width-large:100%;--awb-margin-top-large:0px;--awb-spacing-right-large:1.92%;--awb-margin-bottom-large:20px;--awb-spacing-left-large:1.92%;--awb-width-medium:100%;--awb-order-medium:0;--awb-spacing-right-medium:1.92%;--awb-spacing-left-medium:1.92%;--awb-width-small:100%;--awb-order-small:0;--awb-spacing-right-small:1.92%;--awb-spacing-left-small:1.92%;\"><div class=\"fusion-column-wrapper fusion-column-has-shadow fusion-flex-justify-content-flex-start fusion-content-layout-column\"><div class=\"fusion-separator fusion-full-width-sep\" style=\"align-self: center;margin-left: auto;margin-right: auto;margin-top:20px;margin-bottom:20px;width:100%;\"><div class=\"fusion-separator-border sep-single sep-solid\" style=\"--awb-height:20px;--awb-amount:20px;border-color:#e0dede;border-top-width:3px;\"><\/div><\/div><\/div><\/div><div class=\"fusion-layout-column fusion_builder_column fusion-builder-column-4 fusion_builder_column_1_3 1_3 fusion-flex-column\" style=\"--awb-bg-size:cover;--awb-width-large:33.333333333333%;--awb-margin-top-large:0px;--awb-spacing-right-large:5.76%;--awb-margin-bottom-large:20px;--awb-spacing-left-large:5.76%;--awb-width-medium:100%;--awb-order-medium:0;--awb-spacing-right-medium:1.92%;--awb-spacing-left-medium:1.92%;--awb-width-small:100%;--awb-order-small:0;--awb-spacing-right-small:1.92%;--awb-spacing-left-small:1.92%;\"><div class=\"fusion-column-wrapper fusion-column-has-shadow fusion-flex-justify-content-flex-start fusion-content-layout-column\"><div class=\"fusion-image-element\" style=\"--awb-caption-title-font-family:var(--h2_typography-font-family);--awb-caption-title-font-weight:var(--h2_typography-font-weight);--awb-caption-title-font-style:var(--h2_typography-font-style);--awb-caption-title-size:var(--h2_typography-font-size);--awb-caption-title-transform:var(--h2_typography-text-transform);--awb-caption-title-line-height:var(--h2_typography-line-height);--awb-caption-title-letter-spacing:var(--h2_typography-letter-spacing);\"><span class=\"fusion-imageframe imageframe-none imageframe-2 hover-type-none\"><a class=\"fusion-no-lightbox\" href=\"https:\/\/www.youtube.com\/watch?v=FcWRHfXPBXs&amp;t=13s\" target=\"_self\" aria-label=\"Lucie Rose lecture 16-04\"><img decoding=\"async\" width=\"657\" height=\"400\" src=\"https:\/\/aefe-zeco.net\/wp-content\/uploads\/2024\/04\/Conference-Lucie-Rose-16-04.png\" data-orig-src=\"https:\/\/aefe-zeco.net\/wp-content\/uploads\/2024\/04\/Conference-Lucie-Rose-16-04.png\" alt class=\"lazyload img-responsive wp-image-2583\" srcset=\"data:image\/svg+xml,%3Csvg%20xmlns%3D%27http%3A%2F%2Fwww.w3.org%2F2000%2Fsvg%27%20width%3D%27657%27%20height%3D%27400%27%20viewBox%3D%270%200%20657%20400%27%3E%3Crect%20width%3D%27657%27%20height%3D%27400%27%20fill-opacity%3D%220%22%2F%3E%3C%2Fsvg%3E\" data-srcset=\"https:\/\/aefe-zeco.net\/wp-content\/uploads\/2024\/04\/Conference-Lucie-Rose-16-04-200x122.png 200w, https:\/\/aefe-zeco.net\/wp-content\/uploads\/2024\/04\/Conference-Lucie-Rose-16-04-400x244.png 400w, https:\/\/aefe-zeco.net\/wp-content\/uploads\/2024\/04\/Conference-Lucie-Rose-16-04-600x365.png 600w, https:\/\/aefe-zeco.net\/wp-content\/uploads\/2024\/04\/Conference-Lucie-Rose-16-04.png 657w\" data-sizes=\"auto\" data-orig-sizes=\"(max-width: 1024px) 100vw, (max-width: 640px) 100vw, 400px\" \/><\/a><\/span><\/div><\/div><\/div><div class=\"fusion-layout-column fusion_builder_column fusion-builder-column-5 fusion_builder_column_2_3 2_3 fusion-flex-column\" style=\"--awb-bg-size:cover;--awb-width-large:66.666666666667%;--awb-margin-top-large:0px;--awb-spacing-right-large:2.88%;--awb-margin-bottom-large:20px;--awb-spacing-left-large:2.88%;--awb-width-medium:100%;--awb-order-medium:0;--awb-spacing-right-medium:1.92%;--awb-spacing-left-medium:1.92%;--awb-width-small:100%;--awb-order-small:0;--awb-spacing-right-small:1.92%;--awb-spacing-left-small:1.92%;\"><div class=\"fusion-column-wrapper fusion-column-has-shadow fusion-flex-justify-content-flex-start fusion-content-layout-column\"><div class=\"fusion-text fusion-text-3\"><p>A highlight of the <strong>Kindergarten Week<\/strong> :<br \/>\n<strong>Lucie Rose<\/strong>Doctor of Psychology, attached to the Observatoire du bien-\u00eatre \u00e0 l'\u00e9cole, took part in an online conference open to all - parents and members of the educational community - on the theme of <strong>developing social relationships, from friendship to kindergarten.<\/strong><\/p>\n<p>You can find his entire lecture online at <a href=\"https:\/\/www.youtube.com\/watch?v=FcWRHfXPBXs&amp;t=13s\"><strong>here<\/strong><\/a>.<\/p>\n<\/div><\/div><\/div><div class=\"fusion-layout-column fusion_builder_column fusion-builder-column-6 fusion_builder_column_1_1 1_1 fusion-flex-column\" style=\"--awb-bg-size:cover;--awb-width-large:100%;--awb-margin-top-large:0px;--awb-spacing-right-large:1.92%;--awb-margin-bottom-large:20px;--awb-spacing-left-large:1.92%;--awb-width-medium:100%;--awb-order-medium:0;--awb-spacing-right-medium:1.92%;--awb-spacing-left-medium:1.92%;--awb-width-small:100%;--awb-order-small:0;--awb-spacing-right-small:1.92%;--awb-spacing-left-small:1.92%;\"><div class=\"fusion-column-wrapper fusion-column-has-shadow fusion-flex-justify-content-flex-start fusion-content-layout-column\"><div class=\"fusion-separator fusion-full-width-sep\" style=\"align-self: center;margin-left: auto;margin-right: auto;margin-top:20px;margin-bottom:20px;width:100%;\"><div class=\"fusion-separator-border sep-single sep-solid\" style=\"--awb-height:20px;--awb-amount:20px;border-color:#e0dede;border-top-width:3px;\"><\/div><\/div><\/div><\/div><div class=\"fusion-layout-column fusion_builder_column fusion-builder-column-7 fusion_builder_column_2_3 2_3 fusion-flex-column\" style=\"--awb-bg-size:cover;--awb-width-large:66.666666666667%;--awb-margin-top-large:0px;--awb-spacing-right-large:2.88%;--awb-margin-bottom-large:20px;--awb-spacing-left-large:2.88%;--awb-width-medium:100%;--awb-order-medium:0;--awb-spacing-right-medium:1.92%;--awb-spacing-left-medium:1.92%;--awb-width-small:100%;--awb-order-small:0;--awb-spacing-right-small:1.92%;--awb-spacing-left-small:1.92%;\"><div class=\"fusion-column-wrapper fusion-column-has-shadow fusion-flex-justify-content-flex-start fusion-content-layout-column\"><div class=\"fusion-text fusion-text-4\"><p>Upstream of <strong>Kindergarten Week<\/strong>A poster competition was organised to illustrate the event. Entries had to be related to nursery school.<\/p>\n<p>For example, the posters could refer to <strong>themes<\/strong> :<br \/>\n- Everyday life at nursery school<br \/>\n- Well-being at nursery school<br \/>\n- Art in kindergarten<br \/>\n- Physical activity at nursery school<br \/>\n- Play at nursery school<br \/>\n- Living together at nursery school<\/p>\n<p>Participants could also choose their own theme to illustrate Kindergarten Week.<\/p>\n<p>Voting took place online via the PollUnit platform of the <strong>5 March to 19 March 2024.<\/strong><\/p>\n<p>This is the<span style=\"color: #5496cc;\"><strong>French school in Saarbr\u00fccken and Dillingen<\/strong><\/span> which won first prize, and its poster now illustrates Semaine de la maternelle.<br \/>\nThe other two schools on the podium are the<span style=\"color: #000000;\">'<\/span><span style=\"color: #b70d7f;\"><span style=\"color: #000000;\">school<\/span><\/span> <span style=\"color: #b70d7f;\"><span style=\"color: #000000;\">du <\/span><strong>Lyc\u00e9e fran\u00e7ais Jean Renoir de Munich<\/strong> <\/span>and the<span style=\"color: #5496cc;\"><strong>\u00c9cole fran\u00e7aise de Hambourg - Antoine de Saint-Exup\u00e9ry.<\/strong><\/span><\/p>\n<\/div><\/div><\/div><div class=\"fusion-layout-column fusion_builder_column fusion-builder-column-8 fusion_builder_column_1_3 1_3 fusion-flex-column\" style=\"--awb-bg-size:cover;--awb-width-large:33.333333333333%;--awb-margin-top-large:0px;--awb-spacing-right-large:5.76%;--awb-margin-bottom-large:20px;--awb-spacing-left-large:5.76%;--awb-width-medium:100%;--awb-order-medium:0;--awb-spacing-right-medium:1.92%;--awb-spacing-left-medium:1.92%;--awb-width-small:100%;--awb-order-small:0;--awb-spacing-right-small:1.92%;--awb-spacing-left-small:1.92%;\"><div class=\"fusion-column-wrapper fusion-column-has-shadow fusion-flex-justify-content-flex-start fusion-content-layout-column\"><div class=\"fusion-image-element\" style=\"--awb-caption-title-font-family:var(--h2_typography-font-family);--awb-caption-title-font-weight:var(--h2_typography-font-weight);--awb-caption-title-font-style:var(--h2_typography-font-style);--awb-caption-title-size:var(--h2_typography-font-size);--awb-caption-title-transform:var(--h2_typography-text-transform);--awb-caption-title-line-height:var(--h2_typography-line-height);--awb-caption-title-letter-spacing:var(--h2_typography-letter-spacing);\"><span class=\"fusion-imageframe imageframe-none imageframe-3 hover-type-none\"><a class=\"fusion-no-lightbox\" href=\"https:\/\/aefe-zeco.net\/wp-content\/uploads\/2024\/01\/REGLEMENT-La-semaine-de-la-maternelle.pdf\" target=\"_self\" aria-label=\"Semaine de la Maternelle ZECO poster\"><img decoding=\"async\" width=\"2000\" height=\"1414\" src=\"https:\/\/aefe-zeco.net\/wp-content\/uploads\/2024\/03\/Affiche-Semaine-de-la-Maternelle-ZECO.png\" data-orig-src=\"https:\/\/aefe-zeco.net\/wp-content\/uploads\/2024\/03\/Affiche-Semaine-de-la-Maternelle-ZECO.png\" alt class=\"lazyload img-responsive wp-image-2455\" srcset=\"data:image\/svg+xml,%3Csvg%20xmlns%3D%27http%3A%2F%2Fwww.w3.org%2F2000%2Fsvg%27%20width%3D%272000%27%20height%3D%271414%27%20viewBox%3D%270%200%202000%201414%27%3E%3Crect%20width%3D%272000%27%20height%3D%271414%27%20fill-opacity%3D%220%22%2F%3E%3C%2Fsvg%3E\" data-srcset=\"https:\/\/aefe-zeco.net\/wp-content\/uploads\/2024\/03\/Affiche-Semaine-de-la-Maternelle-ZECO-200x141.png 200w, https:\/\/aefe-zeco.net\/wp-content\/uploads\/2024\/03\/Affiche-Semaine-de-la-Maternelle-ZECO-400x283.png 400w, https:\/\/aefe-zeco.net\/wp-content\/uploads\/2024\/03\/Affiche-Semaine-de-la-Maternelle-ZECO-600x424.png 600w, https:\/\/aefe-zeco.net\/wp-content\/uploads\/2024\/03\/Affiche-Semaine-de-la-Maternelle-ZECO-800x566.png 800w, https:\/\/aefe-zeco.net\/wp-content\/uploads\/2024\/03\/Affiche-Semaine-de-la-Maternelle-ZECO-1200x848.png 1200w, https:\/\/aefe-zeco.net\/wp-content\/uploads\/2024\/03\/Affiche-Semaine-de-la-Maternelle-ZECO.png 2000w\" data-sizes=\"auto\" data-orig-sizes=\"(max-width: 1024px) 100vw, (max-width: 640px) 100vw, 400px\" \/><\/a><\/span><\/div><\/div><\/div><\/div><\/div>","protected":false},"excerpt":{"rendered":"","protected":false},"author":1,"featured_media":0,"parent":0,"menu_order":38,"comment_status":"closed","ping_status":"closed","template":"","meta":{"footnotes":""},"class_list":["post-1934","page","type-page","status-publish","hentry"],"_links":{"self":[{"href":"https:\/\/aefe-zeco.net\/en\/wp-json\/wp\/v2\/pages\/1934","targetHints":{"allow":["GET"]}}],"collection":[{"href":"https:\/\/aefe-zeco.net\/en\/wp-json\/wp\/v2\/pages"}],"about":[{"href":"https:\/\/aefe-zeco.net\/en\/wp-json\/wp\/v2\/types\/page"}],"author":[{"embeddable":true,"href":"https:\/\/aefe-zeco.net\/en\/wp-json\/wp\/v2\/users\/1"}],"replies":[{"embeddable":true,"href":"https:\/\/aefe-zeco.net\/en\/wp-json\/wp\/v2\/comments?post=1934"}],"version-history":[{"count":24,"href":"https:\/\/aefe-zeco.net\/en\/wp-json\/wp\/v2\/pages\/1934\/revisions"}],"predecessor-version":[{"id":3998,"href":"https:\/\/aefe-zeco.net\/en\/wp-json\/wp\/v2\/pages\/1934\/revisions\/3998"}],"wp:attachment":[{"href":"https:\/\/aefe-zeco.net\/en\/wp-json\/wp\/v2\/media?parent=1934"}],"curies":[{"name":"wp","href":"https:\/\/api.w.org\/{rel}","templated":true}]}}