{"id":1451,"date":"2023-09-07T12:06:02","date_gmt":"2023-09-07T10:06:02","guid":{"rendered":"https:\/\/aefe-zeco.net\/?page_id=1451"},"modified":"2025-04-10T08:56:40","modified_gmt":"2025-04-10T06:56:40","slug":"mgistere-pour-les-formateurs-zeco-zenos-zese-cloned","status":"publish","type":"page","link":"https:\/\/aefe-zeco.net\/en\/les-formations-passees\/mgistere-pour-les-formateurs-zeco-zenos-zese-cloned\/","title":{"rendered":"M@gist\u00e8re for trainers ZECO, ZENOS, ZESE"},"content":{"rendered":"<p><div class=\"fusion-fullwidth fullwidth-box fusion-builder-row-1 fusion-flex-container has-pattern-background has-mask-background nonhundred-percent-fullwidth non-hundred-percent-height-scrolling\" style=\"--awb-border-radius-top-left:0px;--awb-border-radius-top-right:0px;--awb-border-radius-bottom-right:0px;--awb-border-radius-bottom-left:0px;--awb-flex-wrap:wrap;\" ><div class=\"fusion-builder-row fusion-row fusion-flex-align-items-flex-start fusion-flex-content-wrap\" style=\"max-width:1248px;margin-left: calc(-4% \/ 2 );margin-right: calc(-4% \/ 2 );\"><div class=\"fusion-layout-column fusion_builder_column fusion-builder-column-0 fusion_builder_column_1_1 1_1 fusion-flex-column\" style=\"--awb-bg-size:cover;--awb-width-large:100%;--awb-margin-top-large:0px;--awb-spacing-right-large:1.92%;--awb-margin-bottom-large:20px;--awb-spacing-left-large:1.92%;--awb-width-medium:100%;--awb-order-medium:0;--awb-spacing-right-medium:1.92%;--awb-spacing-left-medium:1.92%;--awb-width-small:100%;--awb-order-small:0;--awb-spacing-right-small:1.92%;--awb-spacing-left-small:1.92%;\"><div class=\"fusion-column-wrapper fusion-column-has-shadow fusion-flex-justify-content-flex-start fusion-content-layout-column\"><div class=\"fusion-text fusion-text-1\"><p style=\"text-align: left;\"><span style=\"color: #b70e7f;\"><strong>M@gist\u00e8re for trainers ZECO, ZENOS, ZESE<br \/>\n(8 participants)<\/strong><\/span><\/p>\n<\/div><div class=\"fusion-separator fusion-full-width-sep\" style=\"align-self: center;margin-left: auto;margin-right: auto;width:100%;\"><div class=\"fusion-separator-border sep-single sep-solid\" style=\"--awb-height:20px;--awb-amount:20px;border-color:#e0dede;border-top-width:3px;\"><\/div><\/div><\/div><\/div><\/div><\/div><div class=\"fusion-fullwidth fullwidth-box fusion-builder-row-2 fusion-flex-container has-pattern-background has-mask-background nonhundred-percent-fullwidth non-hundred-percent-height-scrolling\" style=\"--awb-border-radius-top-left:0px;--awb-border-radius-top-right:0px;--awb-border-radius-bottom-right:0px;--awb-border-radius-bottom-left:0px;--awb-flex-wrap:wrap;\" ><div class=\"fusion-builder-row fusion-row fusion-flex-align-items-flex-start fusion-flex-content-wrap\" style=\"max-width:1248px;margin-left: calc(-4% \/ 2 );margin-right: calc(-4% \/ 2 );\"><div class=\"fusion-layout-column fusion_builder_column fusion-builder-column-1 fusion_builder_column_1_1 1_1 fusion-flex-column\" style=\"--awb-bg-size:cover;--awb-width-large:100%;--awb-margin-top-large:0px;--awb-spacing-right-large:1.92%;--awb-margin-bottom-large:20px;--awb-spacing-left-large:1.92%;--awb-width-medium:100%;--awb-order-medium:0;--awb-spacing-right-medium:1.92%;--awb-spacing-left-medium:1.92%;--awb-width-small:100%;--awb-order-small:0;--awb-spacing-right-small:1.92%;--awb-spacing-left-small:1.92%;\"><div class=\"fusion-column-wrapper fusion-column-has-shadow fusion-flex-justify-content-flex-start fusion-content-layout-column\"><div class=\"fusion-text fusion-text-2\"><p style=\"text-align: left;\"><strong>Synchronous distance learning<\/strong><\/p>\n<p><strong>Dates :<\/strong> Wednesday 6 September 2023 from 9 a.m. to 4 p.m. and Wednesday 20 December 2023 from 9 a.m. to 4 p.m.<\/p>\n<p><strong>Trainers :<\/strong> Mr Thibaut Monnet EF2D Physique Chimie - ZECO Lyc\u00e9e Fran\u00e7ais Jean Renoir de Munich<br \/>\nMs Nathalie Jeudy-Karakoc CPAIEN , ZECO Berlin<br \/>\nMs Fr\u00e9d\u00e9rique Houseaux EF2D SES - ZENOS Lyc\u00e9e Fran\u00e7ais d'Oslo<br \/>\nMr Julien Macquart CPAIEN - ZENOS Lyc\u00e9e Fran\u00e7ais de Londres<br \/>\nMr Yann Buzit EF2D - ZESE Lyc\u00e9e Fran\u00e7ais de Belgrade<br \/>\nMr Yvan Crossouard CPAIEN - ZESE Lyc\u00e9e Fran\u00e7ais Chateaubriand de Rome<\/p>\n<\/div><\/div><\/div><\/div><\/div><\/p>","protected":false},"excerpt":{"rendered":"","protected":false},"author":1,"featured_media":0,"parent":1132,"menu_order":101,"comment_status":"closed","ping_status":"closed","template":"","meta":{"footnotes":""},"class_list":["post-1451","page","type-page","status-publish","hentry"],"_links":{"self":[{"href":"https:\/\/aefe-zeco.net\/en\/wp-json\/wp\/v2\/pages\/1451","targetHints":{"allow":["GET"]}}],"collection":[{"href":"https:\/\/aefe-zeco.net\/en\/wp-json\/wp\/v2\/pages"}],"about":[{"href":"https:\/\/aefe-zeco.net\/en\/wp-json\/wp\/v2\/types\/page"}],"author":[{"embeddable":true,"href":"https:\/\/aefe-zeco.net\/en\/wp-json\/wp\/v2\/users\/1"}],"replies":[{"embeddable":true,"href":"https:\/\/aefe-zeco.net\/en\/wp-json\/wp\/v2\/comments?post=1451"}],"version-history":[{"count":4,"href":"https:\/\/aefe-zeco.net\/en\/wp-json\/wp\/v2\/pages\/1451\/revisions"}],"predecessor-version":[{"id":1613,"href":"https:\/\/aefe-zeco.net\/en\/wp-json\/wp\/v2\/pages\/1451\/revisions\/1613"}],"up":[{"embeddable":true,"href":"https:\/\/aefe-zeco.net\/en\/wp-json\/wp\/v2\/pages\/1132"}],"wp:attachment":[{"href":"https:\/\/aefe-zeco.net\/en\/wp-json\/wp\/v2\/media?parent=1451"}],"curies":[{"name":"wp","href":"https:\/\/api.w.org\/{rel}","templated":true}]}}