{"id":581,"date":"2023-03-02T14:38:14","date_gmt":"2023-03-02T13:38:14","guid":{"rendered":"https:\/\/zeco.a34.net\/?page_id=581"},"modified":"2025-07-03T15:17:10","modified_gmt":"2025-07-03T13:17:10","slug":"pologne","status":"publish","type":"page","link":"https:\/\/aefe-zeco.net\/de\/les-procedures-de-recrutement\/pologne\/","title":{"rendered":"Polen"},"content":{"rendered":"<div class=\"fusion-fullwidth fullwidth-box fusion-builder-row-1 fusion-flex-container has-pattern-background has-mask-background nonhundred-percent-fullwidth non-hundred-percent-height-scrolling\" style=\"--awb-border-radius-top-left:0px;--awb-border-radius-top-right:0px;--awb-border-radius-bottom-right:0px;--awb-border-radius-bottom-left:0px;--awb-flex-wrap:wrap;\" ><div class=\"fusion-builder-row fusion-row fusion-flex-align-items-flex-start fusion-flex-content-wrap\" style=\"max-width:1248px;margin-left: calc(-4% \/ 2 );margin-right: calc(-4% \/ 2 );\"><div class=\"fusion-layout-column fusion_builder_column fusion-builder-column-0 fusion_builder_column_1_1 1_1 fusion-flex-column\" style=\"--awb-bg-size:cover;--awb-width-large:100%;--awb-margin-top-large:0px;--awb-spacing-right-large:1.92%;--awb-margin-bottom-large:20px;--awb-spacing-left-large:1.92%;--awb-width-medium:100%;--awb-order-medium:0;--awb-spacing-right-medium:1.92%;--awb-spacing-left-medium:1.92%;--awb-width-small:100%;--awb-order-small:0;--awb-spacing-right-small:1.92%;--awb-spacing-left-small:1.92%;\"><div class=\"fusion-column-wrapper fusion-column-has-shadow fusion-flex-justify-content-flex-start fusion-content-layout-column\"><div class=\"fusion-text fusion-text-1\"><p class=\"aio-icon-title ult-responsive\" data-ultimate-target=\"#Info-box-wrap-8215 .aio-icon-title\" data-responsive-json-new=\"{\"><b><span style=\"color: #b70d7f;\">Der L<\/span><span style=\"color: #b70d7f;\">Franz\u00f6sische Schule Ren\u00e9 Goscinny in Warschau<\/span><\/b> rekrutiert:<\/p>\n<p>Alle Mitarbeiter f\u00fcr Vertretungen<\/p>\n<p><span style=\"color: #b70d7f;\"><a style=\"color: #b70d7f;\" href=\"https:\/\/lfv.pl\/fr\/ecole\/cooperation\/travailler-au-lfv\/\"><strong>\u21d2 Hier finden Sie alle Stellenangebote des Lyc\u00e9e fran\u00e7ais Ren\u00e9 Goscinny in Warschau.<\/strong><\/a><\/span><\/p>\n<\/div><\/div><\/div><\/div><\/div>","protected":false},"excerpt":{"rendered":"","protected":false},"author":1,"featured_media":0,"parent":193,"menu_order":9,"comment_status":"closed","ping_status":"closed","template":"","meta":{"footnotes":""},"class_list":["post-581","page","type-page","status-publish","hentry"],"_links":{"self":[{"href":"https:\/\/aefe-zeco.net\/de\/wp-json\/wp\/v2\/pages\/581","targetHints":{"allow":["GET"]}}],"collection":[{"href":"https:\/\/aefe-zeco.net\/de\/wp-json\/wp\/v2\/pages"}],"about":[{"href":"https:\/\/aefe-zeco.net\/de\/wp-json\/wp\/v2\/types\/page"}],"author":[{"embeddable":true,"href":"https:\/\/aefe-zeco.net\/de\/wp-json\/wp\/v2\/users\/1"}],"replies":[{"embeddable":true,"href":"https:\/\/aefe-zeco.net\/de\/wp-json\/wp\/v2\/comments?post=581"}],"version-history":[{"count":13,"href":"https:\/\/aefe-zeco.net\/de\/wp-json\/wp\/v2\/pages\/581\/revisions"}],"predecessor-version":[{"id":4462,"href":"https:\/\/aefe-zeco.net\/de\/wp-json\/wp\/v2\/pages\/581\/revisions\/4462"}],"up":[{"embeddable":true,"href":"https:\/\/aefe-zeco.net\/de\/wp-json\/wp\/v2\/pages\/193"}],"wp:attachment":[{"href":"https:\/\/aefe-zeco.net\/de\/wp-json\/wp\/v2\/media?parent=581"}],"curies":[{"name":"wp","href":"https:\/\/api.w.org\/{rel}","templated":true}]}}