{"id":558,"date":"2023-03-02T14:31:53","date_gmt":"2023-03-02T13:31:53","guid":{"rendered":"https:\/\/zeco.a34.net\/?page_id=558"},"modified":"2025-07-03T15:06:22","modified_gmt":"2025-07-03T13:06:22","slug":"allemagne-2","status":"publish","type":"page","link":"https:\/\/aefe-zeco.net\/de\/les-procedures-de-recrutement\/allemagne-2\/","title":{"rendered":"Deutschland"},"content":{"rendered":"<div class=\"fusion-fullwidth fullwidth-box fusion-builder-row-1 fusion-flex-container has-pattern-background has-mask-background nonhundred-percent-fullwidth non-hundred-percent-height-scrolling\" style=\"--awb-border-radius-top-left:0px;--awb-border-radius-top-right:0px;--awb-border-radius-bottom-right:0px;--awb-border-radius-bottom-left:0px;--awb-flex-wrap:wrap;\" ><div class=\"fusion-builder-row fusion-row fusion-flex-align-items-flex-start fusion-flex-content-wrap\" style=\"max-width:1248px;margin-left: calc(-4% \/ 2 );margin-right: calc(-4% \/ 2 );\"><div class=\"fusion-layout-column fusion_builder_column fusion-builder-column-0 fusion_builder_column_1_1 1_1 fusion-flex-column\" style=\"--awb-bg-size:cover;--awb-width-large:100%;--awb-margin-top-large:0px;--awb-spacing-right-large:1.92%;--awb-margin-bottom-large:20px;--awb-spacing-left-large:1.92%;--awb-width-medium:100%;--awb-order-medium:0;--awb-spacing-right-medium:1.92%;--awb-spacing-left-medium:1.92%;--awb-width-small:100%;--awb-order-small:0;--awb-spacing-right-small:1.92%;--awb-spacing-left-small:1.92%;\"><div class=\"fusion-column-wrapper fusion-column-has-shadow fusion-flex-justify-content-flex-start fusion-content-layout-column\"><div class=\"fusion-text fusion-text-1\"><p><strong><br \/>\n<\/strong><span style=\"color: #b70d7f;\"><b>Die Voltaire-Schule in Berlin <\/b><\/span>rekrutiert:<\/p>\n<p>Vielseitige Hilfskr\u00e4fte (M\/W)<br \/>\nLehrkraft gesucht<br \/>\nFreiwillige gesucht<\/p>\n<p><a href=\"https:\/\/www.ecolevoltaire.de\/-Recrutements-78-\"><span style=\"color: #b70d7f;\"><strong>\u21d2 Hier finden Sie alle Stellenangebote der Voltaire-Schule in Berlin.<\/strong><\/span><\/a><\/p>\n<\/div><div class=\"fusion-separator fusion-full-width-sep\" style=\"align-self: center;margin-left: auto;margin-right: auto;width:100%;\"><div class=\"fusion-separator-border sep-single sep-solid\" style=\"--awb-height:20px;--awb-amount:20px;border-color:#e0dede;border-top-width:2px;\"><\/div><\/div><div class=\"fusion-text fusion-text-2\"><p><strong><br \/>\n<\/strong><span style=\"color: #b70d7f;\"><b>Das Lyc\u00e9e Fran\u00e7ais de Berlin <\/b><\/span>rekrutiert:<\/p>\n<p>Ein(e) Erziehungsassistent(in)<br \/>\nEin(e) Kommunikationsbeauftragte(r)<\/p>\n<p><a href=\"https:\/\/www.fg-berlin.eu\/Travailler-au-lycee-francais\"><span style=\"color: #b70d7f;\"><strong>\u21d2 Hier finden Sie alle Stellenangebote des Lyc\u00e9e Fran\u00e7ais de Berlin.<\/strong><\/span><\/a><\/p>\n<\/div><div class=\"fusion-separator fusion-full-width-sep\" style=\"align-self: center;margin-left: auto;margin-right: auto;width:100%;\"><div class=\"fusion-separator-border sep-single sep-solid\" style=\"--awb-height:20px;--awb-amount:20px;border-color:#e0dede;border-top-width:2px;\"><\/div><\/div><div class=\"fusion-text fusion-text-3\"><p><strong><br \/>\n<span style=\"color: #5496cc;\">Die De-Gaulle-Adenauer-Schule in Bonn<\/span><\/strong>\u00a0rekrutiert:<\/p>\n<p>Eine p\u00e4dagogische Fachkraft (m\/w\/d)<\/p>\n<p><a href=\"https:\/\/ecole-bonn.de\/jobs-und-stellenangebote\/\"><span style=\"color: #5496cc;\"><strong>\u21d2 Hier finden Sie alle Stellenangebote der De Gaulle-Adenauer-Schule.<\/strong><\/span><\/a><\/p>\n<\/div><div class=\"fusion-separator fusion-full-width-sep\" style=\"align-self: center;margin-left: auto;margin-right: auto;width:100%;\"><div class=\"fusion-separator-border sep-single sep-solid\" style=\"--awb-height:20px;--awb-amount:20px;border-color:#e0dede;border-top-width:2px;\"><\/div><\/div><div class=\"fusion-text fusion-text-4\"><p><strong><br \/>\n<span style=\"color: #5496cc;\">Die<\/span> <span style=\"color: #5496cc;\">Lyc\u00e9e fran\u00e7ais international Simone Veil in D\u00fcsseldorf<\/span><\/strong> rekrutiert:<\/p>\n<p>Ein(e) Buchhalter(in)<br \/>\nEin\/e Lehrer\/in f\u00fcr amerikanische Geschichte und Geografie<br \/>\nEine(n) Deutschlehrer(in)<br \/>\nAESH-Personal<br \/>\nEin(e) Lehrer(in)<br \/>\nEin\/e Lehrer\/in (zertifiziert f\u00fcr FLE\/FLSCO)<br \/>\nZwei Personen, die w\u00e4hrend der Pausen die Aufsicht \u00fcber den Hof \u00fcbernehmen<br \/>\nASEM (Agent Sp\u00e9cialis\u00e9 des \u00c9coles Maternelles - Fachkraft f\u00fcr Kinderg\u00e4rten)<br \/>\nLehrkr\u00e4fte f\u00fcr punktuelle Vertretungen<\/p>\n<p><span style=\"color: #5496cc;\"><a style=\"color: #5496cc;\" href=\"https:\/\/lfisv.de\/etablissement\/recrutements\"><strong>\u21d2 Hier finden Sie alle Stellenangebote des Lyc\u00e9e fran\u00e7ais international de D\u00fcsseldorf.<\/strong><\/a><\/span><\/p>\n<\/div><div class=\"fusion-separator fusion-full-width-sep\" style=\"align-self: center;margin-left: auto;margin-right: auto;width:100%;\"><div class=\"fusion-separator-border sep-single sep-solid\" style=\"--awb-height:20px;--awb-amount:20px;border-color:#e0dede;border-top-width:2px;\"><\/div><\/div><div class=\"fusion-text fusion-text-5\"><p><strong><br \/>\n<span style=\"color: #b70d7f;\">Das internationale franz\u00f6sische Gymnasium <span style=\"color: #b70d7f;\">Victor<\/span> Hugo aus Frankfurt<\/span><\/strong> rekrutiert:<\/p>\n<p>Deutschlehrer-Ersatzkr\u00e4fte f\u00fcr die Grundschule<br \/>\nVertretungslehrer\/innen der 1. oder 2. Stufe f\u00fcr alle F\u00e4cher<\/p>\n<p><a href=\"https:\/\/www.lfvh.net\/recrutements\/\"><span style=\"color: #b70d7f;\"><strong>\u21d2 Hier finden Sie alle Stellenangebote des Lyc\u00e9e fran\u00e7ais international Victor Hugo in Frankfurt.<\/strong><\/span><\/a><\/p>\n<\/div><div class=\"fusion-separator fusion-full-width-sep\" style=\"align-self: center;margin-left: auto;margin-right: auto;width:100%;\"><div class=\"fusion-separator-border sep-single sep-solid\" style=\"--awb-height:20px;--awb-amount:20px;border-color:#e0dede;border-top-width:2px;\"><\/div><\/div><div class=\"fusion-text fusion-text-6\"><p><strong><br \/>\n<span style=\"color: #5496cc;\">L'<\/span><span style=\"color: #b70d7f;\"><span style=\"color: #5496cc;\">Schule 92 e.V. aus Freiburg im Breisgau<\/span><\/span><\/strong> rekrutiert:<\/p>\n<p>Ein(e) junge(r) Freiwillige(r)<br \/>\nErzieherinnen und Erzieher<\/p>\n<p><a href=\"https:\/\/www.ecole92.net\/offres-demploi\/\"><span style=\"color: #5496cc;\"><strong>\u21d2 Hier findest du alle Stellenangebote der Schule 92 e.V. in Freiburg im Breisgau.<\/strong><\/span><\/a><\/p>\n<\/div><div class=\"fusion-separator fusion-full-width-sep\" style=\"align-self: center;margin-left: auto;margin-right: auto;width:100%;\"><div class=\"fusion-separator-border sep-single sep-solid\" style=\"--awb-height:20px;--awb-amount:20px;border-color:#e0dede;border-top-width:2px;\"><\/div><\/div><div class=\"fusion-text fusion-text-7\"><p><strong><br \/>\n<span style=\"color: #5496cc;\">L'<span style=\"color: #5496cc;\">Schule<\/span> Franz\u00f6sisch in Hamburg Antoine de Saint-Exup\u00e9ry<\/span><\/strong> rekrutiert:<\/p>\n<p>Erzieher \/ Sozialp\u00e4dagogischer Assistent \/ P\u00e4dagogische Fachkraft (m,w,d)<br \/>\nInitiativbewerbung<\/p>\n<p><span style=\"color: #5496cc;\"><a style=\"color: #5496cc;\" href=\"https:\/\/efhh.jobs.personio.de\/?language=fr\"><strong>\u21d2 Hier finden Sie alle Stellenangebote der \u00c9cole fran\u00e7aise de Hambourg Antoine de Saint-Exup\u00e9ry.<\/strong><\/a><\/span><\/p>\n<\/div><div class=\"fusion-separator fusion-full-width-sep\" style=\"align-self: center;margin-left: auto;margin-right: auto;width:100%;\"><div class=\"fusion-separator-border sep-single sep-solid\" style=\"--awb-height:20px;--awb-amount:20px;border-color:#e0dede;border-top-width:2px;\"><\/div><\/div><div class=\"fusion-text fusion-text-8\"><p><strong><br \/>\n<span style=\"color: #5496cc;\">Die Pierre und Marie Curie-Schule in Heidelberg<\/span><\/strong> rekrutiert:<\/p>\n<p>Erzieher\/in<br \/>\nKinderpfleger\/in<\/p>\n<p><span style=\"color: #5496cc;\"><a style=\"color: #5496cc;\" href=\"https:\/\/ecole.de\/fr\/etablissement\/recrutement\/\"><strong>\u21d2 Hier finden Sie alle Stellenangebote der Pierre et Marie Curie Schule Heidelberg.<\/strong><\/a><\/span><\/p>\n<\/div><div class=\"fusion-separator fusion-full-width-sep\" style=\"align-self: center;margin-left: auto;margin-right: auto;width:100%;\"><div class=\"fusion-separator-border sep-single sep-solid\" style=\"--awb-height:20px;--awb-amount:20px;border-color:#e0dede;border-top-width:2px;\"><\/div><\/div><div class=\"fusion-text fusion-text-9\"><p><strong><br \/>\n<span style=\"color: #b70d7f;\">Das franz\u00f6sische Lyc\u00e9e Jean Renoir in M\u00fcnchen<\/span><\/strong><span style=\"color: #b70d7f;\">\u00a0<\/span>rekrutiert:<\/p>\n<p>Kinderpfleger(in)<br \/>\nErzieher(in)<br \/>\nEin\/e Assistent\/in f\u00fcr die Haushaltsf\u00fchrung w\/m - IRF ZECO<br \/>\nEin\/e Schulkrankenpfleger\/in<br \/>\nEin(e) Erziehungsassistent(in)<br \/>\nEine\/n Deutschlehrer\/in f\u00fcr die Grundschule<br \/>\nAufsicht \u00fcber die Mittagspause<br \/>\nSpontane Bewerbung<\/p>\n<p><a href=\"https:\/\/www.lycee-jean-renoir.de\/letablissement\/travailler-au-lycee-jean-renoir-2\/\"><span style=\"color: #b70d7f;\"><strong>\u21d2 Hier finden Sie alle Stellenangebote des Lyc\u00e9e fran\u00e7ais Jean Renoir in M\u00fcnchen.<\/strong><\/span><\/a><\/p>\n<\/div><div class=\"fusion-separator fusion-full-width-sep\" style=\"align-self: center;margin-left: auto;margin-right: auto;width:100%;\"><div class=\"fusion-separator-border sep-single sep-solid\" style=\"--awb-height:20px;--awb-amount:20px;border-color:#e0dede;border-top-width:2px;\"><\/div><\/div><div class=\"fusion-text fusion-text-10\"><p><strong><br \/>\n<span style=\"color: #5496cc;\">Die Franz\u00f6sische Schule in Saarbr\u00fccken und Dillingen<\/span><\/strong> rekrutiert:<\/p>\n<p>Ein(e) Schullehrer(in) \/ Vertretungslehrer(in)<strong><br \/>\n<\/strong>Personal f\u00fcr den au\u00dferschulischen Dienst (Vertretungen)<\/p>\n<p><span style=\"color: #5496cc;\"><a style=\"color: #5496cc;\" href=\"https:\/\/ecolefrancaise.de\/notre-ecole\/recrutement\/\"><strong>\u21d2 Hier finden Sie alle Stellenangebote der \u00c9cole fran\u00e7aise de Sarrebr\u00fcck et Dilling.<\/strong><\/a><\/span><\/p>\n<\/div><div class=\"fusion-separator fusion-full-width-sep\" style=\"align-self: center;margin-left: auto;margin-right: auto;width:100%;\"><div class=\"fusion-separator-border sep-single sep-solid\" style=\"--awb-height:20px;--awb-amount:20px;border-color:#e0dede;border-top-width:2px;\"><\/div><\/div><div class=\"fusion-text fusion-text-11\"><p><strong><br \/>\n<span style=\"color: #b70d7f;\">Das Deutsch-Franz\u00f6sische Gymnasium in Saarbr\u00fccken<\/span><\/strong> rekrutiert:<\/p>\n<p>Ein(e) Lehrer(in) f\u00fcr Bildende Kunst<br \/>\nEine(n) Deutschlehrer(in)<br \/>\nEin(e) Lehrer(in) f\u00fcr moderne Literatur<br \/>\nEin\/e Lehrer\/in f\u00fcr SVT<br \/>\nAlle Mitarbeiter f\u00fcr Vertretungen<\/p>\n<p><a href=\"https:\/\/dfg-lfa.org\/fr\/travailler-au-lycee\/les-postes-a-pourvoir\/\"><span style=\"color: #b70d7f;\"><strong>\u21d2 Hier finden Sie alle Stellenangebote des Deutsch-Franz\u00f6sischen Gymnasiums in Saarbr\u00fccken.<\/strong><\/span><\/a><\/p>\n<\/div><div class=\"fusion-separator fusion-full-width-sep\" style=\"align-self: center;margin-left: auto;margin-right: auto;width:100%;\"><div class=\"fusion-separator-border sep-single sep-solid\" style=\"--awb-height:20px;--awb-amount:20px;border-color:#e0dede;border-top-width:2px;\"><\/div><\/div><div class=\"fusion-text fusion-text-12\"><p class=\"aio-icon-title ult-responsive\" data-ultimate-target=\"#Info-box-wrap-8215 .aio-icon-title\" data-responsive-json-new=\"{\"><strong><br \/>\n<span style=\"color: #5496cc;\">Der deutsch-franz\u00f6sische Kindergarten Georges Cuvier in Stuttgart <\/span><\/strong>rekrutiert:<\/p>\n<p>FSJ (Freiwilliges Soziales Jahr), BFD (Bundesfreiwilligendienst) oder EFD (Europ\u00e4ischer Freiwilligendienst)<\/p>\n<p><a href=\"https:\/\/maternelle-stuttgart.de\/fr\/emplois\/\"><strong><span style=\"color: #5496cc;\">\u21d2 Hier finden Sie alle Stellenangebote des deutsch-franz\u00f6sischen Kindergartens Georges Cuvier in Stuttgart.<\/span><\/strong><\/a><\/p>\n<\/div><\/div><\/div><\/div><\/div>","protected":false},"excerpt":{"rendered":"","protected":false},"author":1,"featured_media":0,"parent":193,"menu_order":1,"comment_status":"closed","ping_status":"closed","template":"","meta":{"footnotes":""},"class_list":["post-558","page","type-page","status-publish","hentry"],"_links":{"self":[{"href":"https:\/\/aefe-zeco.net\/de\/wp-json\/wp\/v2\/pages\/558","targetHints":{"allow":["GET"]}}],"collection":[{"href":"https:\/\/aefe-zeco.net\/de\/wp-json\/wp\/v2\/pages"}],"about":[{"href":"https:\/\/aefe-zeco.net\/de\/wp-json\/wp\/v2\/types\/page"}],"author":[{"embeddable":true,"href":"https:\/\/aefe-zeco.net\/de\/wp-json\/wp\/v2\/users\/1"}],"replies":[{"embeddable":true,"href":"https:\/\/aefe-zeco.net\/de\/wp-json\/wp\/v2\/comments?post=558"}],"version-history":[{"count":60,"href":"https:\/\/aefe-zeco.net\/de\/wp-json\/wp\/v2\/pages\/558\/revisions"}],"predecessor-version":[{"id":4458,"href":"https:\/\/aefe-zeco.net\/de\/wp-json\/wp\/v2\/pages\/558\/revisions\/4458"}],"up":[{"embeddable":true,"href":"https:\/\/aefe-zeco.net\/de\/wp-json\/wp\/v2\/pages\/193"}],"wp:attachment":[{"href":"https:\/\/aefe-zeco.net\/de\/wp-json\/wp\/v2\/media?parent=558"}],"curies":[{"name":"wp","href":"https:\/\/api.w.org\/{rel}","templated":true}]}}