{"id":3728,"date":"2024-12-17T09:07:19","date_gmt":"2024-12-17T08:07:19","guid":{"rendered":"https:\/\/aefe-zeco.net\/?page_id=3728"},"modified":"2025-02-04T09:20:30","modified_gmt":"2025-02-04T08:20:30","slug":"controversons-comment-rendre-la-complexite-lisible-dans-toutes-les-disciplines-cartographie-des-controverses-pluriannuel","status":"publish","type":"page","link":"https:\/\/aefe-zeco.net\/de\/les-formations-passees\/controversons-comment-rendre-la-complexite-lisible-dans-toutes-les-disciplines-cartographie-des-controverses-pluriannuel\/","title":{"rendered":"Lasst uns kontrovers sein! Wie man Komplexit\u00e4t in allen Disziplinen lesbar macht, mehrj\u00e4hriges Mapping von Kontroversen"},"content":{"rendered":"<p><div class=\"fusion-fullwidth fullwidth-box fusion-builder-row-1 fusion-flex-container has-pattern-background has-mask-background nonhundred-percent-fullwidth non-hundred-percent-height-scrolling\" style=\"--awb-border-radius-top-left:0px;--awb-border-radius-top-right:0px;--awb-border-radius-bottom-right:0px;--awb-border-radius-bottom-left:0px;--awb-flex-wrap:wrap;\" ><div class=\"fusion-builder-row fusion-row fusion-flex-align-items-flex-start fusion-flex-content-wrap\" style=\"max-width:1248px;margin-left: calc(-4% \/ 2 );margin-right: calc(-4% \/ 2 );\"><div class=\"fusion-layout-column fusion_builder_column fusion-builder-column-0 fusion_builder_column_1_1 1_1 fusion-flex-column\" style=\"--awb-bg-size:cover;--awb-width-large:100%;--awb-margin-top-large:0px;--awb-spacing-right-large:1.92%;--awb-margin-bottom-large:20px;--awb-spacing-left-large:1.92%;--awb-width-medium:100%;--awb-order-medium:0;--awb-spacing-right-medium:1.92%;--awb-spacing-left-medium:1.92%;--awb-width-small:100%;--awb-order-small:0;--awb-spacing-right-small:1.92%;--awb-spacing-left-small:1.92%;\"><div class=\"fusion-column-wrapper fusion-column-has-shadow fusion-flex-justify-content-flex-start fusion-content-layout-column\"><div class=\"fusion-text fusion-text-1\"><p><span style=\"color: #b70e7f;\"><strong>Lassen Sie uns kontrovers diskutieren! Wie man Komplexit\u00e4t in allen Disziplinen lesbar macht, Kartografie der<br \/>\nkontrovers mehrj\u00e4hrig<br \/>\n(10 Teilnehmer)<\/strong><\/span><\/p>\n<\/div><div class=\"fusion-separator fusion-full-width-sep\" style=\"align-self: center;margin-left: auto;margin-right: auto;width:100%;\"><div class=\"fusion-separator-border sep-single sep-solid\" style=\"--awb-height:20px;--awb-amount:20px;border-color:#e0dede;border-top-width:3px;\"><\/div><\/div><\/div><\/div><\/div><\/div><div class=\"fusion-fullwidth fullwidth-box fusion-builder-row-2 fusion-flex-container has-pattern-background has-mask-background nonhundred-percent-fullwidth non-hundred-percent-height-scrolling\" style=\"--awb-border-radius-top-left:0px;--awb-border-radius-top-right:0px;--awb-border-radius-bottom-right:0px;--awb-border-radius-bottom-left:0px;--awb-flex-wrap:wrap;\" ><div class=\"fusion-builder-row fusion-row fusion-flex-align-items-flex-start fusion-flex-content-wrap\" style=\"max-width:1248px;margin-left: calc(-4% \/ 2 );margin-right: calc(-4% \/ 2 );\"><div class=\"fusion-layout-column fusion_builder_column fusion-builder-column-1 fusion_builder_column_2_3 2_3 fusion-flex-column\" style=\"--awb-bg-size:cover;--awb-width-large:66.666666666667%;--awb-margin-top-large:0px;--awb-spacing-right-large:2.88%;--awb-margin-bottom-large:20px;--awb-spacing-left-large:2.88%;--awb-width-medium:100%;--awb-order-medium:0;--awb-spacing-right-medium:1.92%;--awb-spacing-left-medium:1.92%;--awb-width-small:100%;--awb-order-small:0;--awb-spacing-right-small:1.92%;--awb-spacing-left-small:1.92%;\"><div class=\"fusion-column-wrapper fusion-column-has-shadow fusion-flex-justify-content-flex-start fusion-content-layout-column\"><div class=\"fusion-text fusion-text-2\"><p style=\"text-align: left;\"><strong>Ort<br \/>\n<span style=\"color: #b70d7f;\">Franz\u00f6sisches Gymnasium Jean Renoir<\/span><\/strong><br \/>\nBerlepschstra\u00dfe 3<br \/>\n81373 M\u00fcnchen<br \/>\n<span style=\"color: #b70d7f;\"><strong><a style=\"color: #b70d7f;\" href=\"https:\/\/www.lycee-jean-renoir.de\/\">www.lycee-jean-renoir.de<\/a><\/strong><\/span><\/p>\n<p><strong>Kontakt<br \/>\n<\/strong>Frau Catherine Dehnel<\/p>\n<p><strong>Termine<br \/>\n<\/strong>Von Donnerstag, dem 30. Januar 2025, um 9 Uhr bis Freitag, dem 31. Januar, um 15 Uhr<\/p>\n<p><strong>Ausbilder<\/strong><br \/>\n<strong>Herr Herv\u00e9 Antoine<\/strong> EF2D Maths Lyc\u00e9e Fran\u00e7ais Jean Renoir in M\u00fcnchen ZECO<br \/>\n<strong>Frau Marie-Anne Dejoan<\/strong> ECP2D Physik-Chemie Franz\u00f6sisches Gymnasium Prins Henrik in Kopenhagen ZENOS<\/p>\n<p><strong>\u00a0<\/strong><\/p>\n<\/div><\/div><\/div><div class=\"fusion-layout-column fusion_builder_column fusion-builder-column-2 fusion_builder_column_1_3 1_3 fusion-flex-column\" style=\"--awb-bg-size:cover;--awb-width-large:33.333333333333%;--awb-margin-top-large:0px;--awb-spacing-right-large:5.76%;--awb-margin-bottom-large:20px;--awb-spacing-left-large:5.76%;--awb-width-medium:100%;--awb-order-medium:0;--awb-spacing-right-medium:1.92%;--awb-spacing-left-medium:1.92%;--awb-width-small:100%;--awb-order-small:0;--awb-spacing-right-small:1.92%;--awb-spacing-left-small:1.92%;\"><div class=\"fusion-column-wrapper fusion-column-has-shadow fusion-flex-justify-content-flex-start fusion-content-layout-column\"><div class=\"fusion-image-element\" style=\"--awb-caption-title-font-family:var(--h2_typography-font-family);--awb-caption-title-font-weight:var(--h2_typography-font-weight);--awb-caption-title-font-style:var(--h2_typography-font-style);--awb-caption-title-size:var(--h2_typography-font-size);--awb-caption-title-transform:var(--h2_typography-text-transform);--awb-caption-title-line-height:var(--h2_typography-line-height);--awb-caption-title-letter-spacing:var(--h2_typography-letter-spacing);\"><span class=\"fusion-imageframe imageframe-none imageframe-1 hover-type-none\"><img decoding=\"async\" width=\"600\" height=\"400\" title=\"Logo M\u00fcnchen Website\" src=\"https:\/\/aefe-zeco.net\/wp-content\/uploads\/2023\/02\/Logo-Munich-site-internet.png\" data-orig-src=\"https:\/\/aefe-zeco.net\/wp-content\/uploads\/2023\/02\/Logo-Munich-site-internet.png\" alt class=\"lazyload img-responsive wp-image-452\" srcset=\"data:image\/svg+xml,%3Csvg%20xmlns%3D%27http%3A%2F%2Fwww.w3.org%2F2000%2Fsvg%27%20width%3D%27600%27%20height%3D%27400%27%20viewBox%3D%270%200%20600%20400%27%3E%3Crect%20width%3D%27600%27%20height%3D%27400%27%20fill-opacity%3D%220%22%2F%3E%3C%2Fsvg%3E\" data-srcset=\"https:\/\/aefe-zeco.net\/wp-content\/uploads\/2023\/02\/Logo-Munich-site-internet-200x133.png 200w, https:\/\/aefe-zeco.net\/wp-content\/uploads\/2023\/02\/Logo-Munich-site-internet-400x267.png 400w, https:\/\/aefe-zeco.net\/wp-content\/uploads\/2023\/02\/Logo-Munich-site-internet.png 600w\" data-sizes=\"auto\" data-orig-sizes=\"(max-width: 1024px) 100vw, (max-width: 640px) 100vw, 400px\" \/><\/span><\/div><\/div><\/div><\/div><\/div><\/p>","protected":false},"excerpt":{"rendered":"","protected":false},"author":1,"featured_media":0,"parent":1132,"menu_order":37,"comment_status":"closed","ping_status":"closed","template":"","meta":{"footnotes":""},"class_list":["post-3728","page","type-page","status-publish","hentry"],"_links":{"self":[{"href":"https:\/\/aefe-zeco.net\/de\/wp-json\/wp\/v2\/pages\/3728","targetHints":{"allow":["GET"]}}],"collection":[{"href":"https:\/\/aefe-zeco.net\/de\/wp-json\/wp\/v2\/pages"}],"about":[{"href":"https:\/\/aefe-zeco.net\/de\/wp-json\/wp\/v2\/types\/page"}],"author":[{"embeddable":true,"href":"https:\/\/aefe-zeco.net\/de\/wp-json\/wp\/v2\/users\/1"}],"replies":[{"embeddable":true,"href":"https:\/\/aefe-zeco.net\/de\/wp-json\/wp\/v2\/comments?post=3728"}],"version-history":[{"count":3,"href":"https:\/\/aefe-zeco.net\/de\/wp-json\/wp\/v2\/pages\/3728\/revisions"}],"predecessor-version":[{"id":3826,"href":"https:\/\/aefe-zeco.net\/de\/wp-json\/wp\/v2\/pages\/3728\/revisions\/3826"}],"up":[{"embeddable":true,"href":"https:\/\/aefe-zeco.net\/de\/wp-json\/wp\/v2\/pages\/1132"}],"wp:attachment":[{"href":"https:\/\/aefe-zeco.net\/de\/wp-json\/wp\/v2\/media?parent=3728"}],"curies":[{"name":"wp","href":"https:\/\/api.w.org\/{rel}","templated":true}]}}