{"id":3519,"date":"2024-11-28T10:14:40","date_gmt":"2024-11-28T09:14:40","guid":{"rendered":"https:\/\/aefe-zeco.net\/?page_id=3519"},"modified":"2025-03-06T11:00:59","modified_gmt":"2025-03-06T10:00:59","slug":"concours-photo-zeco-2024-2025","status":"publish","type":"page","link":"https:\/\/aefe-zeco.net\/de\/concours-photo-zeco-2024-2025\/","title":{"rendered":"ZECO 2024-2025 Fotowettbewerb"},"content":{"rendered":"<div class=\"fusion-fullwidth fullwidth-box fusion-builder-row-1 fusion-flex-container has-pattern-background has-mask-background nonhundred-percent-fullwidth non-hundred-percent-height-scrolling\" style=\"--awb-border-radius-top-left:0px;--awb-border-radius-top-right:0px;--awb-border-radius-bottom-right:0px;--awb-border-radius-bottom-left:0px;--awb-flex-wrap:wrap;\" ><div class=\"fusion-builder-row fusion-row fusion-flex-align-items-flex-start fusion-flex-content-wrap\" style=\"max-width:1248px;margin-left: calc(-4% \/ 2 );margin-right: calc(-4% \/ 2 );\"><div class=\"fusion-layout-column fusion_builder_column fusion-builder-column-0 fusion_builder_column_2_3 2_3 fusion-flex-column\" style=\"--awb-bg-size:cover;--awb-width-large:66.666666666667%;--awb-margin-top-large:0px;--awb-spacing-right-large:2.88%;--awb-margin-bottom-large:20px;--awb-spacing-left-large:2.88%;--awb-width-medium:100%;--awb-order-medium:0;--awb-spacing-right-medium:1.92%;--awb-spacing-left-medium:1.92%;--awb-width-small:100%;--awb-order-small:0;--awb-spacing-right-small:1.92%;--awb-spacing-left-small:1.92%;\"><div class=\"fusion-column-wrapper fusion-column-has-shadow fusion-flex-justify-content-flex-start fusion-content-layout-column\"><div class=\"fusion-text fusion-text-1\"><p><span style=\"color: #b70e7f;\"><strong>\ud83d\udcf7 Die Zone Mittel- und Osteuropa der AEFE organisiert einen Fotowettbewerb, an dem alle Sch\u00fclerinnen und Sch\u00fcler von der vierten bis zur zw\u00f6lften Klasse teilnehmen k\u00f6nnen.<br \/>\nDer Wettbewerb findet von Dezember 2024 bis Ende Februar 2025 statt.<br \/>\n<\/strong><\/span><\/p>\n<hr \/>\n<p>Die Thematik der <strong>Frankophonie<\/strong> steht im Mittelpunkt der von der AEFE in den Jahren 2024\/2025 getragenen Veranstaltungen.<br \/>\nDer ZECO-Fotowettbewerb steht im Zusammenhang mit dem Thema, das f\u00fcr die p\u00e4dagogische Ma\u00dfnahme \"Ambassadors, Ambassadors in Heroes\" (AAEH) ausgew\u00e4hlt wurde: <strong>Die Frankophonie: eine Reise durch Zeit und Raum<\/strong>.<\/p>\n<p>Die Fotos f\u00fcr den Wettbewerb haben folgende Themen <strong>Ausdr\u00fccke in Klischees<\/strong>. Die Sch\u00fclerinnen und Sch\u00fcler k\u00f6nnen sich auf alle Sprichw\u00f6rter, Proverbs, Zitate oder Redewendungen der franz\u00f6sischen Sprache st\u00fctzen.<\/p>\n<p>Finden Sie <a href=\"https:\/\/aefe-zeco.net\/wp-content\/uploads\/2024\/11\/Reglement-Concours-photo-ZECO-2024-2025.pdf\"><strong>hier<\/strong><\/a>\u00a0die Regeln des Fotowettbewerbs.<\/p>\n<\/div><\/div><\/div><div class=\"fusion-layout-column fusion_builder_column fusion-builder-column-1 fusion_builder_column_1_3 1_3 fusion-flex-column\" style=\"--awb-bg-size:cover;--awb-width-large:33.333333333333%;--awb-margin-top-large:0px;--awb-spacing-right-large:5.76%;--awb-margin-bottom-large:20px;--awb-spacing-left-large:5.76%;--awb-width-medium:100%;--awb-order-medium:0;--awb-spacing-right-medium:1.92%;--awb-spacing-left-medium:1.92%;--awb-width-small:100%;--awb-order-small:0;--awb-spacing-right-small:1.92%;--awb-spacing-left-small:1.92%;\"><div class=\"fusion-column-wrapper fusion-column-has-shadow fusion-flex-justify-content-flex-start fusion-content-layout-column\"><div class=\"fusion-image-element\" style=\"--awb-caption-title-font-family:var(--h2_typography-font-family);--awb-caption-title-font-weight:var(--h2_typography-font-weight);--awb-caption-title-font-style:var(--h2_typography-font-style);--awb-caption-title-size:var(--h2_typography-font-size);--awb-caption-title-transform:var(--h2_typography-text-transform);--awb-caption-title-line-height:var(--h2_typography-line-height);--awb-caption-title-letter-spacing:var(--h2_typography-letter-spacing);\"><span class=\"fusion-imageframe imageframe-none imageframe-1 hover-type-none\"><img decoding=\"async\" width=\"1414\" height=\"2000\" title=\"Zone Mittel- und Osteuropa - AEFE\" src=\"https:\/\/aefe-zeco.net\/wp-content\/uploads\/2024\/11\/Zone-Europe-Centrale-et-Orientale-AEFE.png\" data-orig-src=\"https:\/\/aefe-zeco.net\/wp-content\/uploads\/2024\/11\/Zone-Europe-Centrale-et-Orientale-AEFE.png\" alt class=\"lazyload img-responsive wp-image-3522\" srcset=\"data:image\/svg+xml,%3Csvg%20xmlns%3D%27http%3A%2F%2Fwww.w3.org%2F2000%2Fsvg%27%20width%3D%271414%27%20height%3D%272000%27%20viewBox%3D%270%200%201414%202000%27%3E%3Crect%20width%3D%271414%27%20height%3D%272000%27%20fill-opacity%3D%220%22%2F%3E%3C%2Fsvg%3E\" data-srcset=\"https:\/\/aefe-zeco.net\/wp-content\/uploads\/2024\/11\/Zone-Europe-Centrale-et-Orientale-AEFE-200x283.png 200w, https:\/\/aefe-zeco.net\/wp-content\/uploads\/2024\/11\/Zone-Europe-Centrale-et-Orientale-AEFE-400x566.png 400w, https:\/\/aefe-zeco.net\/wp-content\/uploads\/2024\/11\/Zone-Europe-Centrale-et-Orientale-AEFE-600x849.png 600w, https:\/\/aefe-zeco.net\/wp-content\/uploads\/2024\/11\/Zone-Europe-Centrale-et-Orientale-AEFE-800x1132.png 800w, https:\/\/aefe-zeco.net\/wp-content\/uploads\/2024\/11\/Zone-Europe-Centrale-et-Orientale-AEFE-1200x1697.png 1200w, https:\/\/aefe-zeco.net\/wp-content\/uploads\/2024\/11\/Zone-Europe-Centrale-et-Orientale-AEFE.png 1414w\" data-sizes=\"auto\" data-orig-sizes=\"(max-width: 1024px) 100vw, (max-width: 640px) 100vw, 400px\" \/><\/span><\/div><\/div><\/div><div class=\"fusion-layout-column fusion_builder_column fusion-builder-column-2 fusion_builder_column_1_1 1_1 fusion-flex-column\" style=\"--awb-bg-size:cover;--awb-width-large:100%;--awb-margin-top-large:0px;--awb-spacing-right-large:1.92%;--awb-margin-bottom-large:20px;--awb-spacing-left-large:1.92%;--awb-width-medium:100%;--awb-order-medium:0;--awb-spacing-right-medium:1.92%;--awb-spacing-left-medium:1.92%;--awb-width-small:100%;--awb-order-small:0;--awb-spacing-right-small:1.92%;--awb-spacing-left-small:1.92%;\"><div class=\"fusion-column-wrapper fusion-column-has-shadow fusion-flex-justify-content-flex-start fusion-content-layout-column\"><div class=\"fusion-separator fusion-full-width-sep\" style=\"align-self: center;margin-left: auto;margin-right: auto;width:100%;\"><div class=\"fusion-separator-border sep-single sep-solid\" style=\"--awb-height:20px;--awb-amount:20px;border-color:#e0dede;border-top-width:3px;\"><\/div><\/div><\/div><\/div><div class=\"fusion-layout-column fusion_builder_column fusion-builder-column-3 fusion_builder_column_2_3 2_3 fusion-flex-column\" style=\"--awb-bg-size:cover;--awb-width-large:66.666666666667%;--awb-margin-top-large:0px;--awb-spacing-right-large:2.88%;--awb-margin-bottom-large:20px;--awb-spacing-left-large:2.88%;--awb-width-medium:100%;--awb-order-medium:0;--awb-spacing-right-medium:1.92%;--awb-spacing-left-medium:1.92%;--awb-width-small:100%;--awb-order-small:0;--awb-spacing-right-small:1.92%;--awb-spacing-left-small:1.92%;\"><div class=\"fusion-column-wrapper fusion-column-has-shadow fusion-flex-justify-content-flex-start fusion-content-layout-column\"><div class=\"fusion-video fusion-selfhosted-video\" style=\"max-width:100%;\"><div class=\"video-wrapper\"><video playsinline=\"true\" width=\"100%\" style=\"object-fit: cover;\" autoplay=\"true\" muted=\"true\" loop=\"true\" preload=\"auto\" controls=\"1\"><source src=\"https:\/\/aefe-zeco.net\/wp-content\/uploads\/2025\/03\/Concours-photo-ZECO-2024.mp4\" type=\"video\/mp4\">Sorry, your browser does not support embedded videos.<\/video><\/div><\/div><\/div><\/div><div class=\"fusion-layout-column fusion_builder_column fusion-builder-column-4 fusion_builder_column_1_3 1_3 fusion-flex-column\" style=\"--awb-bg-size:cover;--awb-width-large:33.333333333333%;--awb-margin-top-large:0px;--awb-spacing-right-large:5.76%;--awb-margin-bottom-large:20px;--awb-spacing-left-large:5.76%;--awb-width-medium:100%;--awb-order-medium:0;--awb-spacing-right-medium:1.92%;--awb-spacing-left-medium:1.92%;--awb-width-small:100%;--awb-order-small:0;--awb-spacing-right-small:1.92%;--awb-spacing-left-small:1.92%;\"><div class=\"fusion-column-wrapper fusion-column-has-shadow fusion-flex-justify-content-flex-start fusion-content-layout-column\"><div class=\"fusion-text fusion-text-2\"><p>Hier sind die 15 preisgekr\u00f6nten Fotos im <strong>ZECO-Fotowettbewerb<\/strong> !<\/p>\n<p>Die Sch\u00fclerinnen und Sch\u00fcler unserer Zone haben auch in diesem Jahr wieder ihre Kreativit\u00e4t unter Beweis gestellt und oftmals viel Fantasie, Vorstellungskraft und Humor bewiesen. Ein gro\u00dfes Lob an alle, die teilgenommen haben, egal ob sie gewonnen haben oder nicht!!\ud83d\udc4f\ud83d\udc4f<\/p>\n<\/div><\/div><\/div><\/div><\/div>","protected":false},"excerpt":{"rendered":"","protected":false},"author":1,"featured_media":0,"parent":0,"menu_order":28,"comment_status":"closed","ping_status":"closed","template":"","meta":{"footnotes":""},"class_list":["post-3519","page","type-page","status-publish","hentry"],"_links":{"self":[{"href":"https:\/\/aefe-zeco.net\/de\/wp-json\/wp\/v2\/pages\/3519","targetHints":{"allow":["GET"]}}],"collection":[{"href":"https:\/\/aefe-zeco.net\/de\/wp-json\/wp\/v2\/pages"}],"about":[{"href":"https:\/\/aefe-zeco.net\/de\/wp-json\/wp\/v2\/types\/page"}],"author":[{"embeddable":true,"href":"https:\/\/aefe-zeco.net\/de\/wp-json\/wp\/v2\/users\/1"}],"replies":[{"embeddable":true,"href":"https:\/\/aefe-zeco.net\/de\/wp-json\/wp\/v2\/comments?post=3519"}],"version-history":[{"count":5,"href":"https:\/\/aefe-zeco.net\/de\/wp-json\/wp\/v2\/pages\/3519\/revisions"}],"predecessor-version":[{"id":4013,"href":"https:\/\/aefe-zeco.net\/de\/wp-json\/wp\/v2\/pages\/3519\/revisions\/4013"}],"wp:attachment":[{"href":"https:\/\/aefe-zeco.net\/de\/wp-json\/wp\/v2\/media?parent=3519"}],"curies":[{"name":"wp","href":"https:\/\/api.w.org\/{rel}","templated":true}]}}