{"id":3086,"date":"2024-09-05T11:19:00","date_gmt":"2024-09-05T09:19:00","guid":{"rendered":"https:\/\/aefe-zeco.net\/?page_id=3086"},"modified":"2024-11-28T10:24:34","modified_gmt":"2024-11-28T09:24:34","slug":"concours-kamishibai-plurilingue-2024-2025","status":"publish","type":"page","link":"https:\/\/aefe-zeco.net\/de\/concours-kamishibai-plurilingue-2024-2025\/","title":{"rendered":"Mehrsprachiger Kamishibai-Wettbewerb 2024-2025"},"content":{"rendered":"<div class=\"fusion-fullwidth fullwidth-box fusion-builder-row-1 fusion-flex-container has-pattern-background has-mask-background nonhundred-percent-fullwidth non-hundred-percent-height-scrolling\" style=\"--awb-border-radius-top-left:0px;--awb-border-radius-top-right:0px;--awb-border-radius-bottom-right:0px;--awb-border-radius-bottom-left:0px;--awb-flex-wrap:wrap;\" ><div class=\"fusion-builder-row fusion-row fusion-flex-align-items-flex-start fusion-flex-content-wrap\" style=\"max-width:1248px;margin-left: calc(-4% \/ 2 );margin-right: calc(-4% \/ 2 );\"><div class=\"fusion-layout-column fusion_builder_column fusion-builder-column-0 fusion_builder_column_2_3 2_3 fusion-flex-column\" style=\"--awb-bg-size:cover;--awb-width-large:66.666666666667%;--awb-margin-top-large:0px;--awb-spacing-right-large:2.88%;--awb-margin-bottom-large:20px;--awb-spacing-left-large:2.88%;--awb-width-medium:100%;--awb-order-medium:0;--awb-spacing-right-medium:1.92%;--awb-spacing-left-medium:1.92%;--awb-width-small:100%;--awb-order-small:0;--awb-spacing-right-small:1.92%;--awb-spacing-left-small:1.92%;\"><div class=\"fusion-column-wrapper fusion-column-has-shadow fusion-flex-justify-content-flex-start fusion-content-layout-column\"><div class=\"fusion-text fusion-text-1\"><p><span style=\"color: #b70e7f;\"><strong>Die Ausgabe 2023-2024 des mehrsprachigen Kamishibai-Wettbewerbs der ZECO war ein voller Erfolg!<\/strong><\/span><\/p>\n<p><span style=\"color: #b70e7f;\"><strong>F\u00fcr das neue Schuljahr 2024\/2025 hat das IEN-B\u00fcro f\u00fcr die Zone Mittel- und Osteuropa in Partnerschaft mit der franz\u00f6sischen Assoziation <a style=\"color: #b70e7f;\" href=\"https:\/\/dulala.fr\/\">Dulala<\/a>Wenn Sie sich f\u00fcr die Teilnahme an diesem mehrsprachigen Geschichtenwettbewerb entscheiden, schlagen wir Ihnen erneut vor, sich den Kami-News anzuschlie\u00dfen, die an diesem Wettbewerb teilnehmen.<\/strong><\/span><\/p>\n<\/div><\/div><\/div><div class=\"fusion-layout-column fusion_builder_column fusion-builder-column-1 fusion_builder_column_1_3 1_3 fusion-flex-column\" style=\"--awb-bg-size:cover;--awb-width-large:33.333333333333%;--awb-margin-top-large:0px;--awb-spacing-right-large:5.76%;--awb-margin-bottom-large:20px;--awb-spacing-left-large:5.76%;--awb-width-medium:100%;--awb-order-medium:0;--awb-spacing-right-medium:1.92%;--awb-spacing-left-medium:1.92%;--awb-width-small:100%;--awb-order-small:0;--awb-spacing-right-small:1.92%;--awb-spacing-left-small:1.92%;\"><div class=\"fusion-column-wrapper fusion-column-has-shadow fusion-flex-justify-content-flex-start fusion-content-layout-column\"><div class=\"fusion-image-element\" style=\"--awb-caption-title-font-family:var(--h2_typography-font-family);--awb-caption-title-font-weight:var(--h2_typography-font-weight);--awb-caption-title-font-style:var(--h2_typography-font-style);--awb-caption-title-size:var(--h2_typography-font-size);--awb-caption-title-transform:var(--h2_typography-text-transform);--awb-caption-title-line-height:var(--h2_typography-line-height);--awb-caption-title-letter-spacing:var(--h2_typography-letter-spacing);\"><span class=\"fusion-imageframe imageframe-none imageframe-1 hover-type-none\"><img decoding=\"async\" width=\"2000\" height=\"675\" title=\"Logo Kamilala Banner(1)\" src=\"https:\/\/aefe-zeco.net\/wp-content\/uploads\/2023\/09\/Logo-Kamilala-banniere1-scaled.jpg\" data-orig-src=\"https:\/\/aefe-zeco.net\/wp-content\/uploads\/2023\/09\/Logo-Kamilala-banniere1-scaled.jpg\" alt class=\"lazyload img-responsive wp-image-1528\" srcset=\"data:image\/svg+xml,%3Csvg%20xmlns%3D%27http%3A%2F%2Fwww.w3.org%2F2000%2Fsvg%27%20width%3D%272000%27%20height%3D%27675%27%20viewBox%3D%270%200%202000%20675%27%3E%3Crect%20width%3D%272000%27%20height%3D%27675%27%20fill-opacity%3D%220%22%2F%3E%3C%2Fsvg%3E\" data-srcset=\"https:\/\/aefe-zeco.net\/wp-content\/uploads\/2023\/09\/Logo-Kamilala-banniere1-200x68.jpg 200w, https:\/\/aefe-zeco.net\/wp-content\/uploads\/2023\/09\/Logo-Kamilala-banniere1-400x135.jpg 400w, https:\/\/aefe-zeco.net\/wp-content\/uploads\/2023\/09\/Logo-Kamilala-banniere1-600x203.jpg 600w, https:\/\/aefe-zeco.net\/wp-content\/uploads\/2023\/09\/Logo-Kamilala-banniere1-800x270.jpg 800w, https:\/\/aefe-zeco.net\/wp-content\/uploads\/2023\/09\/Logo-Kamilala-banniere1-1200x405.jpg 1200w, https:\/\/aefe-zeco.net\/wp-content\/uploads\/2023\/09\/Logo-Kamilala-banniere1-scaled.jpg 2000w\" data-sizes=\"auto\" data-orig-sizes=\"(max-width: 1024px) 100vw, (max-width: 640px) 100vw, 400px\" \/><\/span><\/div><\/div><\/div><div class=\"fusion-layout-column fusion_builder_column fusion-builder-column-2 fusion_builder_column_1_1 1_1 fusion-flex-column\" style=\"--awb-bg-size:cover;--awb-width-large:100%;--awb-margin-top-large:0px;--awb-spacing-right-large:1.92%;--awb-margin-bottom-large:20px;--awb-spacing-left-large:1.92%;--awb-width-medium:100%;--awb-order-medium:0;--awb-spacing-right-medium:1.92%;--awb-spacing-left-medium:1.92%;--awb-width-small:100%;--awb-order-small:0;--awb-spacing-right-small:1.92%;--awb-spacing-left-small:1.92%;\"><div class=\"fusion-column-wrapper fusion-column-has-shadow fusion-flex-justify-content-flex-start fusion-content-layout-column\"><div class=\"fusion-separator fusion-full-width-sep\" style=\"align-self: center;margin-left: auto;margin-right: auto;width:100%;\"><div class=\"fusion-separator-border sep-single sep-solid\" style=\"--awb-height:20px;--awb-amount:20px;border-color:#e0dede;border-top-width:2px;\"><\/div><\/div><\/div><\/div><div class=\"fusion-layout-column fusion_builder_column fusion-builder-column-3 fusion_builder_column_1_3 1_3 fusion-flex-column\" style=\"--awb-bg-size:cover;--awb-width-large:33.333333333333%;--awb-margin-top-large:0px;--awb-spacing-right-large:5.76%;--awb-margin-bottom-large:20px;--awb-spacing-left-large:5.76%;--awb-width-medium:100%;--awb-order-medium:0;--awb-spacing-right-medium:1.92%;--awb-spacing-left-medium:1.92%;--awb-width-small:100%;--awb-order-small:0;--awb-spacing-right-small:1.92%;--awb-spacing-left-small:1.92%;\"><div class=\"fusion-column-wrapper fusion-column-has-shadow fusion-flex-justify-content-flex-start fusion-content-layout-column\"><div class=\"fusion-image-element\" style=\"--awb-caption-title-font-family:var(--h2_typography-font-family);--awb-caption-title-font-weight:var(--h2_typography-font-weight);--awb-caption-title-font-style:var(--h2_typography-font-style);--awb-caption-title-size:var(--h2_typography-font-size);--awb-caption-title-transform:var(--h2_typography-text-transform);--awb-caption-title-line-height:var(--h2_typography-line-height);--awb-caption-title-letter-spacing:var(--h2_typography-letter-spacing);\"><span class=\"fusion-imageframe imageframe-none imageframe-2 hover-type-none\"><img decoding=\"async\" width=\"960\" height=\"720\" title=\"ZECOPlakat Kamishibai-Wettbewerb 2024 2025\" src=\"https:\/\/aefe-zeco.net\/wp-content\/uploads\/2024\/09\/ZECOAffiche-Concours-kamishibai-2024-2025.png\" data-orig-src=\"https:\/\/aefe-zeco.net\/wp-content\/uploads\/2024\/09\/ZECOAffiche-Concours-kamishibai-2024-2025.png\" alt class=\"lazyload img-responsive wp-image-3112\" srcset=\"data:image\/svg+xml,%3Csvg%20xmlns%3D%27http%3A%2F%2Fwww.w3.org%2F2000%2Fsvg%27%20width%3D%27960%27%20height%3D%27720%27%20viewBox%3D%270%200%20960%20720%27%3E%3Crect%20width%3D%27960%27%20height%3D%27720%27%20fill-opacity%3D%220%22%2F%3E%3C%2Fsvg%3E\" data-srcset=\"https:\/\/aefe-zeco.net\/wp-content\/uploads\/2024\/09\/ZECOAffiche-Concours-kamishibai-2024-2025-200x150.png 200w, https:\/\/aefe-zeco.net\/wp-content\/uploads\/2024\/09\/ZECOAffiche-Concours-kamishibai-2024-2025-400x300.png 400w, https:\/\/aefe-zeco.net\/wp-content\/uploads\/2024\/09\/ZECOAffiche-Concours-kamishibai-2024-2025-600x450.png 600w, https:\/\/aefe-zeco.net\/wp-content\/uploads\/2024\/09\/ZECOAffiche-Concours-kamishibai-2024-2025-800x600.png 800w, https:\/\/aefe-zeco.net\/wp-content\/uploads\/2024\/09\/ZECOAffiche-Concours-kamishibai-2024-2025.png 960w\" data-sizes=\"auto\" data-orig-sizes=\"(max-width: 1024px) 100vw, (max-width: 640px) 100vw, 400px\" \/><\/span><\/div><\/div><\/div><div class=\"fusion-layout-column fusion_builder_column fusion-builder-column-4 fusion_builder_column_2_3 2_3 fusion-flex-column\" style=\"--awb-bg-size:cover;--awb-width-large:66.666666666667%;--awb-margin-top-large:0px;--awb-spacing-right-large:2.88%;--awb-margin-bottom-large:20px;--awb-spacing-left-large:2.88%;--awb-width-medium:100%;--awb-order-medium:0;--awb-spacing-right-medium:1.92%;--awb-spacing-left-medium:1.92%;--awb-width-small:100%;--awb-order-small:0;--awb-spacing-right-small:1.92%;--awb-spacing-left-small:1.92%;\"><div class=\"fusion-column-wrapper fusion-column-has-shadow fusion-flex-justify-content-flex-start fusion-content-layout-column\"><div class=\"fusion-text fusion-text-2\"><p style=\"text-align: left;\">\u2605 <strong>Was ist das?<\/strong><br \/>\n<a href=\"https:\/\/drive.google.com\/file\/d\/1GV5BxvUXHNZ_c6jNCE39UGBdPoTBdoCq\/view?usp=sharing\"><strong>Steckbrief und weiterf\u00fchrendes Material<\/strong><\/a><\/p>\n<p>\u2605 <strong>Das Thema des Wettbewerbs f\u00fcr das Jahr 2024-2025 lautet :\u00a0<\/strong><br \/>\n<strong>\"Lass mich in Ruhe!\"<\/strong><\/p>\n<p>\u2605 <strong>Lehrer\/in\/Klasse\/Stufe\/<\/strong><strong>teilnehmende Einrichtungen<br \/>\n<\/strong>Der Kamilala-Wettbewerb der Zone Mittel- und Osteuropa (<a href=\"https:\/\/kamilala.org\/partner\/aefe-zeco\/\"><strong>www.kamilala.org\/partner\/aefe-zeco\/<\/strong><\/a>) richtet sich an alle Sch\u00fclerinnen und Sch\u00fcler unserer Schulen, einschlie\u00dflich derjenigen, die die Schulsprache(n) in der ersten und zweiten Stufe erwerben.<\/p>\n<\/div><\/div><\/div><div class=\"fusion-layout-column fusion_builder_column fusion-builder-column-5 fusion_builder_column_1_1 1_1 fusion-flex-column\" style=\"--awb-bg-size:cover;--awb-width-large:100%;--awb-margin-top-large:0px;--awb-spacing-right-large:1.92%;--awb-margin-bottom-large:20px;--awb-spacing-left-large:1.92%;--awb-width-medium:100%;--awb-order-medium:0;--awb-spacing-right-medium:1.92%;--awb-spacing-left-medium:1.92%;--awb-width-small:100%;--awb-order-small:0;--awb-spacing-right-small:1.92%;--awb-spacing-left-small:1.92%;\"><div class=\"fusion-column-wrapper fusion-column-has-shadow fusion-flex-justify-content-flex-start fusion-content-layout-column\"><div class=\"fusion-text fusion-text-3\"><p><strong>\u2605 <\/strong><strong>Wie kann man teilnehmen?<br \/>\n<\/strong>Anmeldung m\u00f6glich \u00fcber das<strong> <a href=\"https:\/\/docs.google.com\/forms\/d\/e\/1FAIpQLSf1uUz3ZSSfM4Dq-FPLHLkqCHbrPjoeAyT7iFT985zTBcitFg\/viewform\">n\u00e4chster Link<\/a><\/strong> von <strong>26. August bis 18. Oktober 2024.<\/strong><\/p>\n<p><strong>\u2605 In diesem Projekt begleitet werden und mit anderen teilen :<br \/>\n<\/strong>Weitere Informationen finden Sie auf dem <strong>Webinar zur Vorstellung des Wettbewerbs am 1. Oktober <\/strong><strong>von 16.00 bis 17.00 Uhr Pariser Zeit <\/strong>auf den Zoom von Nathalie Jeudy-Karakoc <strong>(Meeting-ID: 391 025 6234 - Geheimcode: 9J03mb)<\/strong>.<\/p>\n<p>Sie finden in der<a href=\"https:\/\/aefe-zeco.net\/wp-content\/uploads\/2024\/09\/Reglement-concours-Kamishibai-ZECO-2024-2025.pdf\"> <strong>Wettbewerbsregeln<\/strong><\/a> alle praktischen Modalit\u00e4ten bez\u00fcglich der Erstellung von Kamishibai, der Einsendung der Produktionen, des Formats...<\/p>\n<\/div><\/div><\/div><\/div><\/div>","protected":false},"excerpt":{"rendered":"","protected":false},"author":1,"featured_media":0,"parent":0,"menu_order":30,"comment_status":"closed","ping_status":"closed","template":"","meta":{"footnotes":""},"class_list":["post-3086","page","type-page","status-publish","hentry"],"_links":{"self":[{"href":"https:\/\/aefe-zeco.net\/de\/wp-json\/wp\/v2\/pages\/3086","targetHints":{"allow":["GET"]}}],"collection":[{"href":"https:\/\/aefe-zeco.net\/de\/wp-json\/wp\/v2\/pages"}],"about":[{"href":"https:\/\/aefe-zeco.net\/de\/wp-json\/wp\/v2\/types\/page"}],"author":[{"embeddable":true,"href":"https:\/\/aefe-zeco.net\/de\/wp-json\/wp\/v2\/users\/1"}],"replies":[{"embeddable":true,"href":"https:\/\/aefe-zeco.net\/de\/wp-json\/wp\/v2\/comments?post=3086"}],"version-history":[{"count":17,"href":"https:\/\/aefe-zeco.net\/de\/wp-json\/wp\/v2\/pages\/3086\/revisions"}],"predecessor-version":[{"id":3115,"href":"https:\/\/aefe-zeco.net\/de\/wp-json\/wp\/v2\/pages\/3086\/revisions\/3115"}],"wp:attachment":[{"href":"https:\/\/aefe-zeco.net\/de\/wp-json\/wp\/v2\/media?parent=3086"}],"curies":[{"name":"wp","href":"https:\/\/api.w.org\/{rel}","templated":true}]}}