{"id":2703,"date":"2024-05-07T08:57:06","date_gmt":"2024-05-07T06:57:06","guid":{"rendered":"https:\/\/aefe-zeco.net\/?page_id=2703"},"modified":"2025-03-21T16:33:32","modified_gmt":"2025-03-21T15:33:32","slug":"berlin-euro-parlement","status":"publish","type":"page","link":"https:\/\/aefe-zeco.net\/de\/berlin-euro-parlement\/","title":{"rendered":"Berlin Euro Parlament"},"content":{"rendered":"<div class=\"fusion-fullwidth fullwidth-box fusion-builder-row-1 fusion-flex-container has-pattern-background has-mask-background nonhundred-percent-fullwidth non-hundred-percent-height-scrolling\" style=\"--awb-border-radius-top-left:0px;--awb-border-radius-top-right:0px;--awb-border-radius-bottom-right:0px;--awb-border-radius-bottom-left:0px;--awb-flex-wrap:wrap;\" ><div class=\"fusion-builder-row fusion-row fusion-flex-align-items-flex-start fusion-flex-content-wrap\" style=\"max-width:1248px;margin-left: calc(-4% \/ 2 );margin-right: calc(-4% \/ 2 );\"><div class=\"fusion-layout-column fusion_builder_column fusion-builder-column-0 fusion_builder_column_1_2 1_2 fusion-flex-column\" style=\"--awb-bg-size:cover;--awb-width-large:50%;--awb-margin-top-large:0px;--awb-spacing-right-large:3.84%;--awb-margin-bottom-large:20px;--awb-spacing-left-large:3.84%;--awb-width-medium:100%;--awb-order-medium:0;--awb-spacing-right-medium:1.92%;--awb-spacing-left-medium:1.92%;--awb-width-small:100%;--awb-order-small:0;--awb-spacing-right-small:1.92%;--awb-spacing-left-small:1.92%;\"><div class=\"fusion-column-wrapper fusion-column-has-shadow fusion-flex-justify-content-flex-start fusion-content-layout-column\"><div class=\"fusion-image-element\" style=\"text-align:center;--awb-caption-title-font-family:var(--h2_typography-font-family);--awb-caption-title-font-weight:var(--h2_typography-font-weight);--awb-caption-title-font-style:var(--h2_typography-font-style);--awb-caption-title-size:var(--h2_typography-font-size);--awb-caption-title-transform:var(--h2_typography-text-transform);--awb-caption-title-line-height:var(--h2_typography-line-height);--awb-caption-title-letter-spacing:var(--h2_typography-letter-spacing);\"><span class=\"fusion-imageframe imageframe-none imageframe-1 hover-type-none\"><img decoding=\"async\" width=\"503\" height=\"368\" title=\"image_2024-01-17_211854685\" src=\"https:\/\/aefe-zeco.net\/wp-content\/uploads\/2024\/05\/image_2024-01-17_211854685.png\" data-orig-src=\"https:\/\/aefe-zeco.net\/wp-content\/uploads\/2024\/05\/image_2024-01-17_211854685.png\" alt class=\"lazyload img-responsive wp-image-2704\" srcset=\"data:image\/svg+xml,%3Csvg%20xmlns%3D%27http%3A%2F%2Fwww.w3.org%2F2000%2Fsvg%27%20width%3D%27503%27%20height%3D%27368%27%20viewBox%3D%270%200%20503%20368%27%3E%3Crect%20width%3D%27503%27%20height%3D%27368%27%20fill-opacity%3D%220%22%2F%3E%3C%2Fsvg%3E\" data-srcset=\"https:\/\/aefe-zeco.net\/wp-content\/uploads\/2024\/05\/image_2024-01-17_211854685-200x146.png 200w, https:\/\/aefe-zeco.net\/wp-content\/uploads\/2024\/05\/image_2024-01-17_211854685-400x293.png 400w, https:\/\/aefe-zeco.net\/wp-content\/uploads\/2024\/05\/image_2024-01-17_211854685.png 503w\" data-sizes=\"auto\" data-orig-sizes=\"(max-width: 1024px) 100vw, (max-width: 640px) 100vw, 503px\" \/><\/span><\/div><\/div><\/div><div class=\"fusion-layout-column fusion_builder_column fusion-builder-column-1 fusion_builder_column_1_2 1_2 fusion-flex-column\" style=\"--awb-bg-size:cover;--awb-width-large:50%;--awb-margin-top-large:0px;--awb-spacing-right-large:3.84%;--awb-margin-bottom-large:20px;--awb-spacing-left-large:3.84%;--awb-width-medium:100%;--awb-order-medium:0;--awb-spacing-right-medium:1.92%;--awb-spacing-left-medium:1.92%;--awb-width-small:100%;--awb-order-small:0;--awb-spacing-right-small:1.92%;--awb-spacing-left-small:1.92%;\"><div class=\"fusion-column-wrapper fusion-column-has-shadow fusion-flex-justify-content-flex-start fusion-content-layout-column\"><div class=\"fusion-text fusion-text-1\"><p>Von<strong> 6. bis 8. Mai, Berlin Euro Parlament<\/strong>\u00a0ist die m\u00f6glichst genaue Nachbildung der Arbeitsweise des Europ\u00e4ischen Parlaments in kleinem Ma\u00dfstab: Struktur, Arbeitsweise, Verfahren der verschiedenen Organe, Politik der Staaten, globale Probleme usw.<br class=\"autobr\" \/>In diesem umfangreichen Rollenspiel auf Deutsch, Englisch und Franz\u00f6sisch wird jedem Jugendlichen drei Tage lang die Rolle eines Europaabgeordneten mit seinem Land, seiner Partei und dem Ausschuss, in dem er Mitglied ist, anvertraut. In diesem Zusammenhang m\u00fcssen die Jugendlichen Entschlie\u00dfungen und Gesetze vorschlagen und verteidigen, die die Situation in Europa verbessern k\u00f6nnen.<br class=\"autobr\" \/>Die Themen werden ihnen mehrere Monate im Voraus angeboten, damit sie die n\u00f6tigen Recherchen anstellen k\u00f6nnen, um ihr Land, die Partei, die sie vertreten, und die Herausforderungen, an denen sie arbeiten werden, besser zu verstehen.<\/p>\n<\/div><\/div><\/div><div class=\"fusion-layout-column fusion_builder_column fusion-builder-column-2 fusion_builder_column_1_1 1_1 fusion-flex-column\" style=\"--awb-bg-size:cover;--awb-width-large:100%;--awb-margin-top-large:0px;--awb-spacing-right-large:1.92%;--awb-margin-bottom-large:20px;--awb-spacing-left-large:1.92%;--awb-width-medium:100%;--awb-order-medium:0;--awb-spacing-right-medium:1.92%;--awb-spacing-left-medium:1.92%;--awb-width-small:100%;--awb-order-small:0;--awb-spacing-right-small:1.92%;--awb-spacing-left-small:1.92%;\"><div class=\"fusion-column-wrapper fusion-column-has-shadow fusion-flex-justify-content-flex-start fusion-content-layout-column\"><div class=\"fusion-text fusion-text-2\"><p><strong>Anzahl der Teilnehmer :<\/strong><br \/>\n\u23e9 8 Schulen aus Deutschland, Gro\u00dfbritannien, \u00d6sterreich und Polen<br \/>\n\u23e9 250 Europaabgeordnete (Sch\u00fcler zwischen 14 und 17 Jahren)<br \/>\n\u23e9 2 Vorsitzende pro Ausschuss<\/p>\n<p><strong>Die Aussch\u00fcsse f\u00fcr die Sitzungsperiode 2024 :<\/strong><\/p>\n<p>\u23e9 AFET + DROI: Ausw\u00e4rtige Angelegenheiten und Verteidigung + Menschenrechte<br \/>\n\u23e9 ECON + FISC: Wirtschaftliche und monet\u00e4re Angelegenheiten + Steuerangelegenheiten<br \/>\n\u23e9 FEMM + TRAN: Rechte der Frau und Gleichstellung der Geschlechter + Verkehr und Tourismus<br \/>\n\u23e9 AGRI + SANT: Landwirtschaft und l\u00e4ndliche Entwicklung + Gesundheit<br \/>\n\u23e9 ENVI + INTA: Umwelt, \u00f6ffentliche Gesundheit und Lebensmittelsicherheit + Internationaler Handel<\/p>\n<p><strong>Die Ziele des Projekts :\u00a0<\/strong><\/p>\n<p><strong>1) Die Funktionsweise und die Rolle der Europ\u00e4ischen Union und der europ\u00e4ischen Institutionen besser kennenlernen<\/strong><br class=\"autobr\" \/>In einem gro\u00dfen f\u00e4cher\u00fcbergreifenden Rollenspiel, das die Funktionsweise des Europ\u00e4ischen Parlaments simuliert, wollen wir Mittel- und Oberstufensch\u00fcler aus lokalen und internationalen Schulen und ihre Lehrer zusammenbringen.<\/p>\n<p><strong>2) Die Herausforderungen von heute und morgen bekannt und verst\u00e4ndlich machen<\/strong><br class=\"autobr\" \/>Die Konferenz erm\u00f6glicht den Teilnehmern einen konkreten und realistischen Einblick in wichtige europ\u00e4ische Themen.<\/p>\n<p><strong>3) eine echte Unionsb\u00fcrgerschaft entwickeln, indem die Europ\u00e4ische Union zug\u00e4nglicher und verst\u00e4ndlicher gemacht wird<\/strong><br class=\"autobr\" \/>Jungen Menschen die M\u00f6glichkeit bieten, ihren Horizont zu erweitern, sich zu treffen und Ideen auszutauschen.<\/p>\n<p><strong>4) Entwicklung der schriftlichen und m\u00fcndlichen Kommunikationsf\u00e4higkeiten junger Menschen sowie des mehrsprachigen und multikulturellen Austauschs<\/strong><br class=\"autobr\" \/>Die Konferenz erm\u00f6glicht es, Sch\u00fclerinnen und Sch\u00fcler aller Sprachen und Kulturen, die an unseren Schulen unterrichtet werden, zu w\u00fcrdigen und die Sprachen (Franz\u00f6sisch, Spanisch und Englisch) aufzuwerten.<\/p>\n<p><strong>Die Rolle des Sch\u00fclers :<\/strong><\/p>\n<p><strong>Europaabgeordnete :<\/strong><br \/>\n\u23e9 Informieren sich \u00fcber den Europaabgeordneten, den sie vertreten, sein Land, seine Partei und die Themen des Ausschusses;<br \/>\n\u23e9 Bereiten einen Entwurf f\u00fcr einen Gesetzgebungsakt zu einem der Themen des Ausschusses vor ;<br \/>\n\u23e9 W\u00e4hrend der Ausschusssitzung debattieren sie mit anderen Abgeordneten, verfassen gemeinsame Vorschl\u00e4ge oder \u00c4nderungsantr\u00e4ge, pr\u00e4sentieren und verteidigen ihre Vorschl\u00e4ge w\u00e4hrend der Debatte im Ausschuss (und im Plenum, wenn der Text von der Kommission gebilligt wird).<\/p>\n<p><strong>Die Ausschussvorsitzenden :<\/strong><br \/>\n\u23e9 Unterst\u00fctzen die Europaabgeordneten ihres Ausschusses beim Verfassen von Vorschl\u00e4gen und \u00c4nderungsantr\u00e4gen.<br \/>\n\u23e9 Moderieren Sie die Debatten in den Aussch\u00fcssen ;<\/p>\n<p><strong>Fraktionsvorsitzende :<\/strong><br \/>\n\u23e9 Stellen die politischen Ideen ihrer Gruppe in einer Er\u00f6ffnungsrede vor ;<br \/>\n\u23e9 Betreuen und leiten die Europaabgeordneten in den Aussch\u00fcssen und w\u00e4hrend der Plenarsitzung an.<\/p>\n<p><strong>Die wichtigsten entwickelten F\u00e4higkeiten :<br \/>\n<\/strong>\u23e9 Beherrschung der Funktionsweise der Europ\u00e4ischen Union<br \/>\n\u23e9 Kenntnis der 27 Mitgliedsl\u00e4nder der Europ\u00e4ischen Union<br \/>\n\u23e9 Informationsbeschaffung und Nachrichtenanalyse<br \/>\n\u23e9 Schreiben in einem formalen Rahmen<br \/>\n\u23e9 \u00d6ffentliches Reden<br \/>\n\u23e9 Debatte, Verhandlung, Konsensfindung<\/p>\n<p>Finden Sie alle Informationen \u00fcber das Berliner Euro Parlament <strong><a href=\"https:\/\/www.fg-berlin.eu\/BERLIN-EURO-PARLEMENT-6-7-8-mai-2024\">hier<\/a><\/strong>.<\/p>\n<\/div><\/div><\/div><\/div><\/div>","protected":false},"excerpt":{"rendered":"","protected":false},"author":1,"featured_media":0,"parent":0,"menu_order":40,"comment_status":"closed","ping_status":"closed","template":"","meta":{"footnotes":""},"class_list":["post-2703","page","type-page","status-publish","hentry"],"_links":{"self":[{"href":"https:\/\/aefe-zeco.net\/de\/wp-json\/wp\/v2\/pages\/2703","targetHints":{"allow":["GET"]}}],"collection":[{"href":"https:\/\/aefe-zeco.net\/de\/wp-json\/wp\/v2\/pages"}],"about":[{"href":"https:\/\/aefe-zeco.net\/de\/wp-json\/wp\/v2\/types\/page"}],"author":[{"embeddable":true,"href":"https:\/\/aefe-zeco.net\/de\/wp-json\/wp\/v2\/users\/1"}],"replies":[{"embeddable":true,"href":"https:\/\/aefe-zeco.net\/de\/wp-json\/wp\/v2\/comments?post=2703"}],"version-history":[{"count":7,"href":"https:\/\/aefe-zeco.net\/de\/wp-json\/wp\/v2\/pages\/2703\/revisions"}],"predecessor-version":[{"id":2919,"href":"https:\/\/aefe-zeco.net\/de\/wp-json\/wp\/v2\/pages\/2703\/revisions\/2919"}],"wp:attachment":[{"href":"https:\/\/aefe-zeco.net\/de\/wp-json\/wp\/v2\/media?parent=2703"}],"curies":[{"name":"wp","href":"https:\/\/api.w.org\/{rel}","templated":true}]}}