{"id":2058,"date":"2024-01-26T12:45:00","date_gmt":"2024-01-26T11:45:00","guid":{"rendered":"https:\/\/aefe-zeco.net\/?page_id=2058"},"modified":"2025-04-10T08:54:31","modified_gmt":"2025-04-10T06:54:31","slug":"communiquer-sexprimer-a-lecrit-et-a-loral-dans-toutes-les-disciplines-cloned","status":"publish","type":"page","link":"https:\/\/aefe-zeco.net\/de\/les-formations-passees\/communiquer-sexprimer-a-lecrit-et-a-loral-dans-toutes-les-disciplines-cloned\/","title":{"rendered":"Philosophie unterrichten in ZECO &amp; ZENOS"},"content":{"rendered":"<p><div class=\"fusion-fullwidth fullwidth-box fusion-builder-row-1 fusion-flex-container has-pattern-background has-mask-background nonhundred-percent-fullwidth non-hundred-percent-height-scrolling\" style=\"--awb-border-radius-top-left:0px;--awb-border-radius-top-right:0px;--awb-border-radius-bottom-right:0px;--awb-border-radius-bottom-left:0px;--awb-flex-wrap:wrap;\" ><div class=\"fusion-builder-row fusion-row fusion-flex-align-items-flex-start fusion-flex-content-wrap\" style=\"max-width:1248px;margin-left: calc(-4% \/ 2 );margin-right: calc(-4% \/ 2 );\"><div class=\"fusion-layout-column fusion_builder_column fusion-builder-column-0 fusion_builder_column_1_1 1_1 fusion-flex-column\" style=\"--awb-bg-size:cover;--awb-width-large:100%;--awb-margin-top-large:0px;--awb-spacing-right-large:1.92%;--awb-margin-bottom-large:20px;--awb-spacing-left-large:1.92%;--awb-width-medium:100%;--awb-order-medium:0;--awb-spacing-right-medium:1.92%;--awb-spacing-left-medium:1.92%;--awb-width-small:100%;--awb-order-small:0;--awb-spacing-right-small:1.92%;--awb-spacing-left-small:1.92%;\"><div class=\"fusion-column-wrapper fusion-column-has-shadow fusion-flex-justify-content-flex-start fusion-content-layout-column\"><div class=\"fusion-text fusion-text-1\"><p><span style=\"color: #b70e7f;\"><strong>Philosophie unterrichten in ZECO &amp; ZENOS<br \/>\n(4 Teilnehmer)<\/strong><\/span><\/p>\n<\/div><div class=\"fusion-separator fusion-full-width-sep\" style=\"align-self: center;margin-left: auto;margin-right: auto;width:100%;\"><div class=\"fusion-separator-border sep-single sep-solid\" style=\"--awb-height:20px;--awb-amount:20px;border-color:#e0dede;border-top-width:3px;\"><\/div><\/div><\/div><\/div><\/div><\/div><div class=\"fusion-fullwidth fullwidth-box fusion-builder-row-2 fusion-flex-container has-pattern-background has-mask-background nonhundred-percent-fullwidth non-hundred-percent-height-scrolling\" style=\"--awb-border-radius-top-left:0px;--awb-border-radius-top-right:0px;--awb-border-radius-bottom-right:0px;--awb-border-radius-bottom-left:0px;--awb-flex-wrap:wrap;\" ><div class=\"fusion-builder-row fusion-row fusion-flex-align-items-flex-start fusion-flex-content-wrap\" style=\"max-width:1248px;margin-left: calc(-4% \/ 2 );margin-right: calc(-4% \/ 2 );\"><div class=\"fusion-layout-column fusion_builder_column fusion-builder-column-1 fusion_builder_column_3_4 3_4 fusion-flex-column\" style=\"--awb-bg-size:cover;--awb-width-large:75%;--awb-margin-top-large:0px;--awb-spacing-right-large:2.56%;--awb-margin-bottom-large:20px;--awb-spacing-left-large:2.56%;--awb-width-medium:100%;--awb-order-medium:0;--awb-spacing-right-medium:1.92%;--awb-spacing-left-medium:1.92%;--awb-width-small:100%;--awb-order-small:0;--awb-spacing-right-small:1.92%;--awb-spacing-left-small:1.92%;\"><div class=\"fusion-column-wrapper fusion-column-has-shadow fusion-flex-justify-content-flex-start fusion-content-layout-column\"><div class=\"fusion-text fusion-text-2\"><p style=\"text-align: left;\"><strong>Ort :<\/strong> <span style=\"color: #b70d7f;\"><strong>Franz\u00f6sisches Gymnasium Jean Monnet<\/strong><\/span><br \/>\nAvenue du Lyc\u00e9e Fran\u00e7ais, 9<br \/>\n1180 Br\u00fcssel<br \/>\n<span style=\"color: #b70d7f;\"><a style=\"color: #b70d7f;\" href=\"https:\/\/www.lyceefrancais.be\/\"><strong>https:\/\/www.lyceefrancais.be\/<\/strong><\/a><\/span><\/p>\n<p><strong>Kontakt:<\/strong> Frau Victorine Hugot<\/p>\n<p><strong>Termine:<br \/>\nZeit 1 in asynchronem Fernunterricht : <\/strong>vom 11. Februar bis 10. M\u00e4rz<strong><b><br \/>\nZeit 2 in Pr\u00e4senz :\u00a0<\/b><\/strong>von Montag, den 11. M\u00e4rz um 9 Uhr bis Dienstag, den 12. M\u00e4rz um 16 Uhr<br \/>\n<strong>Zeit 3 in synchronem Fernunterricht :<\/strong> am 6. Mai von 9 bis 12 Uhr<\/p>\n<p><strong>Ausbilder :<\/strong> Herr Lo\u00efc Pinchon EF2D Philosophie ZENOS Lyc\u00e9e fran\u00e7ais Stendhal de Milan<\/p>\n<\/div><\/div><\/div><div class=\"fusion-layout-column fusion_builder_column fusion-builder-column-2 fusion_builder_column_1_4 1_4 fusion-flex-column\" style=\"--awb-bg-size:cover;--awb-width-large:25%;--awb-margin-top-large:0px;--awb-spacing-right-large:7.68%;--awb-margin-bottom-large:20px;--awb-spacing-left-large:7.68%;--awb-width-medium:100%;--awb-order-medium:0;--awb-spacing-right-medium:1.92%;--awb-spacing-left-medium:1.92%;--awb-width-small:100%;--awb-order-small:0;--awb-spacing-right-small:1.92%;--awb-spacing-left-small:1.92%;\"><div class=\"fusion-column-wrapper fusion-column-has-shadow fusion-flex-justify-content-flex-start fusion-content-layout-column\"><div class=\"fusion-image-element\" style=\"--awb-caption-title-font-family:var(--h2_typography-font-family);--awb-caption-title-font-weight:var(--h2_typography-font-weight);--awb-caption-title-font-style:var(--h2_typography-font-style);--awb-caption-title-size:var(--h2_typography-font-size);--awb-caption-title-transform:var(--h2_typography-text-transform);--awb-caption-title-line-height:var(--h2_typography-line-height);--awb-caption-title-letter-spacing:var(--h2_typography-letter-spacing);\"><span class=\"fusion-imageframe imageframe-none imageframe-1 hover-type-none\"><img decoding=\"async\" width=\"600\" height=\"254\" title=\"logo Br\u00fcssel\" src=\"https:\/\/aefe-zeco.net\/wp-content\/uploads\/2023\/02\/logo-Bruxelles.png\" data-orig-src=\"https:\/\/aefe-zeco.net\/wp-content\/uploads\/2023\/02\/logo-Bruxelles.png\" alt class=\"lazyload img-responsive wp-image-381\" srcset=\"data:image\/svg+xml,%3Csvg%20xmlns%3D%27http%3A%2F%2Fwww.w3.org%2F2000%2Fsvg%27%20width%3D%27600%27%20height%3D%27254%27%20viewBox%3D%270%200%20600%20254%27%3E%3Crect%20width%3D%27600%27%20height%3D%27254%27%20fill-opacity%3D%220%22%2F%3E%3C%2Fsvg%3E\" data-srcset=\"https:\/\/aefe-zeco.net\/wp-content\/uploads\/2023\/02\/logo-Bruxelles-200x85.png 200w, https:\/\/aefe-zeco.net\/wp-content\/uploads\/2023\/02\/logo-Bruxelles-400x169.png 400w, https:\/\/aefe-zeco.net\/wp-content\/uploads\/2023\/02\/logo-Bruxelles.png 600w\" data-sizes=\"auto\" data-orig-sizes=\"(max-width: 1024px) 100vw, (max-width: 640px) 100vw, 400px\" \/><\/span><\/div><\/div><\/div><\/div><\/div><\/p>","protected":false},"excerpt":{"rendered":"","protected":false},"author":1,"featured_media":0,"parent":1132,"menu_order":129,"comment_status":"closed","ping_status":"closed","template":"","meta":{"footnotes":""},"class_list":["post-2058","page","type-page","status-publish","hentry"],"_links":{"self":[{"href":"https:\/\/aefe-zeco.net\/de\/wp-json\/wp\/v2\/pages\/2058","targetHints":{"allow":["GET"]}}],"collection":[{"href":"https:\/\/aefe-zeco.net\/de\/wp-json\/wp\/v2\/pages"}],"about":[{"href":"https:\/\/aefe-zeco.net\/de\/wp-json\/wp\/v2\/types\/page"}],"author":[{"embeddable":true,"href":"https:\/\/aefe-zeco.net\/de\/wp-json\/wp\/v2\/users\/1"}],"replies":[{"embeddable":true,"href":"https:\/\/aefe-zeco.net\/de\/wp-json\/wp\/v2\/comments?post=2058"}],"version-history":[{"count":4,"href":"https:\/\/aefe-zeco.net\/de\/wp-json\/wp\/v2\/pages\/2058\/revisions"}],"predecessor-version":[{"id":2511,"href":"https:\/\/aefe-zeco.net\/de\/wp-json\/wp\/v2\/pages\/2058\/revisions\/2511"}],"up":[{"embeddable":true,"href":"https:\/\/aefe-zeco.net\/de\/wp-json\/wp\/v2\/pages\/1132"}],"wp:attachment":[{"href":"https:\/\/aefe-zeco.net\/de\/wp-json\/wp\/v2\/media?parent=2058"}],"curies":[{"name":"wp","href":"https:\/\/api.w.org\/{rel}","templated":true}]}}