{"id":2006,"date":"2024-01-19T11:56:01","date_gmt":"2024-01-19T10:56:01","guid":{"rendered":"https:\/\/aefe-zeco.net\/?page_id=2006"},"modified":"2025-03-21T16:33:40","modified_gmt":"2025-03-21T15:33:40","slug":"concours-de-discours-et-de-rhetorique-2024","status":"publish","type":"page","link":"https:\/\/aefe-zeco.net\/de\/concours-de-discours-et-de-rhetorique-2024\/","title":{"rendered":"Rede- und Rhetorikwettbewerb 2024"},"content":{"rendered":"<div class=\"fusion-fullwidth fullwidth-box fusion-builder-row-1 fusion-flex-container has-pattern-background has-mask-background nonhundred-percent-fullwidth non-hundred-percent-height-scrolling\" style=\"--awb-border-radius-top-left:0px;--awb-border-radius-top-right:0px;--awb-border-radius-bottom-right:0px;--awb-border-radius-bottom-left:0px;--awb-flex-wrap:wrap;\" ><div class=\"fusion-builder-row fusion-row fusion-flex-align-items-flex-start fusion-flex-content-wrap\" style=\"max-width:1248px;margin-left: calc(-4% \/ 2 );margin-right: calc(-4% \/ 2 );\"><div class=\"fusion-layout-column fusion_builder_column fusion-builder-column-0 fusion_builder_column_1_1 1_1 fusion-flex-column\" style=\"--awb-bg-size:cover;--awb-width-large:100%;--awb-margin-top-large:0px;--awb-spacing-right-large:1.92%;--awb-margin-bottom-large:20px;--awb-spacing-left-large:1.92%;--awb-width-medium:100%;--awb-order-medium:0;--awb-spacing-right-medium:1.92%;--awb-spacing-left-medium:1.92%;--awb-width-small:100%;--awb-order-small:0;--awb-spacing-right-small:1.92%;--awb-spacing-left-small:1.92%;\"><div class=\"fusion-column-wrapper fusion-column-has-shadow fusion-flex-justify-content-flex-start fusion-content-layout-column\"><div class=\"fusion-text fusion-text-1\"><p><span style=\"color: #b70e7f;\"><strong>Die franz\u00f6sischen Gymnasien der Zone Mittel- und Osteuropa der AEFE organisieren den Wettbewerb f\u00fcr Reden und Rhetorik.<br \/>\n<\/strong><\/span><\/p>\n<hr \/>\n<\/div><\/div><\/div><div class=\"fusion-layout-column fusion_builder_column fusion-builder-column-1 fusion_builder_column_2_3 2_3 fusion-flex-column\" style=\"--awb-bg-size:cover;--awb-width-large:66.666666666667%;--awb-margin-top-large:0px;--awb-spacing-right-large:2.88%;--awb-margin-bottom-large:20px;--awb-spacing-left-large:2.88%;--awb-width-medium:100%;--awb-order-medium:0;--awb-spacing-right-medium:1.92%;--awb-spacing-left-medium:1.92%;--awb-width-small:100%;--awb-order-small:0;--awb-spacing-right-small:1.92%;--awb-spacing-left-small:1.92%;\"><div class=\"fusion-column-wrapper fusion-column-has-shadow fusion-flex-justify-content-flex-start fusion-content-layout-column\"><div class=\"fusion-text fusion-text-2\"><p>Der Wettbewerb ist offen f\u00fcr Klassen aus <strong>5. Klasse, 4. Klasse und 2.<\/strong> AEFE-Einrichtungen (franz\u00f6sische und deutsch-franz\u00f6sische) und Einrichtungen, die von den Organisatoren oder einem der Mitglieder nach Genehmigung der Gastschule eingeladen werden.<\/p>\n<p>Der Wettbewerb findet am Mittwoch statt <strong>15. Mai 2024<\/strong> unter <strong><span style=\"color: #5496cc;\">Lyc\u00e9e fran\u00e7ais international Simone Veil in D\u00fcsseldorf.<\/span><\/strong><\/p>\n<p>Jede angemeldete Schule darf pro Stufe maximal drei Bewerberinnen und Bewerber einreichen.<br \/>\nJeder Kandidat muss eine Rede vor Publikum und vor einer Jury aus der Schulgemeinschaft, die um externe G\u00e4ste erweitert wurde, halten. Die Themen der Reden sind frei w\u00e4hlbar. Die Dauer der Reden ist f\u00fcr jeden Kandidaten auf 3 Minuten f\u00fcr Sch\u00fcler der f\u00fcnften Klasse, 4 Minuten f\u00fcr Kandidaten der vierten Klasse und 6 Minuten f\u00fcr Kandidaten der zweiten Klasse begrenzt.<\/p>\n<p>Finden Sie <strong><a href=\"https:\/\/aefe-zeco.net\/wp-content\/uploads\/2024\/01\/Reglement-du-concours-de-discours-2024.pdf\">hier die Wettbewerbsregeln<\/a><\/strong>.<\/p>\n<p>Hier finden Sie die Ergebnisse des Redewettbewerbs 2024 <strong><a href=\"https:\/\/aefe-zeco.net\/de\/concours-de-discours-dusseldorf\/\">hier<\/a>.<\/strong><\/p>\n<\/div><\/div><\/div><div class=\"fusion-layout-column fusion_builder_column fusion-builder-column-2 fusion_builder_column_1_3 1_3 fusion-flex-column\" style=\"--awb-bg-size:cover;--awb-width-large:33.333333333333%;--awb-margin-top-large:0px;--awb-spacing-right-large:5.76%;--awb-margin-bottom-large:20px;--awb-spacing-left-large:5.76%;--awb-width-medium:100%;--awb-order-medium:0;--awb-spacing-right-medium:1.92%;--awb-spacing-left-medium:1.92%;--awb-width-small:100%;--awb-order-small:0;--awb-spacing-right-small:1.92%;--awb-spacing-left-small:1.92%;\"><div class=\"fusion-column-wrapper fusion-column-has-shadow fusion-flex-justify-content-flex-start fusion-content-layout-column\"><div class=\"fusion-image-element\" style=\"--awb-caption-title-font-family:var(--h2_typography-font-family);--awb-caption-title-font-weight:var(--h2_typography-font-weight);--awb-caption-title-font-style:var(--h2_typography-font-style);--awb-caption-title-size:var(--h2_typography-font-size);--awb-caption-title-transform:var(--h2_typography-text-transform);--awb-caption-title-line-height:var(--h2_typography-line-height);--awb-caption-title-letter-spacing:var(--h2_typography-letter-spacing);\"><span class=\"fusion-imageframe imageframe-none imageframe-1 hover-type-none\"><img decoding=\"async\" width=\"1280\" height=\"1692\" title=\"Redewettbewerb -D\u00fcsseldorf\" src=\"https:\/\/aefe-zeco.net\/wp-content\/uploads\/2024\/05\/Concours-de-discours-Dusseldorf.jpg\" data-orig-src=\"https:\/\/aefe-zeco.net\/wp-content\/uploads\/2024\/05\/Concours-de-discours-Dusseldorf.jpg\" alt class=\"lazyload img-responsive wp-image-2851\" srcset=\"data:image\/svg+xml,%3Csvg%20xmlns%3D%27http%3A%2F%2Fwww.w3.org%2F2000%2Fsvg%27%20width%3D%271280%27%20height%3D%271692%27%20viewBox%3D%270%200%201280%201692%27%3E%3Crect%20width%3D%271280%27%20height%3D%271692%27%20fill-opacity%3D%220%22%2F%3E%3C%2Fsvg%3E\" data-srcset=\"https:\/\/aefe-zeco.net\/wp-content\/uploads\/2024\/05\/Concours-de-discours-Dusseldorf-200x264.jpg 200w, https:\/\/aefe-zeco.net\/wp-content\/uploads\/2024\/05\/Concours-de-discours-Dusseldorf-400x529.jpg 400w, https:\/\/aefe-zeco.net\/wp-content\/uploads\/2024\/05\/Concours-de-discours-Dusseldorf-600x793.jpg 600w, https:\/\/aefe-zeco.net\/wp-content\/uploads\/2024\/05\/Concours-de-discours-Dusseldorf-800x1058.jpg 800w, https:\/\/aefe-zeco.net\/wp-content\/uploads\/2024\/05\/Concours-de-discours-Dusseldorf-1200x1586.jpg 1200w, https:\/\/aefe-zeco.net\/wp-content\/uploads\/2024\/05\/Concours-de-discours-Dusseldorf.jpg 1280w\" data-sizes=\"auto\" data-orig-sizes=\"(max-width: 1024px) 100vw, (max-width: 640px) 100vw, 400px\" \/><\/span><\/div><\/div><\/div><\/div><\/div>","protected":false},"excerpt":{"rendered":"","protected":false},"author":1,"featured_media":0,"parent":0,"menu_order":41,"comment_status":"closed","ping_status":"closed","template":"","meta":{"footnotes":""},"class_list":["post-2006","page","type-page","status-publish","hentry"],"_links":{"self":[{"href":"https:\/\/aefe-zeco.net\/de\/wp-json\/wp\/v2\/pages\/2006","targetHints":{"allow":["GET"]}}],"collection":[{"href":"https:\/\/aefe-zeco.net\/de\/wp-json\/wp\/v2\/pages"}],"about":[{"href":"https:\/\/aefe-zeco.net\/de\/wp-json\/wp\/v2\/types\/page"}],"author":[{"embeddable":true,"href":"https:\/\/aefe-zeco.net\/de\/wp-json\/wp\/v2\/users\/1"}],"replies":[{"embeddable":true,"href":"https:\/\/aefe-zeco.net\/de\/wp-json\/wp\/v2\/comments?post=2006"}],"version-history":[{"count":11,"href":"https:\/\/aefe-zeco.net\/de\/wp-json\/wp\/v2\/pages\/2006\/revisions"}],"predecessor-version":[{"id":2921,"href":"https:\/\/aefe-zeco.net\/de\/wp-json\/wp\/v2\/pages\/2006\/revisions\/2921"}],"wp:attachment":[{"href":"https:\/\/aefe-zeco.net\/de\/wp-json\/wp\/v2\/media?parent=2006"}],"curies":[{"name":"wp","href":"https:\/\/api.w.org\/{rel}","templated":true}]}}