{"id":20,"date":"2023-01-23T13:53:02","date_gmt":"2023-01-23T12:53:02","guid":{"rendered":"https:\/\/zeco.a34.net\/?page_id=20"},"modified":"2024-11-28T10:26:29","modified_gmt":"2024-11-28T09:26:29","slug":"mentions-legales","status":"publish","type":"page","link":"https:\/\/aefe-zeco.net\/de\/mentions-legales\/","title":{"rendered":"Rechtliche Hinweise"},"content":{"rendered":"<div class=\"fusion-fullwidth fullwidth-box fusion-builder-row-1 fusion-flex-container has-pattern-background has-mask-background nonhundred-percent-fullwidth non-hundred-percent-height-scrolling\" style=\"--awb-border-radius-top-left:0px;--awb-border-radius-top-right:0px;--awb-border-radius-bottom-right:0px;--awb-border-radius-bottom-left:0px;--awb-flex-wrap:wrap;\" ><div class=\"fusion-builder-row fusion-row fusion-flex-align-items-flex-start fusion-flex-content-wrap\" style=\"max-width:1248px;margin-left: calc(-4% \/ 2 );margin-right: calc(-4% \/ 2 );\"><div class=\"fusion-layout-column fusion_builder_column fusion-builder-column-0 fusion_builder_column_1_1 1_1 fusion-flex-column\" style=\"--awb-bg-size:cover;--awb-width-large:100%;--awb-margin-top-large:0px;--awb-spacing-right-large:1.92%;--awb-margin-bottom-large:20px;--awb-spacing-left-large:1.92%;--awb-width-medium:100%;--awb-order-medium:0;--awb-spacing-right-medium:1.92%;--awb-spacing-left-medium:1.92%;--awb-width-small:100%;--awb-order-small:0;--awb-spacing-right-small:1.92%;--awb-spacing-left-small:1.92%;\"><div class=\"fusion-column-wrapper fusion-column-has-shadow fusion-flex-justify-content-flex-start fusion-content-layout-column\"><div class=\"fusion-title title fusion-title-1 fusion-sep-none fusion-title-text fusion-title-size-one\"><h1 class=\"fusion-title-heading title-heading-left fusion-responsive-typography-calculated\" style=\"margin:0;--fontSize:34;line-height:1.2;\"><h1>Rechtliche Hinweise<\/h1><\/h1><\/div><div class=\"fusion-text fusion-text-1\"><p><strong>Herausgeber der Website:<\/strong><br \/>\nRegionales Ausbildungsinstitut f\u00fcr die Zone Mittel- und Osteuropa<br \/>\nFranz\u00f6sische Schule in direkter Verwaltung der AEFE (Agence de l'Enseignement Fran\u00e7ais \u00e0 l'\u00c9tranger - Agentur f\u00fcr franz\u00f6sische Bildung im Ausland)<br \/>\nBerlepschstra\u00dfe 3<br \/>\n81373 M\u00fcnchen<\/p>\n<p><strong>Kontakt:<\/strong><br \/>\nTel.: +49 89 721 00 70<br \/>\nEmail:\u00a0<a href=\"mailto:contact@lycee-jean-renoir.de\">contact@lycee-jean-renoir.de<\/a><\/p>\n<p><strong>Fotokredit :<br \/>\n<\/strong><\/p>\n<p id=\"tw-target-text\" class=\"tw-data-text tw-ta tw-text-medium\" dir=\"ltr\" data-placeholder=\"\u00dcbersetzung\"><strong><span lang=\"fr\">Beilegung von Streitigkeiten:<br \/>\n<\/span><\/strong>Die Europ\u00e4ische Kommission stellt eine Plattform f\u00fcr die Online-Streitbeilegung (OS) bereit, die hier verf\u00fcgbar ist.\u00a0<a href=\"https:\/\/ec.europa.eu\/consumers\/odr\/\" target=\"_blank\" rel=\"noopener\">https:\/\/ec.europa.eu\/consumers\/odr\/<\/a>.<br \/>\nWir sind nicht verpflichtet und nicht bereit, an einem Streitbeilegungsverfahren vor einer Verbraucherschlichtungsstelle teilzunehmen.<\/p>\n<p><strong>Verantwortung f\u00fcr den Inhalt:<br \/>\n<\/strong>Als Dienstanbieter sind wir f\u00fcr den Inhalt dieser Webseiten gem\u00e4\u00df der<strong>\u00a0<\/strong>\u00a7 7 Abs. 1 des deutschen Telemediengesetzes (TMG). Allerdings ist laut<strong>\u00a0<\/strong>\u00a7 8 bis 10 des deutschen Telemediengesetzes (TMG) sind Diensteanbieter nicht verpflichtet, die eingereichten oder gespeicherten Informationen st\u00e4ndig zu \u00fcberwachen oder nach Beweisen zu suchen, die auf illegale Aktivit\u00e4ten hinweisen.<\/p>\n<p>Gesetzliche Verpflichtungen zur Entfernung von Informationen oder zur Sperrung der Nutzung von Informationen bleiben unbestritten. Eine Haftung ist in diesem Fall erst ab dem Zeitpunkt der Kenntnis einer konkreten Rechtsverletzung m\u00f6glich. Rechtswidrige Inhalte werden bei Bekanntwerden unverz\u00fcglich entfernt.<\/p>\n<p><strong>Verantwortung f\u00fcr Links:<br \/>\n<\/strong>Unser Angebot enth\u00e4lt Links zu externen Webseiten Dritter. Da wir auf die Inhalte dieser Seiten keinen Einfluss haben, k\u00f6nnen wir f\u00fcr diese Inhalte auch keine Gew\u00e4hr \u00fcbernehmen. F\u00fcr die Inhalte der verlinkten Webseiten sind stets die jeweiligen Anbieter oder Betreiber der Seiten verantwortlich.<\/p>\n<p>Die verlinkten Websites wurden zum Zeitpunkt der Verlinkung auf m\u00f6gliche Rechtsverst\u00f6\u00dfe \u00fcberpr\u00fcft. Rechtswidrige Inhalte waren zum Zeitpunkt der Verlinkung nicht erkennbar. Eine st\u00e4ndige \u00dcberpr\u00fcfung der Inhalte der verlinkten Websites kann ohne vern\u00fcnftige Hinweise auf einen Rechtsversto\u00df nicht erzwungen werden. Rechtswidrige Links werden sofort entfernt, sobald wir davon Kenntnis erlangen.<\/p>\n<p><strong>Urheberrechte:<br \/>\n<\/strong>Die durch die Anbieter auf diesen Seiten ver\u00f6ffentlichten Inhalte und Zusammenstellungen unterliegen dem deutschen Urheberrecht. Die Vervielf\u00e4ltigung, Bearbeitung, Verbreitung sowie jede Art der Verwertung au\u00dferhalb der Grenzen des Urheberrechts bed\u00fcrfen der schriftlichen Zustimmung des jeweiligen Autors bzw. der jeweiligen Autorin. Downloads und Kopien dieser Webseiten sind nur f\u00fcr den privaten Gebrauch gestattet.<br \/>\nDie kommerzielle Nutzung unserer Inhalte ohne die Genehmigung des Autors ist untersagt.<\/p>\n<p>Die Urheberrechtsgesetze Dritter werden beachtet, solange der Inhalt dieser Seiten nicht vom Anbieter stammt. Beitr\u00e4ge Dritter auf dieser Seite sind als solche gekennzeichnet. Sollten Sie jedoch Verst\u00f6\u00dfe gegen das Urheberrecht bemerken, informieren Sie uns bitte. Diese Inhalte werden dann umgehend entfernt.<\/p>\n<\/div><\/div><\/div><\/div><\/div>","protected":false},"excerpt":{"rendered":"","protected":false},"author":1,"featured_media":0,"parent":0,"menu_order":61,"comment_status":"closed","ping_status":"closed","template":"","meta":{"footnotes":""},"class_list":["post-20","page","type-page","status-publish","hentry"],"_links":{"self":[{"href":"https:\/\/aefe-zeco.net\/de\/wp-json\/wp\/v2\/pages\/20","targetHints":{"allow":["GET"]}}],"collection":[{"href":"https:\/\/aefe-zeco.net\/de\/wp-json\/wp\/v2\/pages"}],"about":[{"href":"https:\/\/aefe-zeco.net\/de\/wp-json\/wp\/v2\/types\/page"}],"author":[{"embeddable":true,"href":"https:\/\/aefe-zeco.net\/de\/wp-json\/wp\/v2\/users\/1"}],"replies":[{"embeddable":true,"href":"https:\/\/aefe-zeco.net\/de\/wp-json\/wp\/v2\/comments?post=20"}],"version-history":[{"count":9,"href":"https:\/\/aefe-zeco.net\/de\/wp-json\/wp\/v2\/pages\/20\/revisions"}],"predecessor-version":[{"id":3140,"href":"https:\/\/aefe-zeco.net\/de\/wp-json\/wp\/v2\/pages\/20\/revisions\/3140"}],"wp:attachment":[{"href":"https:\/\/aefe-zeco.net\/de\/wp-json\/wp\/v2\/media?parent=20"}],"curies":[{"name":"wp","href":"https:\/\/api.w.org\/{rel}","templated":true}]}}