{"id":1527,"date":"2023-09-29T09:54:30","date_gmt":"2023-09-29T07:54:30","guid":{"rendered":"https:\/\/aefe-zeco.net\/?page_id=1527"},"modified":"2025-03-21T16:33:26","modified_gmt":"2025-03-21T15:33:26","slug":"concours-kamishibai-plurilingue","status":"publish","type":"page","link":"https:\/\/aefe-zeco.net\/de\/concours-kamishibai-plurilingue\/","title":{"rendered":"Mehrsprachiger Kamishibai-Wettbewerb 2023-2024"},"content":{"rendered":"<div class=\"fusion-fullwidth fullwidth-box fusion-builder-row-1 fusion-flex-container has-pattern-background has-mask-background nonhundred-percent-fullwidth non-hundred-percent-height-scrolling\" style=\"--awb-border-radius-top-left:0px;--awb-border-radius-top-right:0px;--awb-border-radius-bottom-right:0px;--awb-border-radius-bottom-left:0px;--awb-flex-wrap:wrap;\" ><div class=\"fusion-builder-row fusion-row fusion-flex-align-items-flex-start fusion-flex-content-wrap\" style=\"max-width:1248px;margin-left: calc(-4% \/ 2 );margin-right: calc(-4% \/ 2 );\"><div class=\"fusion-layout-column fusion_builder_column fusion-builder-column-0 fusion_builder_column_2_3 2_3 fusion-flex-column\" style=\"--awb-bg-size:cover;--awb-width-large:66.666666666667%;--awb-margin-top-large:0px;--awb-spacing-right-large:2.88%;--awb-margin-bottom-large:20px;--awb-spacing-left-large:2.88%;--awb-width-medium:100%;--awb-order-medium:0;--awb-spacing-right-medium:1.92%;--awb-spacing-left-medium:1.92%;--awb-width-small:100%;--awb-order-small:0;--awb-spacing-right-small:1.92%;--awb-spacing-left-small:1.92%;\"><div class=\"fusion-column-wrapper fusion-column-has-shadow fusion-flex-justify-content-flex-start fusion-content-layout-column\"><div class=\"fusion-text fusion-text-1\"><p><span style=\"color: #b70e7f;\"><strong>F\u00fcr das neue Schuljahr 2023\/2024 schl\u00e4gt Ihnen das IEN-B\u00fcro der Zone Mittel- und Osteuropa in Partnerschaft mit dem franz\u00f6sischen Verein Dulala vor, sich den Kami-News anzuschlie\u00dfen, die an diesem mehrsprachigen Geschichtenwettbewerb teilnehmen. Er richtet sich an alle Sch\u00fclerinnen und Sch\u00fcler unserer Zone vom Kindergarten bis zur Mittelschule.<br \/>\n<\/strong><\/span><\/p>\n<hr \/>\n<p><strong>\u00a0<\/strong><\/p>\n<\/div><\/div><\/div><div class=\"fusion-layout-column fusion_builder_column fusion-builder-column-1 fusion_builder_column_1_3 1_3 fusion-flex-column\" style=\"--awb-bg-size:cover;--awb-width-large:33.333333333333%;--awb-margin-top-large:0px;--awb-spacing-right-large:5.76%;--awb-margin-bottom-large:20px;--awb-spacing-left-large:5.76%;--awb-width-medium:100%;--awb-order-medium:0;--awb-spacing-right-medium:1.92%;--awb-spacing-left-medium:1.92%;--awb-width-small:100%;--awb-order-small:0;--awb-spacing-right-small:1.92%;--awb-spacing-left-small:1.92%;\"><div class=\"fusion-column-wrapper fusion-column-has-shadow fusion-flex-justify-content-flex-start fusion-content-layout-column\"><div class=\"fusion-image-element\" style=\"--awb-caption-title-font-family:var(--h2_typography-font-family);--awb-caption-title-font-weight:var(--h2_typography-font-weight);--awb-caption-title-font-style:var(--h2_typography-font-style);--awb-caption-title-size:var(--h2_typography-font-size);--awb-caption-title-transform:var(--h2_typography-text-transform);--awb-caption-title-line-height:var(--h2_typography-line-height);--awb-caption-title-letter-spacing:var(--h2_typography-letter-spacing);\"><span class=\"fusion-imageframe imageframe-none imageframe-1 hover-type-none\"><img decoding=\"async\" width=\"2000\" height=\"675\" title=\"Logo Kamilala Banner(1)\" src=\"https:\/\/aefe-zeco.net\/wp-content\/uploads\/2023\/09\/Logo-Kamilala-banniere1-scaled.jpg\" data-orig-src=\"https:\/\/aefe-zeco.net\/wp-content\/uploads\/2023\/09\/Logo-Kamilala-banniere1-scaled.jpg\" alt class=\"lazyload img-responsive wp-image-1528\" srcset=\"data:image\/svg+xml,%3Csvg%20xmlns%3D%27http%3A%2F%2Fwww.w3.org%2F2000%2Fsvg%27%20width%3D%272000%27%20height%3D%27675%27%20viewBox%3D%270%200%202000%20675%27%3E%3Crect%20width%3D%272000%27%20height%3D%27675%27%20fill-opacity%3D%220%22%2F%3E%3C%2Fsvg%3E\" data-srcset=\"https:\/\/aefe-zeco.net\/wp-content\/uploads\/2023\/09\/Logo-Kamilala-banniere1-200x68.jpg 200w, https:\/\/aefe-zeco.net\/wp-content\/uploads\/2023\/09\/Logo-Kamilala-banniere1-400x135.jpg 400w, https:\/\/aefe-zeco.net\/wp-content\/uploads\/2023\/09\/Logo-Kamilala-banniere1-600x203.jpg 600w, https:\/\/aefe-zeco.net\/wp-content\/uploads\/2023\/09\/Logo-Kamilala-banniere1-800x270.jpg 800w, https:\/\/aefe-zeco.net\/wp-content\/uploads\/2023\/09\/Logo-Kamilala-banniere1-1200x405.jpg 1200w, https:\/\/aefe-zeco.net\/wp-content\/uploads\/2023\/09\/Logo-Kamilala-banniere1-scaled.jpg 2000w\" data-sizes=\"auto\" data-orig-sizes=\"(max-width: 1024px) 100vw, (max-width: 640px) 100vw, 400px\" \/><\/span><\/div><\/div><\/div><div class=\"fusion-layout-column fusion_builder_column fusion-builder-column-2 fusion_builder_column_1_1 1_1 fusion-flex-column\" style=\"--awb-bg-size:cover;--awb-width-large:100%;--awb-margin-top-large:0px;--awb-spacing-right-large:1.92%;--awb-margin-bottom-large:20px;--awb-spacing-left-large:1.92%;--awb-width-medium:100%;--awb-order-medium:0;--awb-spacing-right-medium:1.92%;--awb-spacing-left-medium:1.92%;--awb-width-small:100%;--awb-order-small:0;--awb-spacing-right-small:1.92%;--awb-spacing-left-small:1.92%;\"><div class=\"fusion-column-wrapper fusion-column-has-shadow fusion-flex-justify-content-flex-start fusion-content-layout-column\"><div class=\"fusion-text fusion-text-2\"><p>Kamilala ist ein Wettbewerb der<strong><a href=\"https:\/\/dulala.fr\/lassociation\/\">franz\u00f6sische Assoziation Dulala<\/a><\/strong> in dem die Sch\u00fclerinnen und Sch\u00fcler mehrsprachige Geschichten erfinden m\u00fcssen, die Franz\u00f6sisch und mindestens drei Sprachen beinhalten. Die Kreationen werden in Form von Kamishibai, einem aus Japan stammenden Papiertheater, aufgef\u00fchrt.<br \/>\nBei dieser Erz\u00e4hltechnik werden Geschichten erz\u00e4hlt, indem illustrierte Bildtafeln in ein Kastellet namens Butai geschoben werden. Jede Tafel stellt eine Episode der Geschichte dar: Auf der Vorderseite befindet sich das Bild, auf der R\u00fcckseite ein kurzer und einfacher Text, der in mehreren Sprachen verfasst und gesprochen wird.<br \/>\nDas mehrsprachige Kamishibai ist ein spielerisches und kreatives Mittel zum Erz\u00e4hlen von Geschichten sowie ein p\u00e4dagogisches Instrument, um das Lesen, Schreiben, Sprechen und k\u00fcnstlerische Ausdrucksf\u00e4higkeit zu f\u00f6rdern, aber auch, um sich f\u00fcr Sprachen und Kulturen der Welt zu \u00f6ffnen.<br \/>\nDieser Ansatz erm\u00f6glicht die Wertsch\u00e4tzung aller Sprachen der Kinder (Schulsprachen, Familiensprachen, lokale Sprachen).<\/p>\n<p style=\"text-align: left;\">Der Kamilala-Wettbewerb der Zone Mittel- und Osteuropa (<a href=\"https:\/\/kamilala.org\/partner\/aefe-zeco\/\"><strong>www.kamilala.org\/partner\/aefe-zeco\/<\/strong><\/a>) richtet sich an alle Sch\u00fclerinnen und Sch\u00fcler unserer Schulen, einschlie\u00dflich derjenigen, die die Schulsprache(n) noch erwerben.<br \/>\nDas Thema des Wettbewerbs f\u00fcr das Jahr 2023-2024 lautet : <strong>\"Allein geht es schneller, gemeinsam geht es weiter!\".<br \/>\n<\/strong><strong>Um teilzunehmen, <\/strong>m\u00fcssen Sie Ihre Klasse\/Gruppe anmelden<strong> bis zum 31. Oktober 2023 <\/strong>und erstellen Sie dann Ihre Geschichte in Form eines Kamishibai.\u00a0\u00a0\u00a0<strong><br \/>\n<\/strong><\/p>\n<p>Je nach Ihren Bed\u00fcrfnissen finden einst\u00fcndige Ferngespr\u00e4che statt, bei denen Sie sich \u00fcber den Fortschritt Ihres Projekts austauschen und Antworten auf Ihre Fragen finden k\u00f6nnen, und zwar an folgenden Terminen<strong> 5. Oktober 2023 <\/strong>von 15:30 bis 16:30 Uhr<strong> 15. Februar 2024 <\/strong>von 15:30 bis 16:30 Uhr und<strong> 07. M\u00e4rz 2024 <\/strong>von 15:30 bis 16:30 Uhr (finden Sie die Pr\u00e4sentation dieser Treffen <strong><a href=\"https:\/\/aefe-zeco.net\/wp-content\/uploads\/2023\/10\/Webinaire-du-5-octobre-2024-Concours-Kamishibai.pdf\">hier<\/a><\/strong>).<\/p>\n<p>Sie finden in der <strong><a href=\"https:\/\/aefe-zeco.net\/wp-content\/uploads\/2023\/09\/Reglement-concours-Kamishibai-ZECO.pdf\">Wettbewerbsregeln<\/a><\/strong> alle praktischen Modalit\u00e4ten bez\u00fcglich der Erstellung von Kamishibai, der Einsendung der Produktionen, des Formats...<\/p>\n<p>Einreichung der Produktionen unter folgendem Link bis zum 31. M\u00e4rz <strong><a href=\"https:\/\/digipad.app\/p\/503242\/b07352fee769c\">Ihre mehrsprachigen Kamishibai-Kreationen ZECO 2023-2024<\/a><\/strong><\/p>\n<p>Um alle Kreationen und Preistr\u00e4ger der letzten beiden Ausgaben des Wettbewerbs Institut fran\u00e7ais Deutschland zu finden, an dem die in Deutschland ans\u00e4ssigen Schulen unserer Zone teilgenommen haben :\u00a0<a href=\"https:\/\/padlet.com\/nathaliejeudykarakoc\/fabuleuses-cr-ations-kamishibai-en-zeco-hem5cbrfgtt013g7\"><strong>fabelhafte Kamishibai-Kreationen in ZECO<\/strong><\/a><\/p>\n<\/div><\/div><\/div><\/div><\/div>","protected":false},"excerpt":{"rendered":"","protected":false},"author":1,"featured_media":0,"parent":0,"menu_order":39,"comment_status":"closed","ping_status":"closed","template":"","meta":{"footnotes":""},"class_list":["post-1527","page","type-page","status-publish","hentry"],"_links":{"self":[{"href":"https:\/\/aefe-zeco.net\/de\/wp-json\/wp\/v2\/pages\/1527","targetHints":{"allow":["GET"]}}],"collection":[{"href":"https:\/\/aefe-zeco.net\/de\/wp-json\/wp\/v2\/pages"}],"about":[{"href":"https:\/\/aefe-zeco.net\/de\/wp-json\/wp\/v2\/types\/page"}],"author":[{"embeddable":true,"href":"https:\/\/aefe-zeco.net\/de\/wp-json\/wp\/v2\/users\/1"}],"replies":[{"embeddable":true,"href":"https:\/\/aefe-zeco.net\/de\/wp-json\/wp\/v2\/comments?post=1527"}],"version-history":[{"count":19,"href":"https:\/\/aefe-zeco.net\/de\/wp-json\/wp\/v2\/pages\/1527\/revisions"}],"predecessor-version":[{"id":3087,"href":"https:\/\/aefe-zeco.net\/de\/wp-json\/wp\/v2\/pages\/1527\/revisions\/3087"}],"wp:attachment":[{"href":"https:\/\/aefe-zeco.net\/de\/wp-json\/wp\/v2\/media?parent=1527"}],"curies":[{"name":"wp","href":"https:\/\/api.w.org\/{rel}","templated":true}]}}